{"id":9799,"date":"2022-02-01T18:05:07","date_gmt":"2022-02-01T17:05:07","guid":{"rendered":"https:\/\/www.freie-berufe.de\/?page_id=9799"},"modified":"2023-11-22T16:06:00","modified_gmt":"2023-11-22T15:06:00","slug":"jahresschwerpunkt-2022","status":"publish","type":"page","link":"https:\/\/bfb.pantamedia.de\/wordpress\/jahresschwerpunkt-2022\/","title":{"rendered":"Jahresschwerpunkt 2022"},"content":{"rendered":"<p><a href=\"https:\/\/www.freie-berufe.de\/gruendungsdynamik-staerken-nachfolge-sichern\/\">Gr\u00fcndungsdynamik st\u00e4rken \u2013 Nachfolge sichern<\/a><\/p>\n<p>Weiterf\u00fchrende Informationen<\/p>\n<ul>\n<li><a href=\"https:\/\/www.freie-berufe.de\/gruendung\/\">Gr\u00fcndung<\/a><\/li>\n<li><a href=\"https:\/\/www.freie-berufe.de\/gruendung\/finanzierung\/\">Finanzierung und Kreditw\u00e4hrung<\/a><\/li>\n<li><a href=\"https:\/\/www.freie-berufe.de\/gruendung\/foerderprogramme\/\">F\u00f6rderprogramme<\/a><\/li>\n<li><a href=\"https:\/\/www.freie-berufe.de\/gruendung\/initiative-nexxt\/\">Initiative nexxt<\/a><\/li>\n<\/ul>\n","protected":false},"excerpt":{"rendered":"<p>Gr\u00fcndungsdynamik st\u00e4rken \u2013 Nachfolge sichern Weiterf\u00fchrende Informationen Gr\u00fcndung Finanzierung und Kreditw\u00e4hrung F\u00f6rderprogramme Initiative nexxt<\/p>\n","protected":false},"author":674,"featured_media":0,"parent":0,"menu_order":0,"comment_status":"closed","ping_status":"closed","template":"","meta":{"footnotes":""},"acf":[],"publishpress_future_action":{"enabled":false,"date":"1970-01-01 01:00:00","action":"","terms":[],"taxonomy":"","browser_timezone_offset":0},"_links":{"self":[{"href":"https:\/\/bfb.pantamedia.de\/wordpress\/wp-json\/wp\/v2\/pages\/9799"}],"collection":[{"href":"https:\/\/bfb.pantamedia.de\/wordpress\/wp-json\/wp\/v2\/pages"}],"about":[{"href":"https:\/\/bfb.pantamedia.de\/wordpress\/wp-json\/wp\/v2\/types\/page"}],"author":[{"embeddable":true,"href":"https:\/\/bfb.pantamedia.de\/wordpress\/wp-json\/wp\/v2\/users\/674"}],"replies":[{"embeddable":true,"href":"https:\/\/bfb.pantamedia.de\/wordpress\/wp-json\/wp\/v2\/comments?post=9799"}],"version-history":[{"count":10,"href":"https:\/\/bfb.pantamedia.de\/wordpress\/wp-json\/wp\/v2\/pages\/9799\/revisions"}],"predecessor-version":[{"id":12262,"href":"https:\/\/bfb.pantamedia.de\/wordpress\/wp-json\/wp\/v2\/pages\/9799\/revisions\/12262"}],"wp:attachment":[{"href":"https:\/\/bfb.pantamedia.de\/wordpress\/wp-json\/wp\/v2\/media?parent=9799"}],"curies":[{"name":"wp","href":"https:\/\/api.w.org\/{rel}","templated":true}]}}