{"id":97,"date":"2017-08-01T15:48:25","date_gmt":"2017-08-01T13:48:25","guid":{"rendered":"https:\/\/localhost\/et-minus-omnis-commodi-repudiandae-et\/forschung\/"},"modified":"2023-09-20T20:05:36","modified_gmt":"2023-09-20T18:05:36","slug":"forschung","status":"publish","type":"page","link":"https:\/\/bfb.pantamedia.de\/wordpress\/freie-berufe\/forschung\/","title":{"rendered":"Forschung"},"content":{"rendered":"<p>Der BFB arbeitet unter anderem mit folgenden Instituten zusammen:<\/p>\n<p>1. <a href=\"http:\/\/ifb.uni-erlangen.de\/\">Institut f\u00fcr Freie Berufe (IFB)<\/a><\/p>\n<p>2. <a href=\"http:\/\/www.ifb-nrw.de\/\">Institut f\u00fcr Freie Berufe NRW<\/a><\/p>\n<p>3. <a href=\"https:\/\/www.dice.hhu.de\/\">D\u00fcsseldorf Institute for Competition Economics (DICE)<\/a><\/p>\n<p>4. <a href=\"https:\/\/www.hs-fulda.de\/sozial-kulturwissenschaften\/ueber-uns\/professuren\/details\/person\/prof-dr-anne-schaefer-ma-1237\/contactBox\">Fachbereich Sozial- und Kulturwissenschaften der Hochschule Fulda<\/a><\/p>\n<p>5. <a href=\"http:\/\/www.ifm-bonn.org\">IfM Bonn<\/a><\/p>\n<p>6. <a href=\"http:\/\/www.euzfb.uni-koeln.de\/\">Europ\u00e4isches Zentrum f\u00fcr Freie Berufe (EUZFB)<\/a><\/p>\n<p>&nbsp;<\/p>\n<h2><strong>Kurzportr\u00e4ts der Forschungsinstitute<\/strong><\/h2>\n<h3>1. Institut f\u00fcr Freie Berufe an der Universit\u00e4t<br \/>\nN\u00fcrnberg-Erlangen <strong>(IFB)<\/strong><\/h3>\n<p>Ziel der Institutsarbeit ist die wissenschaftliche Forschung, Lehre und Vermittlung von Informationen \u00fcber Wesen und Bedeutung der Freien Berufe in Gesellschaft, Wirtschaft und Staat, und zwar f\u00fcr die Freien Berufe in Ihrer Gesamtheit wie auch f\u00fcr einzelne Berufsgruppen und Berufe.<\/p>\n<p>Dar\u00fcber hinaus befasst sich das Institut f\u00fcr Freie Berufe mit der Gr\u00fcndungsberatung und der Betreuung von Coachingma\u00dfnahmen f\u00fcr Freie Berufe.<\/p>\n<p>N\u00e4heres zum <strong>IFB<\/strong> erfahren Sie <a href=\"http:\/\/ifb.uni-erlangen.de\/\">hier<\/a>.<\/p>\n<p>&nbsp;<\/p>\n<h3>2. Institut Freier Berufe NRW<\/h3>\n<p>Ziel der Forschung ist es, mit Fokus auf den Freien Berufen den Prozess der digitalen Transformation und die wirtschaftlichen Auswirkungen wissenschaftlich zu untersuchen, um innovative Impulse f\u00fcr strategische Entscheidungen und erfolgreiche Entwicklungen zu geben. Ein Schwerpunkt der Forschungst\u00e4tigkeit ist der Einsatz von digitalen Systemen und K\u00fcnstlicher Intelligenz in den Freien Berufen.<\/p>\n<p>N\u00e4heres zum <strong>Institut Freier Berufe NRW<\/strong> erfahren Sie <a href=\"http:\/\/www.ifb-nrw.de\/\">hier<\/a>.<\/p>\n<p>&nbsp;<\/p>\n<h3>3. D\u00fcsseldorf Institute for Competition Economics<strong> (DICE)<\/strong><\/h3>\n<p>Ziel des DICE an der Heinrich-Heinrich-Universit\u00e4t D\u00fcsseldorf ist es, in Europa eine der f\u00fchrenden Institutionen in Forschung, Lehre und Wissenstransfer in wettbewerbs- und regulierungs\u00f6konomischen Fragen zu sein.<\/p>\n<p>N\u00e4heres zum <strong>DICE<\/strong> erfahren Sie <a href=\"https:\/\/www.dice.hhu.de\/\">hier<\/a>.<\/p>\n<p>&nbsp;<\/p>\n<h3>4. Fachbereich Sozial- und Kulturwissenschaften der Hochschule Fulda<\/h3>\n<p>Zu diesem Fachbereich der Hochschule Fulda ist der BFB \u00fcber Prof. Dr. Anne Sch\u00e4fer, M.A., vernetzt, die auch die Thematik \u201eRegulierung in den Freien Berufen\u201c beleuchtet.<\/p>\n<p>N\u00e4heres erfahren Sie <a href=\"https:\/\/www.hs-fulda.de\/sozial-kulturwissenschaften\/ueber-uns\/professuren\/details\/person\/prof-dr-anne-schaefer-ma-1237\/contactBox\">hier<\/a>.<\/p>\n<p>&nbsp;<\/p>\n<h3>5. IfM Bonn<\/h3>\n<p>Aufgabe des IfM Bonn ist es, die Lage, Entwicklung und Probleme des Mittelstands zu erforschen. Die Schwerpunkte der T\u00e4tigkeit liegen in den vier Programmbereichen (1) Mittelstandsstatistik\/Laufende Wirtschaftsbeobachtung, (2) Mittelstand, Gesellschaft und Staat, (3) Entwicklungsverl\u00e4ufe von mittelst\u00e4ndischen Unternehmen und (4) Strategische Unternehmensf\u00fchrung.<\/p>\n<p>Insbesondere in seinen Gr\u00fcndungsstatistiken weist das IfM Bonn die Freien Berufe explizit aus.<\/p>\n<p>N\u00e4heres zum <strong>IfM<\/strong> erfahren Sie <a href=\"http:\/\/www.ifm-bonn.org\">hier<\/a>.<\/p>\n<p>&nbsp;<\/p>\n<h3>6. Europ\u00e4isches Zentrum f\u00fcr Freie <strong>Berufe (EUZFB)<\/strong><\/h3>\n<p>Das Ende 2012 neu gegr\u00fcndete &#8222;Europ\u00e4isches Zentrum f\u00fcr Freie Berufe&#8220; der Universit\u00e4t zu K\u00f6ln ist eine fakult\u00e4ts\u00fcbergreifende Einrichtung der Universit\u00e4t, welches unter anderem der Frage nachgehen wird, ob sich die Sonderstellung der Freien Berufe auch k\u00fcnftig rechtfertigen l\u00e4sst. Dar\u00fcber hinaus geht es darum aufzuzeigen, wie sich freiberufliche T\u00e4tigkeit k\u00fcnftig entwickeln k\u00f6nnte sowie ob und gegebenenfalls wie sich die Stellung der Freien Berufe als Vertrauensberufe mit besonderen Gemeinwohlaufgaben in der Zukunft bewahren l\u00e4sst. Eines der ersten Projekte wird es sein, die Wirkungen von berufsrechtlichen Regulierungen aus \u00f6konomischer und juristischer Sicht vertiefend zu untersuchen.<\/p>\n<p>Das Zentrum wird im Kerngesch\u00e4ft durch das Land Nordrhein-Westfalen und durch die Universit\u00e4t K\u00f6ln finanziert und Drittmittel f\u00fcr Forschungsvorhaben einwerben.<\/p>\n<p>N\u00e4heres zum <strong>EUZFB<\/strong> erfahren Sie <a href=\"http:\/\/www.euzfb.uni-koeln.de\/\">hier<\/a>.<\/p>\n","protected":false},"excerpt":{"rendered":"<p>Der BFB arbeitet unter anderem mit folgenden Instituten zusammen: 1. Institut f\u00fcr Freie Berufe (IFB) 2. [&hellip;]<\/p>\n","protected":false},"author":674,"featured_media":0,"parent":30,"menu_order":9,"comment_status":"closed","ping_status":"closed","template":"","meta":{"footnotes":""},"acf":[],"publishpress_future_action":{"enabled":false,"date":"1970-01-01 01:00:00","action":"","terms":[],"taxonomy":"","browser_timezone_offset":0},"_links":{"self":[{"href":"https:\/\/bfb.pantamedia.de\/wordpress\/wp-json\/wp\/v2\/pages\/97"}],"collection":[{"href":"https:\/\/bfb.pantamedia.de\/wordpress\/wp-json\/wp\/v2\/pages"}],"about":[{"href":"https:\/\/bfb.pantamedia.de\/wordpress\/wp-json\/wp\/v2\/types\/page"}],"author":[{"embeddable":true,"href":"https:\/\/bfb.pantamedia.de\/wordpress\/wp-json\/wp\/v2\/users\/674"}],"replies":[{"embeddable":true,"href":"https:\/\/bfb.pantamedia.de\/wordpress\/wp-json\/wp\/v2\/comments?post=97"}],"version-history":[{"count":17,"href":"https:\/\/bfb.pantamedia.de\/wordpress\/wp-json\/wp\/v2\/pages\/97\/revisions"}],"predecessor-version":[{"id":2605,"href":"https:\/\/bfb.pantamedia.de\/wordpress\/wp-json\/wp\/v2\/pages\/97\/revisions\/2605"}],"up":[{"embeddable":true,"href":"https:\/\/bfb.pantamedia.de\/wordpress\/wp-json\/wp\/v2\/pages\/30"}],"wp:attachment":[{"href":"https:\/\/bfb.pantamedia.de\/wordpress\/wp-json\/wp\/v2\/media?parent=97"}],"curies":[{"name":"wp","href":"https:\/\/api.w.org\/{rel}","templated":true}]}}