{"id":95,"date":"2017-08-01T15:48:25","date_gmt":"2017-08-01T13:48:25","guid":{"rendered":"https:\/\/localhost\/et-minus-omnis-commodi-repudiandae-et\/profil\/"},"modified":"2023-07-11T13:56:48","modified_gmt":"2023-07-11T11:56:48","slug":"profil","status":"publish","type":"page","link":"https:\/\/bfb.pantamedia.de\/wordpress\/freie-berufe\/profil\/","title":{"rendered":"Profil"},"content":{"rendered":"<p>Freie Berufe erbringen Dienstleistungen, die nicht allein dem Individuum, sondern auch der Gesellschaft dienen.<\/p>\n<p>Die BFB-Mitgliederversammlung hat 1995 folgende Definition des \u201eFreien Berufs\u201c verabschiedet, die in ihren wesentlichen Punkten Eingang in die Legaldefinition des \u00a7 1 Abs. 2 S. 1 Partnerschaftsgesellschaftsgesetz sowie in die Rechtsprechung des Europ\u00e4ischen Gerichtshofs (EuGH) gefunden hat: &#8222;Die Freien Berufe haben im Allgemeinen auf der Grundlage besonderer beruflicher Qualifikation oder sch\u00f6pferischer Begabung die pers\u00f6nliche, eigenverantwortliche und fachlich unabh\u00e4ngige Erbringung von Dienstleistungen h\u00f6herer Art im Interesse der Auftraggeber und der Allgemeinheit zum Inhalt.&#8220;<\/p>\n<p><strong>Zur Charakteristik der Freien Berufe geh\u00f6ren daher:<\/strong><\/p>\n<ul>\n<li><strong>Professionalit\u00e4t<\/strong><br \/>\nIn unserer immer komplexeren Gesellschaft ben\u00f6tigen die Menschen zunehmend kompetente Unterst\u00fctzung. Die hochqualifizierten Freiberufler helfen, beraten und vertreten neutral und fachlich unabh\u00e4ngig.<\/li>\n<li><strong>Gemeinwohlverpflichtung<\/strong><br \/>\nDie Sicherung der Gesundheitsvorsorge, der Rechtsordnung und der Kultur liegt im Interesse aller B\u00fcrger. Die der Allgemeinheit verpflichteten Freiberuflerinnen und Freiberufler tragen daf\u00fcr besondere Sorge.<\/li>\n<li><strong>Selbstkontrolle<\/strong><br \/>\nPatientinnen, Mandanten, Klientinnen und Kunden erwarten pers\u00f6nliche Betreuung auf neuestem Kenntnisstand. Der hohe ethische Anspruch der Freiberuflerinnen und Freiberufler und ihre strenge Selbstkontrolle garantieren gesicherte Qualit\u00e4t.<\/li>\n<li><strong>Eigenverantwortlichkeit<\/strong><br \/>\nWer Verantwortung \u00fcbernimmt, schafft Vertrauen und sichert Wachstum. Allein die selbstst\u00e4ndigen Freiberuflerinnen und Freiberufler erwirtschaften 10,3 Prozent des Bruttoinlandsproduktes und besch\u00e4ftigen \u00fcber viereinhalb Millionen Mitarbeiter.<\/li>\n<\/ul>\n","protected":false},"excerpt":{"rendered":"<p>Freie Berufe erbringen Dienstleistungen, die nicht allein dem Individuum, sondern auch der Gesellschaft dienen. Die BFB-Mitgliederversammlung [&hellip;]<\/p>\n","protected":false},"author":674,"featured_media":0,"parent":30,"menu_order":7,"comment_status":"closed","ping_status":"closed","template":"","meta":{"footnotes":""},"acf":[],"publishpress_future_action":{"enabled":false,"date":"1970-01-01 01:00:00","action":"","terms":[],"taxonomy":"","browser_timezone_offset":0},"_links":{"self":[{"href":"https:\/\/bfb.pantamedia.de\/wordpress\/wp-json\/wp\/v2\/pages\/95"}],"collection":[{"href":"https:\/\/bfb.pantamedia.de\/wordpress\/wp-json\/wp\/v2\/pages"}],"about":[{"href":"https:\/\/bfb.pantamedia.de\/wordpress\/wp-json\/wp\/v2\/types\/page"}],"author":[{"embeddable":true,"href":"https:\/\/bfb.pantamedia.de\/wordpress\/wp-json\/wp\/v2\/users\/674"}],"replies":[{"embeddable":true,"href":"https:\/\/bfb.pantamedia.de\/wordpress\/wp-json\/wp\/v2\/comments?post=95"}],"version-history":[{"count":10,"href":"https:\/\/bfb.pantamedia.de\/wordpress\/wp-json\/wp\/v2\/pages\/95\/revisions"}],"predecessor-version":[{"id":11871,"href":"https:\/\/bfb.pantamedia.de\/wordpress\/wp-json\/wp\/v2\/pages\/95\/revisions\/11871"}],"up":[{"embeddable":true,"href":"https:\/\/bfb.pantamedia.de\/wordpress\/wp-json\/wp\/v2\/pages\/30"}],"wp:attachment":[{"href":"https:\/\/bfb.pantamedia.de\/wordpress\/wp-json\/wp\/v2\/media?parent=95"}],"curies":[{"name":"wp","href":"https:\/\/api.w.org\/{rel}","templated":true}]}}