{"id":89,"date":"2017-08-01T15:48:25","date_gmt":"2017-08-01T13:48:25","guid":{"rendered":"https:\/\/localhost\/corrupti-doloribus-omnis-omnis-odio-omnis-aut\/bfb\/"},"modified":"2017-09-13T12:05:41","modified_gmt":"2017-09-13T10:05:41","slug":"bfb","status":"publish","type":"page","link":"https:\/\/bfb.pantamedia.de\/wordpress\/verband\/bfb\/","title":{"rendered":"BFB"},"content":{"rendered":"<p>Die Freien Berufe sind ein wirtschaftliches, gesellschaftliches und politisches Schwergewicht. Als Wachstumsmarke, Wirtschaftsfaktor und Arbeitgeber gewinnen sie kontinuierlich an Bedeutung.<\/p>\n<p>Der Bundesverband der Freien Berufe e. V. (BFB) vertritt als einziger Spitzenverband der freiberuflichen Kammern und Verb\u00e4nde die Interessen der Freien Berufe in Deutschland. Die Gemeinwohlorientierung ist ein Alleinstellungsmerkmal der Freien Berufe.<\/p>\n<p>Der BFB tritt daf\u00fcr ein:<\/p>\n<ul>\n<li>gegen\u00fcber Bund, L\u00e4ndern und der \u00d6ffentlichkeit die Interessen der Freien Berufe zu vertreten und die Freien Berufe zu f\u00f6rdern;<\/li>\n<li>die ethischen und \u00f6konomischen Grundlagen der freien Berufsaus\u00fcbung zu sichern;<\/li>\n<li>eine qualifizierte Aus-, Weiter- und Fortbildung in den Freien Berufen zu f\u00f6rdern;<\/li>\n<li>den Einfluss der Freien Berufe in Staat und Gesellschaft zu st\u00e4rken;<\/li>\n<li>die Beziehungen der Freien Berufe untereinander zu pflegen;<\/li>\n<li>zu verdeutlichen, dass die Freie Berufe letztlich Verbraucherschutz f\u00fcr die B\u00fcrger leisten.<\/li>\n<\/ul>\n","protected":false},"excerpt":{"rendered":"<p>Die Freien Berufe sind ein wirtschaftliches, gesellschaftliches und politisches Schwergewicht. Als Wachstumsmarke, Wirtschaftsfaktor und Arbeitgeber gewinnen [&hellip;]<\/p>\n","protected":false},"author":674,"featured_media":0,"parent":12,"menu_order":1,"comment_status":"closed","ping_status":"closed","template":"","meta":{"footnotes":""},"acf":[],"publishpress_future_action":{"enabled":false,"date":"1970-01-01 01:00:00","action":"","terms":[],"taxonomy":"","browser_timezone_offset":0},"_links":{"self":[{"href":"https:\/\/bfb.pantamedia.de\/wordpress\/wp-json\/wp\/v2\/pages\/89"}],"collection":[{"href":"https:\/\/bfb.pantamedia.de\/wordpress\/wp-json\/wp\/v2\/pages"}],"about":[{"href":"https:\/\/bfb.pantamedia.de\/wordpress\/wp-json\/wp\/v2\/types\/page"}],"author":[{"embeddable":true,"href":"https:\/\/bfb.pantamedia.de\/wordpress\/wp-json\/wp\/v2\/users\/674"}],"replies":[{"embeddable":true,"href":"https:\/\/bfb.pantamedia.de\/wordpress\/wp-json\/wp\/v2\/comments?post=89"}],"version-history":[{"count":1,"href":"https:\/\/bfb.pantamedia.de\/wordpress\/wp-json\/wp\/v2\/pages\/89\/revisions"}],"predecessor-version":[{"id":1144,"href":"https:\/\/bfb.pantamedia.de\/wordpress\/wp-json\/wp\/v2\/pages\/89\/revisions\/1144"}],"up":[{"embeddable":true,"href":"https:\/\/bfb.pantamedia.de\/wordpress\/wp-json\/wp\/v2\/pages\/12"}],"wp:attachment":[{"href":"https:\/\/bfb.pantamedia.de\/wordpress\/wp-json\/wp\/v2\/media?parent=89"}],"curies":[{"name":"wp","href":"https:\/\/api.w.org\/{rel}","templated":true}]}}