{"id":8398,"date":"2021-04-30T10:32:36","date_gmt":"2021-04-30T08:32:36","guid":{"rendered":"https:\/\/www.freie-berufe.de\/?page_id=8398"},"modified":"2022-12-22T12:08:31","modified_gmt":"2022-12-22T11:08:31","slug":"mutterschutz","status":"publish","type":"page","link":"https:\/\/bfb.pantamedia.de\/wordpress\/themen\/standortpolitik\/familie-und-beruf\/mutterschutz\/","title":{"rendered":"Mutterschutz"},"content":{"rendered":"<p>Das Thema Mutterschutz ist f\u00fcr viele Freie Berufe gerade vor dem Hintergrund der Fachkr\u00e4ftesicherung von zunehmender Bedeutung. Deshalb engagiert sich der BFB im \u201eAusschuss f\u00fcr Mutterschutz\u201c des Bundesministeriums f\u00fcr Familie, Senioren, Frauen und Jugend (BMFSFJ). Das BMFSJF hat diesen mit der \u00c4nderung des Mutterschutzgesetzes zum 1. Januar 2018 im Einvernehmen mit dem Bundesministerium f\u00fcr Arbeit und Soziales, dem Bundesministerium f\u00fcr Gesundheit und dem Bundesministerium f\u00fcr Bildung und Forschung im Sommer 2018 berufen. Der Ausschuss f\u00fcr Mutterschutz (AfM) ist eine Einrichtung im Gesch\u00e4ftsbereich des BMFSFJ.<\/p>\n<p>Der BFB ist im AfM in der Kategorie \u201eAusbildungsstellen\u201c \u00fcber das Kuratorium der Deutschen Wirtschaft f\u00fcr Berufsbildung vertreten.\u00a0Die Mitglieder des AfM sind f\u00fcr die Amtszeit von vier Jahren berufen.<\/p>\n<p>Dieses Gremium soll praxisgerechte Regeln entwickeln, die es Arbeitgebern erleichtern, bei der Umsetzung des Mutterschutzes den jeweils aktuellen Stand der Technik, Arbeitsmedizin und Hygiene sowie sonstige gesicherte wissenschaftliche Erkenntnisse zu ber\u00fccksichtigen. Unter anderem geh\u00f6rt es zu den Aufgaben des Ausschusses, Art, Ausma\u00df und Dauer einer m\u00f6glichen unverantwortbaren Gef\u00e4hrdung einer schwangeren oder stillenden Frau und ihres Kindes am Arbeitsplatz zu ermitteln.<\/p>\n<p>Weitere Informationen gibt es unter: <a href=\"https:\/\/www.bafza.de\/programme-und-foerderungen\/unterstuetzung-von-gremien\/ausschuss-fuer-mutterschutz-geschaeftsstelle\/\">https:\/\/www.bafza.de\/programme-und-foerderungen\/unterstuetzung-von-gremien\/ausschuss-fuer-mutterschutz-geschaeftsstelle\/<\/a><\/p>\n","protected":false},"excerpt":{"rendered":"<p>Das Thema Mutterschutz ist f\u00fcr viele Freie Berufe gerade vor dem Hintergrund der Fachkr\u00e4ftesicherung von zunehmender [&hellip;]<\/p>\n","protected":false},"author":674,"featured_media":0,"parent":1993,"menu_order":1,"comment_status":"closed","ping_status":"closed","template":"","meta":{"footnotes":""},"acf":[],"publishpress_future_action":{"enabled":false,"date":"1970-01-01 01:00:00","action":"","terms":[],"taxonomy":"","browser_timezone_offset":0},"_links":{"self":[{"href":"https:\/\/bfb.pantamedia.de\/wordpress\/wp-json\/wp\/v2\/pages\/8398"}],"collection":[{"href":"https:\/\/bfb.pantamedia.de\/wordpress\/wp-json\/wp\/v2\/pages"}],"about":[{"href":"https:\/\/bfb.pantamedia.de\/wordpress\/wp-json\/wp\/v2\/types\/page"}],"author":[{"embeddable":true,"href":"https:\/\/bfb.pantamedia.de\/wordpress\/wp-json\/wp\/v2\/users\/674"}],"replies":[{"embeddable":true,"href":"https:\/\/bfb.pantamedia.de\/wordpress\/wp-json\/wp\/v2\/comments?post=8398"}],"version-history":[{"count":4,"href":"https:\/\/bfb.pantamedia.de\/wordpress\/wp-json\/wp\/v2\/pages\/8398\/revisions"}],"predecessor-version":[{"id":11229,"href":"https:\/\/bfb.pantamedia.de\/wordpress\/wp-json\/wp\/v2\/pages\/8398\/revisions\/11229"}],"up":[{"embeddable":true,"href":"https:\/\/bfb.pantamedia.de\/wordpress\/wp-json\/wp\/v2\/pages\/1993"}],"wp:attachment":[{"href":"https:\/\/bfb.pantamedia.de\/wordpress\/wp-json\/wp\/v2\/media?parent=8398"}],"curies":[{"name":"wp","href":"https:\/\/api.w.org\/{rel}","templated":true}]}}