{"id":8394,"date":"2021-04-30T10:27:41","date_gmt":"2021-04-30T08:27:41","guid":{"rendered":"https:\/\/www.freie-berufe.de\/?page_id=8394"},"modified":"2021-05-05T11:03:04","modified_gmt":"2021-05-05T09:03:04","slug":"lesekompetenz","status":"publish","type":"page","link":"https:\/\/bfb.pantamedia.de\/wordpress\/themen\/bildung\/lesekompetenz\/","title":{"rendered":"Lesekompetenz"},"content":{"rendered":"<p>\u201eBundesweiter Vorlesetag\u201c und \u201eNationaler Lesepakt\u201c: Als Partner unterst\u00fctzt der BFB den <strong><a href=\"https:\/\/www.vorlesetag.de\/\" target=\"_blank\" rel=\"noopener\">\u201eBundesweiten Vorlesetag\u201c<\/a><\/strong> seit 2019 und den 2021 gestarteten <strong>\u201e<\/strong><a href=\"https:\/\/nationaler-lesepakt.de\/\"><strong>Nationalen Lesepakt<\/strong><\/a><strong>\u201c.<\/strong> Die Initiativen sind ebenso wertvoll wie weitsichtig: Denn Lesen ist eine zentrale Basiskompetenz unserer Gesellschaft und erm\u00f6glicht Teilhabe f\u00fcr alle. Lesekompetenz versetzt in die Lage, sich Informationen zu erschlie\u00dfen und ist damit ein wichtiger Bestandteil des Verbraucherschutzes.<\/p>\n","protected":false},"excerpt":{"rendered":"<p>\u201eBundesweiter Vorlesetag\u201c und \u201eNationaler Lesepakt\u201c: Als Partner unterst\u00fctzt der BFB den \u201eBundesweiten Vorlesetag\u201c seit 2019 und [&hellip;]<\/p>\n","protected":false},"author":674,"featured_media":0,"parent":100,"menu_order":8,"comment_status":"closed","ping_status":"closed","template":"","meta":{"footnotes":""},"acf":[],"publishpress_future_action":{"enabled":false,"date":"1970-01-01 01:00:00","action":"","terms":[],"taxonomy":"","browser_timezone_offset":0},"_links":{"self":[{"href":"https:\/\/bfb.pantamedia.de\/wordpress\/wp-json\/wp\/v2\/pages\/8394"}],"collection":[{"href":"https:\/\/bfb.pantamedia.de\/wordpress\/wp-json\/wp\/v2\/pages"}],"about":[{"href":"https:\/\/bfb.pantamedia.de\/wordpress\/wp-json\/wp\/v2\/types\/page"}],"author":[{"embeddable":true,"href":"https:\/\/bfb.pantamedia.de\/wordpress\/wp-json\/wp\/v2\/users\/674"}],"replies":[{"embeddable":true,"href":"https:\/\/bfb.pantamedia.de\/wordpress\/wp-json\/wp\/v2\/comments?post=8394"}],"version-history":[{"count":6,"href":"https:\/\/bfb.pantamedia.de\/wordpress\/wp-json\/wp\/v2\/pages\/8394\/revisions"}],"predecessor-version":[{"id":8441,"href":"https:\/\/bfb.pantamedia.de\/wordpress\/wp-json\/wp\/v2\/pages\/8394\/revisions\/8441"}],"up":[{"embeddable":true,"href":"https:\/\/bfb.pantamedia.de\/wordpress\/wp-json\/wp\/v2\/pages\/100"}],"wp:attachment":[{"href":"https:\/\/bfb.pantamedia.de\/wordpress\/wp-json\/wp\/v2\/media?parent=8394"}],"curies":[{"name":"wp","href":"https:\/\/api.w.org\/{rel}","templated":true}]}}