{"id":8391,"date":"2021-04-30T10:21:28","date_gmt":"2021-04-30T08:21:28","guid":{"rendered":"https:\/\/www.freie-berufe.de\/?page_id=8391"},"modified":"2022-02-17T15:54:50","modified_gmt":"2022-02-17T14:54:50","slug":"berufsbildungsgesetz","status":"publish","type":"page","link":"https:\/\/bfb.pantamedia.de\/wordpress\/themen\/bildung\/berufsbildungsgesetz\/","title":{"rendered":"Berufsbildungsgesetz"},"content":{"rendered":"<p>Zum 1. Januar 2020 ist das neue <a href=\"https:\/\/www.bgbl.de\/xaver\/bgbl\/start.xav?startbk=Bundesanzeiger_BGBl&amp;start=\/\/*%5b@attr_id=%27bgbl120s0920.pdf%27%5d#__bgbl__%2F%2F*%5B%40attr_id%3D%27bgbl120s0920.pdf%27%5D__1645109609242\" target=\"_blank\" rel=\"noopener\">Berufsbildungsgesetz<\/a> in Kraft getreten, mit nachfolgenden wesentlichen \u00c4nderungen:<\/p>\n<p>Einf\u00fchrung der neuen Stufen der h\u00f6herqualifizierenden Berufsbildung:<\/p>\n<p>1) \u201eGepr\u00fcfter Berufsspezialist\u201c<\/p>\n<p>2) \u201eBachelor Professional\u201c<\/p>\n<p>3) \u201eMaster Professional\u201c<\/p>\n<p>Dies hatte der BFB mehrfach kritisiert, da \u201eBachelor\u201c und \u201eMaster\u201c bislang ausschlie\u00dflich mit dem akademischen Bildungsweg verbunden wurden.<\/p>\n<p>Weitere Elemente<\/p>\n<p>Mindestverg\u00fctung f\u00fcr Auszubildende<\/p>\n<p>St\u00e4rkung der Teilzeit-Berufsausbildung<\/p>\n<p>Verbesserte Rahmenbedingungen f\u00fcr \u201erechtsbest\u00e4ndige und hochwertige Pr\u00fcfungen sowie f\u00fcr ein attraktives Ehrenamt\u201c<\/p>\n<p>Gleichstellung erwachsener mit jugendlichen Auszubildenden bei der Freistellung f\u00fcr und Anrechnung von Berufsschul- und Pr\u00fcfungszeiten<\/p>\n<p>&nbsp;<\/p>\n","protected":false},"excerpt":{"rendered":"<p>Zum 1. Januar 2020 ist das neue Berufsbildungsgesetz in Kraft getreten, mit nachfolgenden wesentlichen \u00c4nderungen: Einf\u00fchrung [&hellip;]<\/p>\n","protected":false},"author":674,"featured_media":0,"parent":100,"menu_order":3,"comment_status":"closed","ping_status":"closed","template":"","meta":{"footnotes":""},"acf":[],"publishpress_future_action":{"enabled":false,"date":"1970-01-01 01:00:00","action":"","terms":[],"taxonomy":"","browser_timezone_offset":0},"_links":{"self":[{"href":"https:\/\/bfb.pantamedia.de\/wordpress\/wp-json\/wp\/v2\/pages\/8391"}],"collection":[{"href":"https:\/\/bfb.pantamedia.de\/wordpress\/wp-json\/wp\/v2\/pages"}],"about":[{"href":"https:\/\/bfb.pantamedia.de\/wordpress\/wp-json\/wp\/v2\/types\/page"}],"author":[{"embeddable":true,"href":"https:\/\/bfb.pantamedia.de\/wordpress\/wp-json\/wp\/v2\/users\/674"}],"replies":[{"embeddable":true,"href":"https:\/\/bfb.pantamedia.de\/wordpress\/wp-json\/wp\/v2\/comments?post=8391"}],"version-history":[{"count":6,"href":"https:\/\/bfb.pantamedia.de\/wordpress\/wp-json\/wp\/v2\/pages\/8391\/revisions"}],"predecessor-version":[{"id":9945,"href":"https:\/\/bfb.pantamedia.de\/wordpress\/wp-json\/wp\/v2\/pages\/8391\/revisions\/9945"}],"up":[{"embeddable":true,"href":"https:\/\/bfb.pantamedia.de\/wordpress\/wp-json\/wp\/v2\/pages\/100"}],"wp:attachment":[{"href":"https:\/\/bfb.pantamedia.de\/wordpress\/wp-json\/wp\/v2\/media?parent=8391"}],"curies":[{"name":"wp","href":"https:\/\/api.w.org\/{rel}","templated":true}]}}