{"id":4353,"date":"2018-09-19T10:29:25","date_gmt":"2018-09-19T08:29:25","guid":{"rendered":"https:\/\/www.freie-berufe.de\/?page_id=4353"},"modified":"2021-04-30T10:23:09","modified_gmt":"2021-04-30T08:23:09","slug":"berufsbildung-4-0","status":"publish","type":"page","link":"https:\/\/bfb.pantamedia.de\/wordpress\/themen\/bildung\/berufsbildung-4-0\/","title":{"rendered":"Berufsbildung 4.0"},"content":{"rendered":"<p>Die fortschreitende Digitalisierung erfordert neue gesamtgesellschaftliche Anstrengungen. Auf diese Ver\u00e4nderungen m\u00fcssen sich auch die Freien Berufe spezifisch im Hinblick auf die berufliche Bildung vorbereiten. Sie sind drittgr\u00f6\u00dfter Ausbildungsbereich und tragen damit in besonderem Ma\u00dfe Verantwortung daf\u00fcr, dass die berufliche Bildung zukunftsfest wird. F\u00fcr viele Freie Berufe wird sich das Aufgabenspektrum oder sogar die Berufsaus\u00fcbung grundlegend ver\u00e4ndern. Hinzu kommen neue Gesch\u00e4ftsmodelle in Bereichen, die heute noch nicht bekannt sind. Daher ist die kontinuierliche Anpassung der Qualifikationen und Kompetenzen der Mitarbeiter\/Assistenzkr\u00e4fte an sich ver\u00e4ndernde Anforderungen im Zuge der Digitalisierung von zentraler Bedeutung.<\/p>\n<p>Hierzu hat der BFB gemeinsam mit seinen Mitgliedsorganisationen ein Positionspapier erarbeitet und Kernanliegen formuliert. So sind beispielsweise digitale und IT-Kompetenzen zu f\u00f6rdern und eine ad\u00e4quate Hard- und Software-Ausstattung sicherzustellen. Zudem sind die Datensicherheits- und Datenschutzanforderungen der Freien Berufe einzubeziehen und die ethischen Dimensionen des digitalen Wandels zu ber\u00fccksichtigen. Daneben wird gefordert, die Freien Berufe als Ausbilder in bestehende und neue F\u00f6rderprogramme f\u00fcr Digitalisierung einzubeziehen.<\/p>\n<p>&nbsp;<\/p>\n","protected":false},"excerpt":{"rendered":"<p>Die fortschreitende Digitalisierung erfordert neue gesamtgesellschaftliche Anstrengungen. Auf diese Ver\u00e4nderungen m\u00fcssen sich auch die Freien Berufe [&hellip;]<\/p>\n","protected":false},"author":674,"featured_media":0,"parent":100,"menu_order":2,"comment_status":"closed","ping_status":"closed","template":"","meta":{"footnotes":""},"acf":[],"publishpress_future_action":{"enabled":false,"date":"1970-01-01 01:00:00","action":"","terms":[],"taxonomy":"","browser_timezone_offset":0},"_links":{"self":[{"href":"https:\/\/bfb.pantamedia.de\/wordpress\/wp-json\/wp\/v2\/pages\/4353"}],"collection":[{"href":"https:\/\/bfb.pantamedia.de\/wordpress\/wp-json\/wp\/v2\/pages"}],"about":[{"href":"https:\/\/bfb.pantamedia.de\/wordpress\/wp-json\/wp\/v2\/types\/page"}],"author":[{"embeddable":true,"href":"https:\/\/bfb.pantamedia.de\/wordpress\/wp-json\/wp\/v2\/users\/674"}],"replies":[{"embeddable":true,"href":"https:\/\/bfb.pantamedia.de\/wordpress\/wp-json\/wp\/v2\/comments?post=4353"}],"version-history":[{"count":4,"href":"https:\/\/bfb.pantamedia.de\/wordpress\/wp-json\/wp\/v2\/pages\/4353\/revisions"}],"predecessor-version":[{"id":4358,"href":"https:\/\/bfb.pantamedia.de\/wordpress\/wp-json\/wp\/v2\/pages\/4353\/revisions\/4358"}],"up":[{"embeddable":true,"href":"https:\/\/bfb.pantamedia.de\/wordpress\/wp-json\/wp\/v2\/pages\/100"}],"wp:attachment":[{"href":"https:\/\/bfb.pantamedia.de\/wordpress\/wp-json\/wp\/v2\/media?parent=4353"}],"curies":[{"name":"wp","href":"https:\/\/api.w.org\/{rel}","templated":true}]}}