{"id":4235,"date":"2018-08-01T17:48:20","date_gmt":"2018-08-01T15:48:20","guid":{"rendered":"https:\/\/www.freie-berufe.de\/?page_id=4235"},"modified":"2023-11-21T16:52:34","modified_gmt":"2023-11-21T15:52:34","slug":"auszuege-landesverbaende","status":"publish","type":"page","link":"https:\/\/bfb.pantamedia.de\/wordpress\/presse\/veroeffentlichungen\/der-freie-beruf\/auszuege-landesverbaende\/","title":{"rendered":"Ausz\u00fcge \u2013 Aktivit\u00e4ten der Landesverb\u00e4nde"},"content":{"rendered":"<p>Nachrichten aus \u201eder freie beruf\u201c \u00fcber Aktivit\u00e4ten der Landesverb\u00e4nde.<\/p>\n","protected":false},"excerpt":{"rendered":"<p>Nachrichten aus \u201eder freie beruf\u201c \u00fcber Aktivit\u00e4ten der Landesverb\u00e4nde.<\/p>\n","protected":false},"author":674,"featured_media":0,"parent":1174,"menu_order":2,"comment_status":"closed","ping_status":"closed","template":"","meta":{"footnotes":""},"acf":[],"publishpress_future_action":{"enabled":false,"date":"1970-01-01 01:00:00","action":"","terms":[],"taxonomy":"","browser_timezone_offset":0},"_links":{"self":[{"href":"https:\/\/bfb.pantamedia.de\/wordpress\/wp-json\/wp\/v2\/pages\/4235"}],"collection":[{"href":"https:\/\/bfb.pantamedia.de\/wordpress\/wp-json\/wp\/v2\/pages"}],"about":[{"href":"https:\/\/bfb.pantamedia.de\/wordpress\/wp-json\/wp\/v2\/types\/page"}],"author":[{"embeddable":true,"href":"https:\/\/bfb.pantamedia.de\/wordpress\/wp-json\/wp\/v2\/users\/674"}],"replies":[{"embeddable":true,"href":"https:\/\/bfb.pantamedia.de\/wordpress\/wp-json\/wp\/v2\/comments?post=4235"}],"version-history":[{"count":46,"href":"https:\/\/bfb.pantamedia.de\/wordpress\/wp-json\/wp\/v2\/pages\/4235\/revisions"}],"predecessor-version":[{"id":12229,"href":"https:\/\/bfb.pantamedia.de\/wordpress\/wp-json\/wp\/v2\/pages\/4235\/revisions\/12229"}],"up":[{"embeddable":true,"href":"https:\/\/bfb.pantamedia.de\/wordpress\/wp-json\/wp\/v2\/pages\/1174"}],"wp:attachment":[{"href":"https:\/\/bfb.pantamedia.de\/wordpress\/wp-json\/wp\/v2\/media?parent=4235"}],"curies":[{"name":"wp","href":"https:\/\/api.w.org\/{rel}","templated":true}]}}