{"id":39,"date":"2017-07-29T12:11:46","date_gmt":"2017-07-29T10:11:46","guid":{"rendered":"https:\/\/localhost\/nihil-unde-velit-in-sed-hic\/"},"modified":"2023-11-23T11:35:38","modified_gmt":"2023-11-23T10:35:38","slug":"gruendung","status":"publish","type":"page","link":"https:\/\/bfb.pantamedia.de\/wordpress\/gruendung\/","title":{"rendered":"Gr\u00fcndung"},"content":{"rendered":"<p>Alle, die sich in einem Freien Beruf selbstst\u00e4ndig machen oder die Nachfolge in einer freiberuflichen Praxis, Kanzlei, Apotheke oder einem B\u00fcro antreten, unterst\u00fctzen und begleiten die Kammern und Verb\u00e4nde der Freien Berufe.<\/p>\n<p>Ansprechpartner finden Sie<a href=\"https:\/\/bfb.pantamedia.de\/verband\/mitgliederorganisation\/\"> hier<\/a>.<\/p>\n<p><strong>Unternehmerinnen-Vorbilderaktion des BMWK \u2013 BFB platziert Portr\u00e4ts von Freiberuflerinnen<\/strong><\/p>\n<p>Link zur Aktuelles Meldung: <a href=\"https:\/\/www.freie-berufe.de\/aktuelles\/bfb-mit-von-der-partie-bei-unternehmerinnen-vorbilderaktion\/\" target=\"_blank\" rel=\"noopener\">Hier lesen!<\/a><\/p>\n<p>Portr\u00e4ts: <a href=\"https:\/\/www.freie-berufe.de\/unternehmerinnen-vorbilderaktion-portraets\/\" target=\"_blank\" rel=\"noopener\">Hier anschauen!<\/a><\/p>\n<hr \/>\n<p><strong>BFB-Aktivit\u00e4ten 2023 \u2013 Ausz\u00fcge<\/strong><\/p>\n<p><a href=\"https:\/\/www.freie-berufe.de\/bfb-aktivitaeten-2023-auszuege\/\" target=\"_blank\" rel=\"noopener\">Hier mehr erfahren!<\/a><\/p>\n<hr \/>\n<p><strong>BFB-Themenschwerpunkt 2022 \u201eGr\u00fcndungsdynamik st\u00e4rken \u2013 Nachfolge sichern\u201c.<\/strong><\/p>\n<p><a href=\"https:\/\/www.freie-berufe.de\/gruendungsdynamik-staerken-nachfolge-sichern\/\" target=\"_blank\" rel=\"noopener\">Hier mehr erfahren!<\/a><\/p>\n<p>&nbsp;<\/p>\n","protected":false},"excerpt":{"rendered":"<p>Alle, die sich in einem Freien Beruf selbstst\u00e4ndig machen oder die Nachfolge in einer freiberuflichen Praxis, [&hellip;]<\/p>\n","protected":false},"author":674,"featured_media":0,"parent":0,"menu_order":3,"comment_status":"closed","ping_status":"closed","template":"","meta":{"footnotes":""},"acf":[],"publishpress_future_action":{"enabled":false,"date":"1970-01-01 01:00:00","action":"","terms":[],"taxonomy":"","browser_timezone_offset":0},"_links":{"self":[{"href":"https:\/\/bfb.pantamedia.de\/wordpress\/wp-json\/wp\/v2\/pages\/39"}],"collection":[{"href":"https:\/\/bfb.pantamedia.de\/wordpress\/wp-json\/wp\/v2\/pages"}],"about":[{"href":"https:\/\/bfb.pantamedia.de\/wordpress\/wp-json\/wp\/v2\/types\/page"}],"author":[{"embeddable":true,"href":"https:\/\/bfb.pantamedia.de\/wordpress\/wp-json\/wp\/v2\/users\/674"}],"replies":[{"embeddable":true,"href":"https:\/\/bfb.pantamedia.de\/wordpress\/wp-json\/wp\/v2\/comments?post=39"}],"version-history":[{"count":15,"href":"https:\/\/bfb.pantamedia.de\/wordpress\/wp-json\/wp\/v2\/pages\/39\/revisions"}],"predecessor-version":[{"id":12285,"href":"https:\/\/bfb.pantamedia.de\/wordpress\/wp-json\/wp\/v2\/pages\/39\/revisions\/12285"}],"wp:attachment":[{"href":"https:\/\/bfb.pantamedia.de\/wordpress\/wp-json\/wp\/v2\/media?parent=39"}],"curies":[{"name":"wp","href":"https:\/\/api.w.org\/{rel}","templated":true}]}}