{"id":3728,"date":"2018-01-29T09:44:07","date_gmt":"2018-01-29T08:44:07","guid":{"rendered":"https:\/\/www.freie-berufe.de\/?page_id=3728"},"modified":"2023-08-23T15:17:58","modified_gmt":"2023-08-23T13:17:58","slug":"auszuege","status":"publish","type":"page","link":"https:\/\/bfb.pantamedia.de\/wordpress\/presse\/veroeffentlichungen\/der-freie-beruf\/auszuege\/","title":{"rendered":"Ausz\u00fcge"},"content":{"rendered":"<p>Als Leseprobe k\u00f6nnen hier einzelne Beitr\u00e4ge aus &#8222;der freie beruf&#8220; heruntergeladen werden.<\/p>\n","protected":false},"excerpt":{"rendered":"<p>Als Leseprobe k\u00f6nnen hier einzelne Beitr\u00e4ge aus &#8222;der freie beruf&#8220; heruntergeladen werden.<\/p>\n","protected":false},"author":9,"featured_media":0,"parent":1174,"menu_order":1,"comment_status":"closed","ping_status":"closed","template":"","meta":{"footnotes":""},"acf":[],"publishpress_future_action":{"enabled":false,"date":"1970-01-01 01:00:00","action":"","terms":[],"taxonomy":"","browser_timezone_offset":0},"_links":{"self":[{"href":"https:\/\/bfb.pantamedia.de\/wordpress\/wp-json\/wp\/v2\/pages\/3728"}],"collection":[{"href":"https:\/\/bfb.pantamedia.de\/wordpress\/wp-json\/wp\/v2\/pages"}],"about":[{"href":"https:\/\/bfb.pantamedia.de\/wordpress\/wp-json\/wp\/v2\/types\/page"}],"author":[{"embeddable":true,"href":"https:\/\/bfb.pantamedia.de\/wordpress\/wp-json\/wp\/v2\/users\/9"}],"replies":[{"embeddable":true,"href":"https:\/\/bfb.pantamedia.de\/wordpress\/wp-json\/wp\/v2\/comments?post=3728"}],"version-history":[{"count":81,"href":"https:\/\/bfb.pantamedia.de\/wordpress\/wp-json\/wp\/v2\/pages\/3728\/revisions"}],"predecessor-version":[{"id":12013,"href":"https:\/\/bfb.pantamedia.de\/wordpress\/wp-json\/wp\/v2\/pages\/3728\/revisions\/12013"}],"up":[{"embeddable":true,"href":"https:\/\/bfb.pantamedia.de\/wordpress\/wp-json\/wp\/v2\/pages\/1174"}],"wp:attachment":[{"href":"https:\/\/bfb.pantamedia.de\/wordpress\/wp-json\/wp\/v2\/media?parent=3728"}],"curies":[{"name":"wp","href":"https:\/\/api.w.org\/{rel}","templated":true}]}}