{"id":3625,"date":"2018-01-10T15:49:37","date_gmt":"2018-01-10T14:49:37","guid":{"rendered":"https:\/\/www.freie-berufe.de\/?page_id=3625"},"modified":"2019-11-12T17:48:40","modified_gmt":"2019-11-12T16:48:40","slug":"bfb-neujahrsempfang-mit-prof-dr-haucap-2018","status":"publish","type":"page","link":"https:\/\/bfb.pantamedia.de\/wordpress\/presse\/veranstaltungsfotos-und-illustrationen\/bfb-neujahrsempfang-mit-prof-dr-haucap-2018\/","title":{"rendered":"BFB-Neujahrsempfang 2018"},"content":{"rendered":"<p><strong>Die Fotos sind unter folgender Angabe frei verwendbar: \u00a9 BFB\/Henning Schacht<\/strong><\/p>\n<p>Zum Jahresauftakt hat der BFB am 17. Januar 2018 zum Neujahrsempfang in die Deutsche Parlamentarische Gesellschaft in Berlin geladen. Weit \u00fcber 230 G\u00e4ste, darunter Abgeordnete des Deutschen Bundestages sowie Vertreter der Bundesressorts und Landesvertretungen, hochrangige Repr\u00e4sentanten der BFB-Mitgliedsorganisationen sowie befreundeter Wirtschaftsverb\u00e4nde, sprechen f\u00fcr die erneut gro\u00dfe Resonanz. Diese war auch dem Festredner des Abends, Prof. Dr. Justus Haucap, Direktor des Duesseldorf Institute f\u00fcr Competition Economics, zu verdanken. Er spiegelte die politische Agenda an den Megatrends Globalisierung, Digitalisierung und demografischer Wandel.<\/p>\n","protected":false},"excerpt":{"rendered":"<p>Die Fotos sind unter folgender Angabe frei verwendbar: \u00a9 BFB\/Henning Schacht Zum Jahresauftakt hat der BFB [&hellip;]<\/p>\n","protected":false},"author":674,"featured_media":0,"parent":107,"menu_order":5,"comment_status":"closed","ping_status":"closed","template":"page-fotogalerie.php","meta":{"footnotes":""},"acf":[],"publishpress_future_action":{"enabled":false,"date":"1970-01-01 01:00:00","action":"","terms":[],"taxonomy":"","browser_timezone_offset":0},"_links":{"self":[{"href":"https:\/\/bfb.pantamedia.de\/wordpress\/wp-json\/wp\/v2\/pages\/3625"}],"collection":[{"href":"https:\/\/bfb.pantamedia.de\/wordpress\/wp-json\/wp\/v2\/pages"}],"about":[{"href":"https:\/\/bfb.pantamedia.de\/wordpress\/wp-json\/wp\/v2\/types\/page"}],"author":[{"embeddable":true,"href":"https:\/\/bfb.pantamedia.de\/wordpress\/wp-json\/wp\/v2\/users\/674"}],"replies":[{"embeddable":true,"href":"https:\/\/bfb.pantamedia.de\/wordpress\/wp-json\/wp\/v2\/comments?post=3625"}],"version-history":[{"count":9,"href":"https:\/\/bfb.pantamedia.de\/wordpress\/wp-json\/wp\/v2\/pages\/3625\/revisions"}],"predecessor-version":[{"id":3686,"href":"https:\/\/bfb.pantamedia.de\/wordpress\/wp-json\/wp\/v2\/pages\/3625\/revisions\/3686"}],"up":[{"embeddable":true,"href":"https:\/\/bfb.pantamedia.de\/wordpress\/wp-json\/wp\/v2\/pages\/107"}],"wp:attachment":[{"href":"https:\/\/bfb.pantamedia.de\/wordpress\/wp-json\/wp\/v2\/media?parent=3625"}],"curies":[{"name":"wp","href":"https:\/\/api.w.org\/{rel}","templated":true}]}}