{"id":34,"date":"2017-07-17T05:19:43","date_gmt":"2017-07-17T03:19:43","guid":{"rendered":"https:\/\/localhost\/labore-ut-in-qui-temporibus\/"},"modified":"2022-12-20T16:13:39","modified_gmt":"2022-12-20T15:13:39","slug":"themen","status":"publish","type":"page","link":"https:\/\/bfb.pantamedia.de\/wordpress\/themen\/","title":{"rendered":"Themen"},"content":{"rendered":"<p><a href=\"https:\/\/www.freie-berufe.de\/ukraine\/\">Ukraine<\/a><\/p>\n<p>Jahresschwerpunkt 2023<\/p>\n<ul>\n<li><a href=\"https:\/\/www.freie-berufe.de\/pressemitteilungen\/schmidt-rund-340-000-stellen-bei-den-freien-berufen-unbesetzt\/\">Fachkr\u00e4ftesicherung<\/a><\/li>\n<\/ul>\n<p>&nbsp;<\/p>\n<p>Jahresschwerpunkt 2022<\/p>\n<ul>\n<li><a href=\"https:\/\/www.freie-berufe.de\/gruendungsdynamik-staerken-nachfolge-sichern\/\">Gr\u00fcndungsdynamik st\u00e4rken \u2013 Nachfolge sichern<\/a><\/li>\n<\/ul>\n<p>&nbsp;<\/p>\n<p>Jahresschwerpunkte 2021<\/p>\n<ul>\n<li><a href=\"https:\/\/www.freie-berufe.de\/berufliche-bildung-staerken\/\" rel=\"noopener\">Berufliche Bildung st\u00e4rken<\/a><\/li>\n<li><a href=\"https:\/\/www.freie-berufe.de\/corona-krise\/\" rel=\"noopener\">Corona-Krise<\/a><\/li>\n<li><a href=\"https:\/\/www.freie-berufe.de\/hochwasser-in-deutschland\/\" rel=\"noopener\">Hochwasser in Deutschland<\/a><\/li>\n<\/ul>\n<p>&nbsp;<\/p>\n<p>Der BFB ist schwerpunktm\u00e4\u00dfig in den aufgelisteten Themenbereichen aktiv:<\/p>\n<ul>\n<li><a href=\"https:\/\/www.freie-berufe.de\/themen\/standortpolitik\/\">Standortpolitik<\/a><\/li>\n<li><a href=\"https:\/\/www.freie-berufe.de\/themen\/europa\/\">Europa<\/a><\/li>\n<li><a href=\"https:\/\/www.freie-berufe.de\/themen\/qualitaetssicherung-und-berufsrechte\/\">Berufsrechte und Qualit\u00e4tssicherung<\/a><\/li>\n<li><a href=\"https:\/\/www.freie-berufe.de\/themen\/bildung\/\">Bildung<\/a><\/li>\n<li><a href=\"https:\/\/www.freie-berufe.de\/themen\/soziale-sicherung\/\">Soziale Sicherung<\/a><\/li>\n<li><a href=\"https:\/\/www.freie-berufe.de\/themen\/arbeitsmarkt-und-beschaeftigungspolitik\/\">Arbeitsmarkt- und Besch\u00e4ftigungspolitik<\/a>.<\/li>\n<\/ul>\n","protected":false},"excerpt":{"rendered":"<p>Ukraine Jahresschwerpunkt 2023 Fachkr\u00e4ftesicherung &nbsp; Jahresschwerpunkt 2022 Gr\u00fcndungsdynamik st\u00e4rken \u2013 Nachfolge sichern &nbsp; Jahresschwerpunkte 2021 Berufliche [&hellip;]<\/p>\n","protected":false},"author":674,"featured_media":0,"parent":0,"menu_order":13,"comment_status":"closed","ping_status":"closed","template":"","meta":{"footnotes":""},"acf":[],"publishpress_future_action":{"enabled":false,"date":"1970-01-01 01:00:00","action":"","terms":[],"taxonomy":"","browser_timezone_offset":0},"_links":{"self":[{"href":"https:\/\/bfb.pantamedia.de\/wordpress\/wp-json\/wp\/v2\/pages\/34"}],"collection":[{"href":"https:\/\/bfb.pantamedia.de\/wordpress\/wp-json\/wp\/v2\/pages"}],"about":[{"href":"https:\/\/bfb.pantamedia.de\/wordpress\/wp-json\/wp\/v2\/types\/page"}],"author":[{"embeddable":true,"href":"https:\/\/bfb.pantamedia.de\/wordpress\/wp-json\/wp\/v2\/users\/674"}],"replies":[{"embeddable":true,"href":"https:\/\/bfb.pantamedia.de\/wordpress\/wp-json\/wp\/v2\/comments?post=34"}],"version-history":[{"count":18,"href":"https:\/\/bfb.pantamedia.de\/wordpress\/wp-json\/wp\/v2\/pages\/34\/revisions"}],"predecessor-version":[{"id":11225,"href":"https:\/\/bfb.pantamedia.de\/wordpress\/wp-json\/wp\/v2\/pages\/34\/revisions\/11225"}],"wp:attachment":[{"href":"https:\/\/bfb.pantamedia.de\/wordpress\/wp-json\/wp\/v2\/media?parent=34"}],"curies":[{"name":"wp","href":"https:\/\/api.w.org\/{rel}","templated":true}]}}