{"id":2897,"date":"2017-10-18T14:06:07","date_gmt":"2017-10-18T12:06:07","guid":{"rendered":"https:\/\/www.freie-berufe.de\/wordpress\/?page_id=2897"},"modified":"2023-03-14T16:31:37","modified_gmt":"2023-03-14T15:31:37","slug":"werbung-in-freien-berufen","status":"publish","type":"page","link":"https:\/\/bfb.pantamedia.de\/wordpress\/themen\/qualitaetssicherung-und-berufsrechte\/rechtsrahmen-und-berufsrechte\/werbung-in-freien-berufen\/","title":{"rendered":"Werbung in Freien Berufen"},"content":{"rendered":"<p>F\u00fcr die Selbstdarstellung der Freien Berufe in der \u00d6ffentlichkeit gilt der Grundsatz: Sachliche Information des Verbrauchers ist zul\u00e4ssig! Werbung und Marketing d\u00fcrfen jedoch nicht anpreisend oder vergleichend sein. Das Bundesverfassungsgericht hat das Werberecht der Freien Berufe als Ausfluss des Grundrechts der Berufsfreiheit nach Art. 12 Abs. 1 GG in mehreren Entscheidungen best\u00e4tigt. Ma\u00dfstab und Grenze der Werbung ist allerdings \u2013 im Gegensatz zu gewerblichen Dienstleistern &#8211; in besonderem Ma\u00dfe die Orientierung der freiberuflichen T\u00e4tigkeit am Allgemeinwohl. Denn zu den Grunds\u00e4tzen freiberuflicher T\u00e4tigkeit geh\u00f6rt, dass Freiberufler im Rahmen ihrer Berufsaus\u00fcbung in einem besonderen Vertrauensverh\u00e4ltnis eine gesteigerte Verantwortung \u00fcbernehmen. Aus dieser besonderen Vertrauensstellung resultieren besondere rechtliche Rahmenbedingungen f\u00fcr die Werbung eines Freiberuflers, der hochqualifizierte Dienstleistungen in fachlicher Unabh\u00e4ngigkeit erbringen soll und muss.<\/p>\n<p>Ganz allgemein l\u00e4sst sich festhalten: F\u00fcr die Werbung in den Freien Berufen gelten die allgemeinen gesetzlichen Vorgaben, beispielsweise des Wettbewerbsrechts (Gesetz gegen den unlauteren Wettbewerb (UWG). Die allgemeinen Wettbewerbsvorschriften finden neben etwaigen berufsrechtlichen Gesetzesvorgaben Anwendung. Wo keine Berufsgesetze bestehen, sind daher in jedem Fall die allgemeinen gesetzlichen Bestimmungen zu ber\u00fccksichtigen, zum Beispiel \u00a7 5 Telemediengesetz (TMG) f\u00fcr die Unterhaltung einer Homepage.<\/p>\n","protected":false},"excerpt":{"rendered":"<p>F\u00fcr die Selbstdarstellung der Freien Berufe in der \u00d6ffentlichkeit gilt der Grundsatz: Sachliche Information des Verbrauchers [&hellip;]<\/p>\n","protected":false},"author":674,"featured_media":0,"parent":1337,"menu_order":0,"comment_status":"closed","ping_status":"closed","template":"","meta":{"footnotes":""},"acf":[],"publishpress_future_action":{"enabled":false,"date":"1970-01-01 01:00:00","action":"","terms":[],"taxonomy":"","browser_timezone_offset":0},"_links":{"self":[{"href":"https:\/\/bfb.pantamedia.de\/wordpress\/wp-json\/wp\/v2\/pages\/2897"}],"collection":[{"href":"https:\/\/bfb.pantamedia.de\/wordpress\/wp-json\/wp\/v2\/pages"}],"about":[{"href":"https:\/\/bfb.pantamedia.de\/wordpress\/wp-json\/wp\/v2\/types\/page"}],"author":[{"embeddable":true,"href":"https:\/\/bfb.pantamedia.de\/wordpress\/wp-json\/wp\/v2\/users\/674"}],"replies":[{"embeddable":true,"href":"https:\/\/bfb.pantamedia.de\/wordpress\/wp-json\/wp\/v2\/comments?post=2897"}],"version-history":[{"count":2,"href":"https:\/\/bfb.pantamedia.de\/wordpress\/wp-json\/wp\/v2\/pages\/2897\/revisions"}],"predecessor-version":[{"id":3089,"href":"https:\/\/bfb.pantamedia.de\/wordpress\/wp-json\/wp\/v2\/pages\/2897\/revisions\/3089"}],"up":[{"embeddable":true,"href":"https:\/\/bfb.pantamedia.de\/wordpress\/wp-json\/wp\/v2\/pages\/1337"}],"wp:attachment":[{"href":"https:\/\/bfb.pantamedia.de\/wordpress\/wp-json\/wp\/v2\/media?parent=2897"}],"curies":[{"name":"wp","href":"https:\/\/api.w.org\/{rel}","templated":true}]}}