{"id":2772,"date":"2017-10-16T09:13:10","date_gmt":"2017-10-16T07:13:10","guid":{"rendered":"https:\/\/www.freie-berufe.de\/wordpress\/?page_id=2772"},"modified":"2021-08-23T14:31:45","modified_gmt":"2021-08-23T12:31:45","slug":"datenschutz","status":"publish","type":"page","link":"https:\/\/bfb.pantamedia.de\/wordpress\/themen\/standortpolitik\/datenschutz\/","title":{"rendered":"Datenschutz"},"content":{"rendered":"<p>Mit einem modernen, m\u00f6glichst EU-weit einheitlichen, rechtssicheren und praxistauglichen Datenschutz ist das Spannungsfeld zwischen Digitalisierung und dem Schutz des einzelnen B\u00fcrgers und seiner personenbezogenen Daten zu entladen. Denn diese Daten sind kein Gut wie jedes andere. Daher greifen im Bereich der Freien Berufe bereits heute besondere Regelungen f\u00fcr den Umgang mit solchen personenbezogenen Daten. Das freiberufler-typische Vertrauensverh\u00e4ltnis zu ihren Mandaten, Klienten, Patienten und Kunden darf auch k\u00fcnftig nicht beeintr\u00e4chtigt werden. Der Schutz des Berufsgeheimnisses muss unbedingten Vorrang vor der Erf\u00fcllung etwaiger Informationspflichten haben. Es darf die wirtschaftliche und personelle Leistungsf\u00e4higkeit der mittelst\u00e4ndischen Wirtschaft nicht \u00fcbersteigen.<\/p>\n","protected":false},"excerpt":{"rendered":"<p>Mit einem modernen, m\u00f6glichst EU-weit einheitlichen, rechtssicheren und praxistauglichen Datenschutz ist das Spannungsfeld zwischen Digitalisierung und [&hellip;]<\/p>\n","protected":false},"author":674,"featured_media":0,"parent":98,"menu_order":2,"comment_status":"closed","ping_status":"closed","template":"","meta":{"footnotes":""},"acf":[],"publishpress_future_action":{"enabled":false,"date":"1970-01-01 01:00:00","action":"","terms":[],"taxonomy":"","browser_timezone_offset":0},"_links":{"self":[{"href":"https:\/\/bfb.pantamedia.de\/wordpress\/wp-json\/wp\/v2\/pages\/2772"}],"collection":[{"href":"https:\/\/bfb.pantamedia.de\/wordpress\/wp-json\/wp\/v2\/pages"}],"about":[{"href":"https:\/\/bfb.pantamedia.de\/wordpress\/wp-json\/wp\/v2\/types\/page"}],"author":[{"embeddable":true,"href":"https:\/\/bfb.pantamedia.de\/wordpress\/wp-json\/wp\/v2\/users\/674"}],"replies":[{"embeddable":true,"href":"https:\/\/bfb.pantamedia.de\/wordpress\/wp-json\/wp\/v2\/comments?post=2772"}],"version-history":[{"count":2,"href":"https:\/\/bfb.pantamedia.de\/wordpress\/wp-json\/wp\/v2\/pages\/2772\/revisions"}],"predecessor-version":[{"id":8380,"href":"https:\/\/bfb.pantamedia.de\/wordpress\/wp-json\/wp\/v2\/pages\/2772\/revisions\/8380"}],"up":[{"embeddable":true,"href":"https:\/\/bfb.pantamedia.de\/wordpress\/wp-json\/wp\/v2\/pages\/98"}],"wp:attachment":[{"href":"https:\/\/bfb.pantamedia.de\/wordpress\/wp-json\/wp\/v2\/media?parent=2772"}],"curies":[{"name":"wp","href":"https:\/\/api.w.org\/{rel}","templated":true}]}}