{"id":2086,"date":"2017-09-21T15:33:46","date_gmt":"2017-09-21T13:33:46","guid":{"rendered":"https:\/\/www.freie-berufe.de\/wordpress\/?page_id=2086"},"modified":"2017-10-16T14:27:03","modified_gmt":"2017-10-16T12:27:03","slug":"gruenderprogramme-der-kfw","status":"publish","type":"page","link":"https:\/\/bfb.pantamedia.de\/wordpress\/gruendung\/foerderprogramme\/gruenderprogramme-der-kfw\/","title":{"rendered":"Gr\u00fcnderprogramme der KfW"},"content":{"rendered":"<p>Die KfW-Mittelstandsbank bietet umfangreiche Informationen und F\u00f6rderprogramme f\u00fcr Gr\u00fcnder an. Alle Informationen f\u00fcr Existenzgr\u00fcnder\u00a0zu Finanzierungsfragen, Recht &amp; Steuern etc. finden Sie <a href=\"https:\/\/www.kfw.de\/inlandsfoerderung\/Unternehmen\/Gr%C3%BCnden-Erweitern\/\">hier<\/a>.<\/p>\n<p><a class=\"download\" title=\"Initiates file download\" href=\"https:\/\/www.freie-berufe.de\/fileadmin\/bfb\/6_Existenzgruendung\/2_Fo%CC%88rderprogramme%20fu%CC%88r%20Existenzgru%CC%88nder\/2_Gru%CC%88nderprogramme%20der%20KfW\/KfW-Chancen-Impuls%20Spezial%20Freie%20Berufe_Ansicht.pdf\" target=\"_blank\" rel=\"noopener\">Sonderausgabe des \u201eKfW-impuls\u201c zu F\u00f6rderprogrammen f\u00fcr die Freien Berufe<\/a><\/p>\n<p>Eine \u00dcbersicht der KfW-F\u00f6rderprogramme mit aktuellen Konditionen finden Sie <a href=\"https:\/\/www.kfw.de\/inlandsfoerderung\/Unternehmen\/Gr%C3%BCnden-Erweitern\/F%C3%B6rderprodukte\/F%C3%B6rderprodukte-(S3).html\">hier<\/a>.<\/p>\n","protected":false},"excerpt":{"rendered":"<p>Die KfW-Mittelstandsbank bietet umfangreiche Informationen und F\u00f6rderprogramme f\u00fcr Gr\u00fcnder an. Alle Informationen f\u00fcr Existenzgr\u00fcnder\u00a0zu Finanzierungsfragen, Recht [&hellip;]<\/p>\n","protected":false},"author":674,"featured_media":0,"parent":133,"menu_order":0,"comment_status":"closed","ping_status":"closed","template":"","meta":{"footnotes":""},"acf":[],"publishpress_future_action":{"enabled":false,"date":"1970-01-01 01:00:00","action":"","terms":[],"taxonomy":"","browser_timezone_offset":0},"_links":{"self":[{"href":"https:\/\/bfb.pantamedia.de\/wordpress\/wp-json\/wp\/v2\/pages\/2086"}],"collection":[{"href":"https:\/\/bfb.pantamedia.de\/wordpress\/wp-json\/wp\/v2\/pages"}],"about":[{"href":"https:\/\/bfb.pantamedia.de\/wordpress\/wp-json\/wp\/v2\/types\/page"}],"author":[{"embeddable":true,"href":"https:\/\/bfb.pantamedia.de\/wordpress\/wp-json\/wp\/v2\/users\/674"}],"replies":[{"embeddable":true,"href":"https:\/\/bfb.pantamedia.de\/wordpress\/wp-json\/wp\/v2\/comments?post=2086"}],"version-history":[{"count":4,"href":"https:\/\/bfb.pantamedia.de\/wordpress\/wp-json\/wp\/v2\/pages\/2086\/revisions"}],"predecessor-version":[{"id":2808,"href":"https:\/\/bfb.pantamedia.de\/wordpress\/wp-json\/wp\/v2\/pages\/2086\/revisions\/2808"}],"up":[{"embeddable":true,"href":"https:\/\/bfb.pantamedia.de\/wordpress\/wp-json\/wp\/v2\/pages\/133"}],"wp:attachment":[{"href":"https:\/\/bfb.pantamedia.de\/wordpress\/wp-json\/wp\/v2\/media?parent=2086"}],"curies":[{"name":"wp","href":"https:\/\/api.w.org\/{rel}","templated":true}]}}