{"id":2084,"date":"2017-09-21T15:33:20","date_gmt":"2017-09-21T13:33:20","guid":{"rendered":"https:\/\/www.freie-berufe.de\/wordpress\/?page_id=2084"},"modified":"2017-10-25T10:13:47","modified_gmt":"2017-10-25T08:13:47","slug":"foerderung-unternehmerischen-know-hows","status":"publish","type":"page","link":"https:\/\/bfb.pantamedia.de\/wordpress\/gruendung\/foerderprogramme\/foerderung-unternehmerischen-know-hows\/","title":{"rendered":"F\u00f6rderung unternehmerischen Know-hows"},"content":{"rendered":"<p>Das F\u00f6rderprogramm mit dem Namen \u201eF\u00f6rderung unternehmerischen Know-hows\u201c fasst die bisherigen Programme \u201eF\u00f6rderung unternehmerischen Know-hows durch Unternehmensberatung\u201c, \u201eGr\u00fcndercoaching Deutschland\u201c, \u201eTurn-Around-Beratung\u201c und \u201eRunder Tisch\u201c zusammen. Zust\u00e4ndig f\u00fcr die Umsetzung des Programms ist das Bundesamt f\u00fcr Wirtschaft und Ausfuhrkontrolle (BAFA). Die Ma\u00dfnahme wird aus dem Europ\u00e4ischen Sozialfonds (ESF) der Europ\u00e4ischen Union kofinanziert.<\/p>\n<p>Das F\u00f6rderprogramm richtet sich an Unternehmen, die bereits gegr\u00fcndet sind. Beratungen vor einer Gr\u00fcndung k\u00f6nnen nicht mit diesem Programm bezuschusst werden. Die Bundesl\u00e4nder bieten jedoch Zusch\u00fcsse zu den Beratungskosten und\/oder eine kostenfreie Gr\u00fcndungsberatung f\u00fcr die Vorgr\u00fcndungsphase an.<\/p>\n","protected":false},"excerpt":{"rendered":"<p>Das F\u00f6rderprogramm mit dem Namen \u201eF\u00f6rderung unternehmerischen Know-hows\u201c fasst die bisherigen Programme \u201eF\u00f6rderung unternehmerischen Know-hows durch [&hellip;]<\/p>\n","protected":false},"author":674,"featured_media":0,"parent":133,"menu_order":0,"comment_status":"closed","ping_status":"closed","template":"","meta":{"footnotes":""},"acf":[],"publishpress_future_action":{"enabled":false,"date":"1970-01-01 01:00:00","action":"","terms":[],"taxonomy":"","browser_timezone_offset":0},"_links":{"self":[{"href":"https:\/\/bfb.pantamedia.de\/wordpress\/wp-json\/wp\/v2\/pages\/2084"}],"collection":[{"href":"https:\/\/bfb.pantamedia.de\/wordpress\/wp-json\/wp\/v2\/pages"}],"about":[{"href":"https:\/\/bfb.pantamedia.de\/wordpress\/wp-json\/wp\/v2\/types\/page"}],"author":[{"embeddable":true,"href":"https:\/\/bfb.pantamedia.de\/wordpress\/wp-json\/wp\/v2\/users\/674"}],"replies":[{"embeddable":true,"href":"https:\/\/bfb.pantamedia.de\/wordpress\/wp-json\/wp\/v2\/comments?post=2084"}],"version-history":[{"count":5,"href":"https:\/\/bfb.pantamedia.de\/wordpress\/wp-json\/wp\/v2\/pages\/2084\/revisions"}],"predecessor-version":[{"id":3091,"href":"https:\/\/bfb.pantamedia.de\/wordpress\/wp-json\/wp\/v2\/pages\/2084\/revisions\/3091"}],"up":[{"embeddable":true,"href":"https:\/\/bfb.pantamedia.de\/wordpress\/wp-json\/wp\/v2\/pages\/133"}],"wp:attachment":[{"href":"https:\/\/bfb.pantamedia.de\/wordpress\/wp-json\/wp\/v2\/media?parent=2084"}],"curies":[{"name":"wp","href":"https:\/\/api.w.org\/{rel}","templated":true}]}}