{"id":2005,"date":"2017-09-20T14:52:17","date_gmt":"2017-09-20T12:52:17","guid":{"rendered":"https:\/\/www.freie-berufe.de\/wordpress\/?page_id=2005"},"modified":"2022-12-22T12:07:39","modified_gmt":"2022-12-22T11:07:39","slug":"steuern-und-finanzierung","status":"publish","type":"page","link":"https:\/\/bfb.pantamedia.de\/wordpress\/themen\/standortpolitik\/steuern-und-finanzierung\/","title":{"rendered":"Steuern"},"content":{"rendered":"<p>Der BFB setzt sich f\u00fcr die Vereinfachung des Steuersystems und m\u00f6glichst niedrige Steuers\u00e4tze ein. Garanten des steuerpolitischen Sachverstandes sind seine Mitgliedsorganisationen, insbesondere aus dem Bereich der steuer- und wirtschaftsberatenden Freiberufler.<\/p>\n<p>Mit der Steuerpolitik eng verbunden sind auch Fragen der Finanzierung. F\u00fcr einen Gro\u00dfteil der Freien Berufe ist es seit jeher schwierig, an Kredite zu gelangen, h\u00e4ufig weil es an entsprechendem Eigenkapital fehlt. Nicht nur die gro\u00dfen Privatbanken, auch Sparkassen und Genossenschaftsbanken unterst\u00fctzen Freie Beufe und Unternehmungen aber meist nur bei vorhandenem Eigenkapital oder anderen \u201eharten\u201c Sicherheiten, wie vorfinanzierten Sachmittelbest\u00e4nden.<\/p>\n<p>Freie Berufe zahlen keine Gewerbesteuer. Freie Beufe melden sich nicht beim Gewerbeamt an, sondern nur beim Finanzamt. Dort erhalten sie eine Steuernummer. Gegen\u00fcber dem Finanzamt m\u00fcssen Freie Berufe ihren steuerlichen Gewinn i. d. R. durch eine Einnahmen\u00fcberschussrechnung ermitteln.<\/p>\n","protected":false},"excerpt":{"rendered":"<p>Der BFB setzt sich f\u00fcr die Vereinfachung des Steuersystems und m\u00f6glichst niedrige Steuers\u00e4tze ein. Garanten des [&hellip;]<\/p>\n","protected":false},"author":674,"featured_media":0,"parent":98,"menu_order":8,"comment_status":"closed","ping_status":"closed","template":"","meta":{"footnotes":""},"acf":[],"publishpress_future_action":{"enabled":false,"date":"1970-01-01 01:00:00","action":"","terms":[],"taxonomy":"","browser_timezone_offset":0},"_links":{"self":[{"href":"https:\/\/bfb.pantamedia.de\/wordpress\/wp-json\/wp\/v2\/pages\/2005"}],"collection":[{"href":"https:\/\/bfb.pantamedia.de\/wordpress\/wp-json\/wp\/v2\/pages"}],"about":[{"href":"https:\/\/bfb.pantamedia.de\/wordpress\/wp-json\/wp\/v2\/types\/page"}],"author":[{"embeddable":true,"href":"https:\/\/bfb.pantamedia.de\/wordpress\/wp-json\/wp\/v2\/users\/674"}],"replies":[{"embeddable":true,"href":"https:\/\/bfb.pantamedia.de\/wordpress\/wp-json\/wp\/v2\/comments?post=2005"}],"version-history":[{"count":7,"href":"https:\/\/bfb.pantamedia.de\/wordpress\/wp-json\/wp\/v2\/pages\/2005\/revisions"}],"predecessor-version":[{"id":11228,"href":"https:\/\/bfb.pantamedia.de\/wordpress\/wp-json\/wp\/v2\/pages\/2005\/revisions\/11228"}],"up":[{"embeddable":true,"href":"https:\/\/bfb.pantamedia.de\/wordpress\/wp-json\/wp\/v2\/pages\/98"}],"wp:attachment":[{"href":"https:\/\/bfb.pantamedia.de\/wordpress\/wp-json\/wp\/v2\/media?parent=2005"}],"curies":[{"name":"wp","href":"https:\/\/api.w.org\/{rel}","templated":true}]}}