{"id":1999,"date":"2017-09-20T14:45:39","date_gmt":"2017-09-20T12:45:39","guid":{"rendered":"https:\/\/www.freie-berufe.de\/wordpress\/?page_id=1999"},"modified":"2022-02-17T15:56:58","modified_gmt":"2022-02-17T14:56:58","slug":"erfolgsfaktor-familie","status":"publish","type":"page","link":"https:\/\/bfb.pantamedia.de\/wordpress\/themen\/standortpolitik\/familie-und-beruf\/erfolgsfaktor-familie\/","title":{"rendered":"Erfolgsfaktor Familie"},"content":{"rendered":"<p>Das Unternehmensnetzwerk \u201eErfolgsfaktor Familie\u201c ist die zentrale Plattform f\u00fcr Unternehmen in Deutschland, die sich f\u00fcr familienbewusste Personalpolitik interessieren oder bereits engagieren. Es ist eine gemeinsame Initiative des Bundesministeriums f\u00fcr Familie, Senioren, Frauen und Jugend (BMFSFJ) und des Deutschen Industrie- und Handelskammertages (DIHK).<\/p>\n<p>Mit dem Unternehmensprogramm setzt sich das Bundesfamilienministerium zusammen mit BDA, DIHK, ZDH, DGB und weiteren Vertretern der Wirtschaft daf\u00fcr ein, Familienfreundlichkeit zu einem Markenzeichen der deutschen Wirtschaft zu machen.<\/p>\n<p>Der BFB ist bereits im Dezember 2009 dem mit mehr als 6.000 Mitgliedern bundesweit gr\u00f6\u00dften Netzwerk beigetreten und hat so sein Engagement f\u00fcr eine bessere Vereinbarkeit von Beruf und Familie in Deutschland bekr\u00e4ftigt. Im Rahmen der kostenlosen Mitgliedschaft stehen den Mitgliedern alle Informationen auf der umfangreichen Internetplattform www.erfolgsfaktor-familie.de\/netzwerk, die Beratung des Netzwerkb\u00fcros, die Teilnahme an bundesweiten und regionalen Veranstaltungen sowie eine Datenbank f\u00fcr den Austausch mit anderen Unternehmen zur Verf\u00fcgung.<\/p>\n","protected":false},"excerpt":{"rendered":"<p>Das Unternehmensnetzwerk \u201eErfolgsfaktor Familie\u201c ist die zentrale Plattform f\u00fcr Unternehmen in Deutschland, die sich f\u00fcr familienbewusste [&hellip;]<\/p>\n","protected":false},"author":674,"featured_media":0,"parent":1993,"menu_order":2,"comment_status":"closed","ping_status":"closed","template":"","meta":{"footnotes":""},"acf":[],"publishpress_future_action":{"enabled":false,"date":"1970-01-01 01:00:00","action":"","terms":[],"taxonomy":"","browser_timezone_offset":0},"_links":{"self":[{"href":"https:\/\/bfb.pantamedia.de\/wordpress\/wp-json\/wp\/v2\/pages\/1999"}],"collection":[{"href":"https:\/\/bfb.pantamedia.de\/wordpress\/wp-json\/wp\/v2\/pages"}],"about":[{"href":"https:\/\/bfb.pantamedia.de\/wordpress\/wp-json\/wp\/v2\/types\/page"}],"author":[{"embeddable":true,"href":"https:\/\/bfb.pantamedia.de\/wordpress\/wp-json\/wp\/v2\/users\/674"}],"replies":[{"embeddable":true,"href":"https:\/\/bfb.pantamedia.de\/wordpress\/wp-json\/wp\/v2\/comments?post=1999"}],"version-history":[{"count":4,"href":"https:\/\/bfb.pantamedia.de\/wordpress\/wp-json\/wp\/v2\/pages\/1999\/revisions"}],"predecessor-version":[{"id":9948,"href":"https:\/\/bfb.pantamedia.de\/wordpress\/wp-json\/wp\/v2\/pages\/1999\/revisions\/9948"}],"up":[{"embeddable":true,"href":"https:\/\/bfb.pantamedia.de\/wordpress\/wp-json\/wp\/v2\/pages\/1993"}],"wp:attachment":[{"href":"https:\/\/bfb.pantamedia.de\/wordpress\/wp-json\/wp\/v2\/media?parent=1999"}],"curies":[{"name":"wp","href":"https:\/\/api.w.org\/{rel}","templated":true}]}}