{"id":1991,"date":"2017-09-20T14:35:24","date_gmt":"2017-09-20T12:35:24","guid":{"rendered":"https:\/\/www.freie-berufe.de\/wordpress\/?page_id=1991"},"modified":"2021-08-23T14:31:38","modified_gmt":"2021-08-23T12:31:38","slug":"buerokratieabbau","status":"publish","type":"page","link":"https:\/\/bfb.pantamedia.de\/wordpress\/themen\/standortpolitik\/buerokratieabbau\/","title":{"rendered":"B\u00fcrokratieabbau"},"content":{"rendered":"<p>B\u00fcrokratieabbau ist ein Erfolgsfaktor f\u00fcr die Wettbewerbsf\u00e4higkeit des Wirtschaftsstandorts Deutschland im Allgemeinen und die Freien Berufe im Besonderen. Der BFB unterst\u00fctzt die Bem\u00fchungen der Bundesregierung, die Wirtschaft von Verwaltungslasten zu befreien.<\/p>\n","protected":false},"excerpt":{"rendered":"<p>B\u00fcrokratieabbau ist ein Erfolgsfaktor f\u00fcr die Wettbewerbsf\u00e4higkeit des Wirtschaftsstandorts Deutschland im Allgemeinen und die Freien Berufe [&hellip;]<\/p>\n","protected":false},"author":674,"featured_media":0,"parent":98,"menu_order":9,"comment_status":"closed","ping_status":"closed","template":"","meta":{"footnotes":""},"acf":[],"publishpress_future_action":{"enabled":false,"date":"1970-01-01 01:00:00","action":"","terms":[],"taxonomy":"","browser_timezone_offset":0},"_links":{"self":[{"href":"https:\/\/bfb.pantamedia.de\/wordpress\/wp-json\/wp\/v2\/pages\/1991"}],"collection":[{"href":"https:\/\/bfb.pantamedia.de\/wordpress\/wp-json\/wp\/v2\/pages"}],"about":[{"href":"https:\/\/bfb.pantamedia.de\/wordpress\/wp-json\/wp\/v2\/types\/page"}],"author":[{"embeddable":true,"href":"https:\/\/bfb.pantamedia.de\/wordpress\/wp-json\/wp\/v2\/users\/674"}],"replies":[{"embeddable":true,"href":"https:\/\/bfb.pantamedia.de\/wordpress\/wp-json\/wp\/v2\/comments?post=1991"}],"version-history":[{"count":11,"href":"https:\/\/bfb.pantamedia.de\/wordpress\/wp-json\/wp\/v2\/pages\/1991\/revisions"}],"predecessor-version":[{"id":7454,"href":"https:\/\/bfb.pantamedia.de\/wordpress\/wp-json\/wp\/v2\/pages\/1991\/revisions\/7454"}],"up":[{"embeddable":true,"href":"https:\/\/bfb.pantamedia.de\/wordpress\/wp-json\/wp\/v2\/pages\/98"}],"wp:attachment":[{"href":"https:\/\/bfb.pantamedia.de\/wordpress\/wp-json\/wp\/v2\/media?parent=1991"}],"curies":[{"name":"wp","href":"https:\/\/api.w.org\/{rel}","templated":true}]}}