{"id":161,"date":"2017-08-02T15:27:54","date_gmt":"2017-08-02T13:27:54","guid":{"rendered":"https:\/\/localhost\/?page_id=161"},"modified":"2023-12-05T13:44:12","modified_gmt":"2023-12-05T12:44:12","slug":"newsletter","status":"publish","type":"page","link":"https:\/\/bfb.pantamedia.de\/wordpress\/newsletter\/","title":{"rendered":"Newsletter"},"content":{"rendered":"<p>Mit unserem BFB-Newsletter informieren wir Sie zeitnah \u00fcber zentrale Informationen zu den Freien Berufen und \u00fcber die Arbeit des BFB. Aktuelle Stellungnahmen und Positionspapiere z\u00e4hlen ebenso dazu wie Ausz\u00fcge aus unserem Mitgliedermagazin \u201eder freie beruf\u201c.<\/p>\n<p>Melden Sie sich f\u00fcr den BFB-Newsletter hier an.<\/p>\n            <section class=\"widget widget_newsletter2go\">\n                    <div class=\"nl2go-widget\"><script id=\"69f1161021966\">\n    !function (e, t, n, c, r, a, i) {\n        e.Newsletter2GoTrackingObject = r, e[r] = e[r] || function () {\n                (e[r].q = e[r].q || []).push(arguments)\n            }, e[r].l = 1 * new Date, a = t.createElement(n), i = t.getElementsByTagName(n)[0], a.async = 1, a.src = c, i.parentNode.insertBefore(a, i)\n    }(window, document, \"script\", \"https:\/\/static.newsletter2go.com\/utils.js\", \"n2g\");\n    n2g(\"create\", \"\");\n    n2g('subscribe:createForm', {\r\n  \"form\": {\r\n    \"class\": \"bfb-newsletter-form\",\r\n    \"style\": \"\"\r\n  },\r\n  \"container\": {\r\n    \"type\": \"div\",\r\n    \"class\": \"bfb-newsletter-container\",\r\n    \"style\": \"\"\r\n  },\r\n  \"row\": {\r\n    \"type\": \"div\",\r\n    \"class\": \"bfb-newsletter-row\",\r\n    \"style\": \"\"\r\n  },\r\n  \"columnLeft\": {\r\n    \"type\": \"div\",\r\n    \"class\": \"bfb-newsletter-columnLeft\",\r\n    \"style\": \"\"\r\n  },\r\n  \"columnRight\": {\r\n    \"type\": \"div\",\r\n    \"class\": \"bfb-newsletter-columnRight\",\r\n    \"style\": \"\"\r\n  },\r\n  \"checkbox\": {\r\n    \"type\": \"input\",\r\n    \"class\": \"bfb-newsletter-checkbox\",\r\n    \"style\": \"\"\r\n  },\r\n  \"separator\": {\r\n    \"type\": \"br\",\r\n    \"class\": \"\",\r\n    \"style\": \"\"\r\n  },\r\n  \"input\": {\r\n    \"class\": \"bfb-newsletter-input\",\r\n    \"style\": \"\"\r\n  },\r\n  \"dropdown\": {\r\n    \"type\": \"select\",\r\n    \"class\": \"bfb-newsletter-select\",\r\n    \"style\": \"\"\r\n  },\r\n  \"button\": {\r\n    \"type\": \"button\",\r\n    \"class\": \"bfb-newsletter-button button\",\r\n    \"id\": \"\",\r\n    \"style\": \"\"\r\n  },\r\n  \"label\": {\r\n    \"type\": \"label\",\r\n    \"class\": \"bfb-newsletter-label\",\r\n    \"style\": \"\"\r\n  },\r\n  \"loader\": {\r\n    \"type\": \"img\",\r\n    \"src\": \"\/\/www.newsletter2go.com\/images\/loader.svg\",\r\n    \"class\": \"\",\r\n    \"style\": \"\"\r\n  },\r\n  \"message\": {\r\n    \"type\": \"h2\",\r\n    \"class\": \"bfb-newsletter-label-h2\",\r\n    \"id\": \"bfb-newsletter-label-h2\",\r\n    \"style\": \"\"\r\n  }\r\n},\"69f1161021966\");\n<\/script><\/div>\n            <\/section>\n","protected":false},"excerpt":{"rendered":"<p>Mit unserem BFB-Newsletter informieren wir Sie zeitnah \u00fcber zentrale Informationen zu den Freien Berufen und \u00fcber [&hellip;]<\/p>\n","protected":false},"author":674,"featured_media":0,"parent":0,"menu_order":9,"comment_status":"closed","ping_status":"closed","template":"page-newsletter.php","meta":{"footnotes":""},"acf":[],"publishpress_future_action":{"enabled":false,"date":"1970-01-01 01:00:00","action":"","terms":[],"taxonomy":"","browser_timezone_offset":0},"_links":{"self":[{"href":"https:\/\/bfb.pantamedia.de\/wordpress\/wp-json\/wp\/v2\/pages\/161"}],"collection":[{"href":"https:\/\/bfb.pantamedia.de\/wordpress\/wp-json\/wp\/v2\/pages"}],"about":[{"href":"https:\/\/bfb.pantamedia.de\/wordpress\/wp-json\/wp\/v2\/types\/page"}],"author":[{"embeddable":true,"href":"https:\/\/bfb.pantamedia.de\/wordpress\/wp-json\/wp\/v2\/users\/674"}],"replies":[{"embeddable":true,"href":"https:\/\/bfb.pantamedia.de\/wordpress\/wp-json\/wp\/v2\/comments?post=161"}],"version-history":[{"count":72,"href":"https:\/\/bfb.pantamedia.de\/wordpress\/wp-json\/wp\/v2\/pages\/161\/revisions"}],"predecessor-version":[{"id":12349,"href":"https:\/\/bfb.pantamedia.de\/wordpress\/wp-json\/wp\/v2\/pages\/161\/revisions\/12349"}],"wp:attachment":[{"href":"https:\/\/bfb.pantamedia.de\/wordpress\/wp-json\/wp\/v2\/media?parent=161"}],"curies":[{"name":"wp","href":"https:\/\/api.w.org\/{rel}","templated":true}]}}