{"id":1437,"date":"2017-09-19T17:11:30","date_gmt":"2017-09-19T15:11:30","guid":{"rendered":"https:\/\/www.freie-berufe.de\/wordpress\/?page_id=1437"},"modified":"2023-03-14T15:38:01","modified_gmt":"2023-03-14T14:38:01","slug":"scheinselbststaendigkeit","status":"publish","type":"page","link":"https:\/\/bfb.pantamedia.de\/wordpress\/themen\/soziale-sicherung\/scheinselbststaendigkeit\/","title":{"rendered":"Scheinselbstst\u00e4ndigkeit"},"content":{"rendered":"<p>Besteht Unsicherheit im Hinblick auf den Sozialversicherungsstatus (abh\u00e4ngige Besch\u00e4ftigung oder Selbstst\u00e4ndigkeit), so besteht nach \u00a7 7 a Abs. 1 SGB IV die M\u00f6glichkeit, in einem bei der Clearingstelle durchgef\u00fchrten Statusfeststellungsverfahren\/Anfrageverfahren eine Entscheidung der Deutschen Rentenversicherung Bund (DRV) \u2013 ehemals BfA \u2013 \u00fcber den Status des Erwerbst\u00e4tigen zu beantragen (Clearingstelle Deutsche Rentenversicherung Bund).<\/p>\n","protected":false},"excerpt":{"rendered":"<p>Besteht Unsicherheit im Hinblick auf den Sozialversicherungsstatus (abh\u00e4ngige Besch\u00e4ftigung oder Selbstst\u00e4ndigkeit), so besteht nach \u00a7 7 [&hellip;]<\/p>\n","protected":false},"author":674,"featured_media":0,"parent":101,"menu_order":0,"comment_status":"closed","ping_status":"closed","template":"","meta":{"footnotes":""},"acf":[],"publishpress_future_action":{"enabled":false,"date":"1970-01-01 01:00:00","action":"","terms":[],"taxonomy":"","browser_timezone_offset":0},"_links":{"self":[{"href":"https:\/\/bfb.pantamedia.de\/wordpress\/wp-json\/wp\/v2\/pages\/1437"}],"collection":[{"href":"https:\/\/bfb.pantamedia.de\/wordpress\/wp-json\/wp\/v2\/pages"}],"about":[{"href":"https:\/\/bfb.pantamedia.de\/wordpress\/wp-json\/wp\/v2\/types\/page"}],"author":[{"embeddable":true,"href":"https:\/\/bfb.pantamedia.de\/wordpress\/wp-json\/wp\/v2\/users\/674"}],"replies":[{"embeddable":true,"href":"https:\/\/bfb.pantamedia.de\/wordpress\/wp-json\/wp\/v2\/comments?post=1437"}],"version-history":[{"count":9,"href":"https:\/\/bfb.pantamedia.de\/wordpress\/wp-json\/wp\/v2\/pages\/1437\/revisions"}],"predecessor-version":[{"id":11410,"href":"https:\/\/bfb.pantamedia.de\/wordpress\/wp-json\/wp\/v2\/pages\/1437\/revisions\/11410"}],"up":[{"embeddable":true,"href":"https:\/\/bfb.pantamedia.de\/wordpress\/wp-json\/wp\/v2\/pages\/101"}],"wp:attachment":[{"href":"https:\/\/bfb.pantamedia.de\/wordpress\/wp-json\/wp\/v2\/media?parent=1437"}],"curies":[{"name":"wp","href":"https:\/\/api.w.org\/{rel}","templated":true}]}}