{"id":1435,"date":"2017-09-19T17:06:50","date_gmt":"2017-09-19T15:06:50","guid":{"rendered":"https:\/\/www.freie-berufe.de\/wordpress\/?page_id=1435"},"modified":"2023-03-14T15:17:02","modified_gmt":"2023-03-14T14:17:02","slug":"arbeitslosenversicherung","status":"publish","type":"page","link":"https:\/\/bfb.pantamedia.de\/wordpress\/themen\/soziale-sicherung\/arbeitslosenversicherung\/","title":{"rendered":"Arbeitslosenversicherung"},"content":{"rendered":"<p>Die M\u00f6glichkeit, sich als selbstst\u00e4ndiger Freiberufler (das gilt f\u00fcr alle anderen Selbstst\u00e4ndigen ebenso) gegen Arbeitslosigkeit in der Gesetzlichen Arbeitslosenversicherung (GAV) versichern zu lassen, besteht grunds\u00e4tzlich nicht (Ausnahme: siehe unten). Jeder Freiberufler hat jedoch seine angestellten Besch\u00e4ftigten der Bundesagentur f\u00fcr Arbeit binnen 14 Tagen zu melden.<\/p>\n<p>Freiwillige Arbeitslosenversicherung \u00fcber die Bundesagentur f\u00fcr Arbeit<\/p>\n<p>Um Existenzgr\u00fcndern den \u00dcbergang von einer abh\u00e4ngigen Besch\u00e4ftigung in die Selbstst\u00e4ndigkeit zu erleichtern, wurde mit dem Hartz-III-Gesetz die M\u00f6glichkeit f\u00fcr Selbstst\u00e4ndige geschaffen, sich freiwillig gegen Arbeitslosigkeit in der gesetzlichen Arbeitslosenversicherung (weiter) zu versichern. So k\u00f6nnen sich Selbstst\u00e4ndige gegen die insbesondere am Anfang der Selbstst\u00e4ndigkeit bestehenden Unsicherheiten ob des gesch\u00e4ftlichen Erfolgs der Selbstst\u00e4ndigkeit mit dem sog. &#8222;Versicherungspflichtverh\u00e4ltnis auf Antrag&#8220; absichern. Die Versicherung\u00a0 muss innerhalb von drei Monaten nach Aufnahme der selbst\u00e4ndigen T\u00e4tigkeit bei der Bundesagentur f\u00fcr Arbeit beantragt werden.<\/p>\n<p>N\u00e4here Ausk\u00fcnfte zu der freiwilligen Arbeitslosenversicherung gibt die Bundesagentur f\u00fcr Arbeit.<\/p>\n","protected":false},"excerpt":{"rendered":"<p>Die M\u00f6glichkeit, sich als selbstst\u00e4ndiger Freiberufler (das gilt f\u00fcr alle anderen Selbstst\u00e4ndigen ebenso) gegen Arbeitslosigkeit in [&hellip;]<\/p>\n","protected":false},"author":674,"featured_media":0,"parent":101,"menu_order":0,"comment_status":"closed","ping_status":"closed","template":"","meta":{"footnotes":""},"acf":[],"publishpress_future_action":{"enabled":false,"date":"1970-01-01 01:00:00","action":"","terms":[],"taxonomy":"","browser_timezone_offset":0},"_links":{"self":[{"href":"https:\/\/bfb.pantamedia.de\/wordpress\/wp-json\/wp\/v2\/pages\/1435"}],"collection":[{"href":"https:\/\/bfb.pantamedia.de\/wordpress\/wp-json\/wp\/v2\/pages"}],"about":[{"href":"https:\/\/bfb.pantamedia.de\/wordpress\/wp-json\/wp\/v2\/types\/page"}],"author":[{"embeddable":true,"href":"https:\/\/bfb.pantamedia.de\/wordpress\/wp-json\/wp\/v2\/users\/674"}],"replies":[{"embeddable":true,"href":"https:\/\/bfb.pantamedia.de\/wordpress\/wp-json\/wp\/v2\/comments?post=1435"}],"version-history":[{"count":3,"href":"https:\/\/bfb.pantamedia.de\/wordpress\/wp-json\/wp\/v2\/pages\/1435\/revisions"}],"predecessor-version":[{"id":11409,"href":"https:\/\/bfb.pantamedia.de\/wordpress\/wp-json\/wp\/v2\/pages\/1435\/revisions\/11409"}],"up":[{"embeddable":true,"href":"https:\/\/bfb.pantamedia.de\/wordpress\/wp-json\/wp\/v2\/pages\/101"}],"wp:attachment":[{"href":"https:\/\/bfb.pantamedia.de\/wordpress\/wp-json\/wp\/v2\/media?parent=1435"}],"curies":[{"name":"wp","href":"https:\/\/api.w.org\/{rel}","templated":true}]}}