{"id":1433,"date":"2017-09-19T17:05:48","date_gmt":"2017-09-19T15:05:48","guid":{"rendered":"https:\/\/www.freie-berufe.de\/wordpress\/?page_id=1433"},"modified":"2017-09-19T17:05:48","modified_gmt":"2017-09-19T15:05:48","slug":"unfallversicherung-und-arbeitsschutz","status":"publish","type":"page","link":"https:\/\/bfb.pantamedia.de\/wordpress\/themen\/soziale-sicherung\/unfallversicherung-und-arbeitsschutz\/","title":{"rendered":"Unfallversicherung und Arbeitsschutz"},"content":{"rendered":"<p>Tr\u00e4ger der Gesetzlichen Unfallversicherung sind die gewerblichen Berufsgenossenschaften. Eine Versicherungspflicht besteht f\u00fcr die unten stehenden Personen, ansonsten besteht f\u00fcr Selbstst\u00e4ndige in der Regel nur dann Versicherungspflicht, wenn Arbeitnehmer besch\u00e4ftigt sind, die \u00fcber den Arbeitgeber gegen Arbeitsunf\u00e4lle versichert sind. Es existieren aber auch hier einige Ausnahmen:<\/p>\n<p>Die einzelnen Berufsgenossenschaften k\u00f6nnen kraft Satzung Gewerbezweige festlegen, bei denen nach ihrer Auffassung ein soziales Schutzbed\u00fcrfnis besteht, das eine Einbeziehung in den Kreis der Versicherungspflichtigen rechtfertigt, \u00a7 3 Abs. 1 Nr. 1 SGB VII. In diesem Fall muss mit der Aufnahme der selbstst\u00e4ndigen T\u00e4tigkeit eine Anmeldung bei der zust\u00e4ndigen Berufsgenossenschaft erfolgen. Informationen \u00fcber die jeweilig zust\u00e4ndige Berufsgenossenschaft bietet die Deutsche Gesetzliche Unfallversicherung e.V. (DGUV) unter: der Infoline\u00a0 0800 60 50 40 4.<\/p>\n<p>Die gesetzliche Unfallversicherung finanziert sich allein aus den Beitr\u00e4gen der Arbeitgeber. Die H\u00f6he der Beitr\u00e4ge wird \u00fcber ein Umlageverfahren ermittelt und vom Unfallrisiko beeinflusst.<\/p>\n<p>F\u00fcr einen Gro\u00dfteil der Freien Berufe ist die Verwaltungs-Berufsgenossenschaft (VBG) zust\u00e4ndige Berufsgenossenschaft, f\u00fcr Heilkundler (\u00c4rzte usw.) ist die BG f\u00fcr Gesundheitsdienst und Wohlfahrtspflege (BGW) zust\u00e4ndig.<\/p>\n<h5>Es besteht Versicherungspflicht u.a. f\u00fcr folgende Freiberufler (alle in der BGW):<\/h5>\n<ul>\n<li>Krankengymnasten<\/li>\n<li>Physiotherapeuten<\/li>\n<li>Hebammen<\/li>\n<li>Masseure<\/li>\n<li>Medizinische Bademeister<\/li>\n<li>Fu\u00dfpfleger<\/li>\n<li>Logop\u00e4den<\/li>\n<li>Kranken- und Altenpfleger<\/li>\n<\/ul>\n<h5>Von der Versicherungspflicht explizit befreit sind u.a. selbstst\u00e4ndig t\u00e4tige:<\/h5>\n<ul>\n<li>\u00c4rzte<\/li>\n<li>Zahn\u00e4rzte<\/li>\n<li>Tier\u00e4rzte<\/li>\n<li>Psychologische Psychotherapeuten<\/li>\n<li>Kinder- und Jugendlichenpsychotherapeuten<\/li>\n<li>Heilpraktiker<\/li>\n<li>Apotheker<\/li>\n<\/ul>\n","protected":false},"excerpt":{"rendered":"<p>Tr\u00e4ger der Gesetzlichen Unfallversicherung sind die gewerblichen Berufsgenossenschaften. Eine Versicherungspflicht besteht f\u00fcr die unten stehenden Personen, [&hellip;]<\/p>\n","protected":false},"author":674,"featured_media":0,"parent":101,"menu_order":0,"comment_status":"closed","ping_status":"closed","template":"","meta":{"footnotes":""},"acf":[],"publishpress_future_action":{"enabled":false,"date":"1970-01-01 01:00:00","action":"","terms":[],"taxonomy":"","browser_timezone_offset":0},"_links":{"self":[{"href":"https:\/\/bfb.pantamedia.de\/wordpress\/wp-json\/wp\/v2\/pages\/1433"}],"collection":[{"href":"https:\/\/bfb.pantamedia.de\/wordpress\/wp-json\/wp\/v2\/pages"}],"about":[{"href":"https:\/\/bfb.pantamedia.de\/wordpress\/wp-json\/wp\/v2\/types\/page"}],"author":[{"embeddable":true,"href":"https:\/\/bfb.pantamedia.de\/wordpress\/wp-json\/wp\/v2\/users\/674"}],"replies":[{"embeddable":true,"href":"https:\/\/bfb.pantamedia.de\/wordpress\/wp-json\/wp\/v2\/comments?post=1433"}],"version-history":[{"count":1,"href":"https:\/\/bfb.pantamedia.de\/wordpress\/wp-json\/wp\/v2\/pages\/1433\/revisions"}],"predecessor-version":[{"id":1434,"href":"https:\/\/bfb.pantamedia.de\/wordpress\/wp-json\/wp\/v2\/pages\/1433\/revisions\/1434"}],"up":[{"embeddable":true,"href":"https:\/\/bfb.pantamedia.de\/wordpress\/wp-json\/wp\/v2\/pages\/101"}],"wp:attachment":[{"href":"https:\/\/bfb.pantamedia.de\/wordpress\/wp-json\/wp\/v2\/media?parent=1433"}],"curies":[{"name":"wp","href":"https:\/\/api.w.org\/{rel}","templated":true}]}}