{"id":1426,"date":"2017-09-19T17:05:07","date_gmt":"2017-09-19T15:05:07","guid":{"rendered":"https:\/\/www.freie-berufe.de\/wordpress\/?page_id=1426"},"modified":"2022-02-09T15:37:40","modified_gmt":"2022-02-09T14:37:40","slug":"krankenversicherung-und-pflegeversicherung","status":"publish","type":"page","link":"https:\/\/bfb.pantamedia.de\/wordpress\/themen\/soziale-sicherung\/krankenversicherung-und-pflegeversicherung\/","title":{"rendered":"Krankenversicherung und Pflegeversicherung"},"content":{"rendered":"<p>Freiberufler m\u00fcssen, wie alle anderen B\u00fcrgerinnen und B\u00fcrger auch, krankenversichert sein: entweder in der gesetzlichen oder einer privaten Krankenversicherung. Seit der Verabschiedung der Gesundheitsreform im Jahr 2009 besteht eine allgemeine Versicherungspflicht. Ein Sonderfall sind hier die selbstst\u00e4ndigen K\u00fcnstler und Publizisten. Sie m\u00fcssen sich \u00fcber die K\u00fcnstlersozialversicherung krankenversichern. Daf\u00fcr m\u00fcssen sie ihre Beitr\u00e4ge f\u00fcr die Kranken- und Pflegeversicherung an die K\u00fcnstlersozialkasse, die KSK, bezahlen. Diese leitet sie an die Krankenkasse weiter, genauer: an den Gesundheitsfonds.<\/p>\n<p>Grunds\u00e4tzlich m\u00fcssen Selbstst\u00e4ndige dabei in das Versicherungssystem zur\u00fcckkehren, in dem sie zuletzt versichert waren: Selbstst\u00e4ndige, die zuletzt gesetzlich krankenversichert (GKV) waren, k\u00f6nnen wieder zur\u00fcck in ihre alte Kasse, m\u00fcssen aber die Beitr\u00e4ge r\u00fcckwirkend zum 1. April 2007 zahlen. F\u00fcr Selbstst\u00e4ndige, die eine private Krankenversicherung (PKV) finden, die sie aufnimmt, entfallen diese R\u00fcckzahlungen. Gleichwohl sollte hier bedacht werden, dass die Beitr\u00e4ge bzw. Pr\u00e4mien zur PKV mit zunehmendem Alter steigen.<\/p>\n<p>Personen, die fr\u00fcher gar nicht krankenversichert waren, k\u00f6nnen entscheiden, ob sie die GKV oder PKV w\u00e4hlen. Beide Systeme d\u00fcrfen die Selbstst\u00e4ndigen dann nicht ablehnen. In der PKV haben sie mindestens Zugang zum sog. Basistarif. Die Beitr\u00e4ge zum Basistarif orientieren sich an Geschlecht und Alter (ohne weitere Risikozuschl\u00e4ge) und d\u00fcrfen den durchschnittlichen H\u00f6chstbeitrag in der GKV nicht \u00fcberschreiten.<\/p>\n","protected":false},"excerpt":{"rendered":"<p>Freiberufler m\u00fcssen, wie alle anderen B\u00fcrgerinnen und B\u00fcrger auch, krankenversichert sein: entweder in der gesetzlichen oder [&hellip;]<\/p>\n","protected":false},"author":674,"featured_media":0,"parent":101,"menu_order":0,"comment_status":"closed","ping_status":"closed","template":"","meta":{"footnotes":""},"acf":[],"publishpress_future_action":{"enabled":false,"date":"1970-01-01 01:00:00","action":"","terms":[],"taxonomy":"","browser_timezone_offset":0},"_links":{"self":[{"href":"https:\/\/bfb.pantamedia.de\/wordpress\/wp-json\/wp\/v2\/pages\/1426"}],"collection":[{"href":"https:\/\/bfb.pantamedia.de\/wordpress\/wp-json\/wp\/v2\/pages"}],"about":[{"href":"https:\/\/bfb.pantamedia.de\/wordpress\/wp-json\/wp\/v2\/types\/page"}],"author":[{"embeddable":true,"href":"https:\/\/bfb.pantamedia.de\/wordpress\/wp-json\/wp\/v2\/users\/674"}],"replies":[{"embeddable":true,"href":"https:\/\/bfb.pantamedia.de\/wordpress\/wp-json\/wp\/v2\/comments?post=1426"}],"version-history":[{"count":5,"href":"https:\/\/bfb.pantamedia.de\/wordpress\/wp-json\/wp\/v2\/pages\/1426\/revisions"}],"predecessor-version":[{"id":9881,"href":"https:\/\/bfb.pantamedia.de\/wordpress\/wp-json\/wp\/v2\/pages\/1426\/revisions\/9881"}],"up":[{"embeddable":true,"href":"https:\/\/bfb.pantamedia.de\/wordpress\/wp-json\/wp\/v2\/pages\/101"}],"wp:attachment":[{"href":"https:\/\/bfb.pantamedia.de\/wordpress\/wp-json\/wp\/v2\/media?parent=1426"}],"curies":[{"name":"wp","href":"https:\/\/api.w.org\/{rel}","templated":true}]}}