{"id":1411,"date":"2017-09-19T15:57:47","date_gmt":"2017-09-19T13:57:47","guid":{"rendered":"https:\/\/www.freie-berufe.de\/wordpress\/?page_id=1411"},"modified":"2022-11-28T12:36:27","modified_gmt":"2022-11-28T11:36:27","slug":"rentenversicherung-und-altersvorsorge","status":"publish","type":"page","link":"https:\/\/bfb.pantamedia.de\/wordpress\/themen\/soziale-sicherung\/rentenversicherung-und-altersvorsorge\/","title":{"rendered":"Rentenversicherung und Altersvorsorge"},"content":{"rendered":"<p>Die verkammerten Freien Berufe (\u00c4rzte, Zahn\u00e4rzte, Tier\u00e4rzte, Apotheker, Architekten, Rechtsanw\u00e4lte, Notare, Steuerberater und -bevollm\u00e4chtigte, Wirtschaftspr\u00fcfer und vereidigte Buchpr\u00fcfer, Ingenieure und Psychotherapeuten) sind unabh\u00e4ngig vom wirtschaftlichen Status der Berufsaus\u00fcbung als Angestellte oder Selbstst\u00e4ndige Pflichtmitglieder im berufsst\u00e4ndischen Versorgungswerk ihrer Kammer. Angestellt T\u00e4tige k\u00f6nnen sich zugunsten des Versorgungswerks von der Versicherungspflicht in der gesetzlichen Rentenversicherung befreien lassen, wenn neben der Pflichtmitgliedschaft im Versorgungswerk auch Pflichtmitgliedschaft zur Kammer bereits vor dem 1. Januar 1995 bestand. Diese Doppelanforderung erf\u00fcllen alle Berufsst\u00e4nde, au\u00dfer denen der Ingenieure und Psychotherapeuten. Ausk\u00fcnfte zur Mitgliedschaft im Versorgungswerk im Einzelfall erteilt das zust\u00e4ndige Versorgungswerk, zu allgemeinen Fragen der berufsst\u00e4ndischen Versorgung die <a href=\"https:\/\/www.abv.de\/\">Arbeitsgemeinschaft berufsst\u00e4ndischer Versorgungseinrichtungen<\/a> (ABV).<\/p>\n<p>Auch unter den nichtverkammerten Freiberuflern gibt es Personen, die nach \u00a7 2 Satz 1 Nr. 1 SGB VI \u00fcber die <a href=\"https:\/\/www.deutsche-rentenversicherung.de\/Allgemein\/de\/Navigation\/0_Home\/home_node.html\">Deutsche Rentenversicherung Bund<\/a> (ehemals Bundesversicherungsanstalt f\u00fcr Angestellte (BfA)) rentenversicherungspflichtig sind, da sie laut Gesetzgeber als sozial schutzbed\u00fcrftig gelten.<\/p>\n<p>Im Zusammenhang mit der Sozialversicherungspflicht ist auch die Frage, ob eine Scheinselbstst\u00e4ndigkeit vorliegt, von Bedeutung. Hierzu hat die Deutsche Rentenversicherung Bund ein Statusfeststellungsverfahren erarbeitet. Erste Informationen gibt es auch <a href=\"https:\/\/www.freie-berufe.de\/themen\/soziale-sicherung\/scheinselbststaendigkeit\/\">hier<\/a>.<\/p>\n<p>Unabh\u00e4ngig davon, ob eine Versicherungspflicht in der Gesetzlichen Rentenversicherung besteht oder nicht, sollten insbesondere Freiberufler, die keinen Zugang zu berufsst\u00e4ndischen Versorgungswerken haben, zus\u00e4tzlich eine private Altersvorsorge betreiben.<\/p>\n<p>Wichtig in sozialversicherungsrechtlicher Hinsicht war in diesem Zusammenhang das <a href=\"https:\/\/www.bmjv.de\/SharedDocs\/Gesetzgebungsverfahren\/DE\/Neuordnung_Syndikusanwaelterecht.html\">Gesetz zur Neuordnung des Rechts der Syndikusanw\u00e4lte<\/a>, welches seit Januar 2016 in Kraft ist. Das Gesetz hat den Rechtszustand wieder hergestellt, der vor den sogenannten Syndikus-Urteilen des Bundessozialgerichts vom 3. April 2014 bestanden hat. Entsprechend der bis dahin geltenden Praxis der Deutschen Rentenversicherung Bund konnten Syndikusanw\u00e4lte von der gesetzlichen Rentenversicherungspflicht befreit werden, sofern sie Pflichtmitglied in einem anwaltlichen Versorgungswerk waren und ihre T\u00e4tigkeit bestimmten Kriterien entsprach. Durch das Gesetz ist klargestellt worden, dass auch k\u00fcnftig eine Befreiung von der gesetzlichen Rentenversicherung erfolgt und dass die t\u00e4tigkeitsbezogene Zulassung als Syndikusrechtsanwalt Bindungswirkung f\u00fcr die nachfolgende sozialrechtliche Entscheidung \u00fcber die Befreiung von der Rentenversicherungspflicht entfaltet.<\/p>\n<div class=\"csc-header csc-header-n1\">\n<h2 class=\"csc-firstHeader\">Private Altersvorsorge<\/h2>\n<\/div>\n<div class=\"csc-textpic-text\">\n<p>Viele Angeh\u00f6rige der Freien Berufe \u2013 in der Regel die sogenannten \u201everkammerten Freien Berufe\u201c \u2013 haben die M\u00f6glichkeit bzw. sind verpflichtet, in das f\u00fcr sie zust\u00e4ndige berufsst\u00e4ndische Versorgungswerk einzutreten. \u00dcber dieses sind sie f\u00fcr das Alter und den Ruhestand abgesichert. Das betrifft insgesamt zw\u00f6lf Freie Berufe, z. B. \u00c4rzte, Rechtsanw\u00e4lte, Steuerberater, Architekten oder Psychotherapeuten. Eine Ausnahme sind die Psychologischen Psychotherapeuten in Berlin. F\u00fcr sie gibt es kein Versorgungswerk ihrer Kammer. Auch f\u00fcr Ingenieure gilt eine Ausnahme: diese k\u00f6nnen Mitglied ihrer Kammer sein, m\u00fcssen dies aber nicht. Wenn sie Kammermitglied sind, m\u00fcssen sie sich in der Regel \u00fcber ihr Versorgungswerk rentenversichern. Wenn sie nicht in der Kammer sind, k\u00f6nnen sie ihre Altersvorsorge eigenst\u00e4ndig organisieren.<\/p>\n<p>Eine gro\u00dfe Zahl von Freiberuflern hat diese M\u00f6glichkeit jedoch nicht und ist somit gehalten, eine private Altersvorsorge etwa in Form einer Riester Rente oder R\u00fcrup-Rente vorzunehmen.<\/p>\n<\/div>\n","protected":false},"excerpt":{"rendered":"<p>Die verkammerten Freien Berufe (\u00c4rzte, Zahn\u00e4rzte, Tier\u00e4rzte, Apotheker, Architekten, Rechtsanw\u00e4lte, Notare, Steuerberater und -bevollm\u00e4chtigte, Wirtschaftspr\u00fcfer und [&hellip;]<\/p>\n","protected":false},"author":674,"featured_media":0,"parent":101,"menu_order":0,"comment_status":"closed","ping_status":"closed","template":"","meta":{"footnotes":""},"acf":[],"publishpress_future_action":{"enabled":false,"date":"1970-01-01 01:00:00","action":"","terms":[],"taxonomy":"","browser_timezone_offset":0},"_links":{"self":[{"href":"https:\/\/bfb.pantamedia.de\/wordpress\/wp-json\/wp\/v2\/pages\/1411"}],"collection":[{"href":"https:\/\/bfb.pantamedia.de\/wordpress\/wp-json\/wp\/v2\/pages"}],"about":[{"href":"https:\/\/bfb.pantamedia.de\/wordpress\/wp-json\/wp\/v2\/types\/page"}],"author":[{"embeddable":true,"href":"https:\/\/bfb.pantamedia.de\/wordpress\/wp-json\/wp\/v2\/users\/674"}],"replies":[{"embeddable":true,"href":"https:\/\/bfb.pantamedia.de\/wordpress\/wp-json\/wp\/v2\/comments?post=1411"}],"version-history":[{"count":18,"href":"https:\/\/bfb.pantamedia.de\/wordpress\/wp-json\/wp\/v2\/pages\/1411\/revisions"}],"predecessor-version":[{"id":11150,"href":"https:\/\/bfb.pantamedia.de\/wordpress\/wp-json\/wp\/v2\/pages\/1411\/revisions\/11150"}],"up":[{"embeddable":true,"href":"https:\/\/bfb.pantamedia.de\/wordpress\/wp-json\/wp\/v2\/pages\/101"}],"wp:attachment":[{"href":"https:\/\/bfb.pantamedia.de\/wordpress\/wp-json\/wp\/v2\/media?parent=1411"}],"curies":[{"name":"wp","href":"https:\/\/api.w.org\/{rel}","templated":true}]}}