{"id":1407,"date":"2017-09-19T15:54:35","date_gmt":"2017-09-19T13:54:35","guid":{"rendered":"https:\/\/www.freie-berufe.de\/wordpress\/?page_id=1407"},"modified":"2021-04-30T10:22:59","modified_gmt":"2021-04-30T08:22:59","slug":"begabtenfoerderung","status":"publish","type":"page","link":"https:\/\/bfb.pantamedia.de\/wordpress\/themen\/bildung\/begabtenfoerderung\/","title":{"rendered":"Begabtenf\u00f6rderung"},"content":{"rendered":"<div class=\"csc-textpic-imagewrap\">\n<div class=\"csc-textpic-center-outer\">\n<div class=\"csc-textpic-center-inner\">\n<div class=\"csc-textpic-imagerow csc-textpic-imagerow-last\">\n<div class=\"csc-textpic-imagecolumn csc-textpic-firstcol\">\n<div class=\"csc-textpic-image csc-textpic-last\"><img loading=\"lazy\" decoding=\"async\" class=\"alignnone size-medium wp-image-8377\" src=\"https:\/\/bfb.pantamedia.de\/wp-content\/uploads\/2021\/04\/Weiterbildungsstipendium_RGB-300x58.jpg\" alt=\"\" width=\"300\" height=\"58\" srcset=\"https:\/\/bfb.pantamedia.de\/wordpress\/wp-content\/uploads\/2021\/04\/Weiterbildungsstipendium_RGB-300x58.jpg 300w, https:\/\/bfb.pantamedia.de\/wordpress\/wp-content\/uploads\/2021\/04\/Weiterbildungsstipendium_RGB-1024x198.jpg 1024w, https:\/\/bfb.pantamedia.de\/wordpress\/wp-content\/uploads\/2021\/04\/Weiterbildungsstipendium_RGB-768x149.jpg 768w, https:\/\/bfb.pantamedia.de\/wordpress\/wp-content\/uploads\/2021\/04\/Weiterbildungsstipendium_RGB-160x31.jpg 160w, https:\/\/bfb.pantamedia.de\/wordpress\/wp-content\/uploads\/2021\/04\/Weiterbildungsstipendium_RGB-232x45.jpg 232w, https:\/\/bfb.pantamedia.de\/wordpress\/wp-content\/uploads\/2021\/04\/Weiterbildungsstipendium_RGB-90x17.jpg 90w, https:\/\/bfb.pantamedia.de\/wordpress\/wp-content\/uploads\/2021\/04\/Weiterbildungsstipendium_RGB-697x135.jpg 697w, https:\/\/bfb.pantamedia.de\/wordpress\/wp-content\/uploads\/2021\/04\/Weiterbildungsstipendium_RGB-826x160.jpg 826w, https:\/\/bfb.pantamedia.de\/wordpress\/wp-content\/uploads\/2021\/04\/Weiterbildungsstipendium_RGB.jpg 1063w\" sizes=\"(max-width: 300px) 100vw, 300px\" \/>\u00a0\u00a0<img loading=\"lazy\" decoding=\"async\" class=\"alignnone size-medium wp-image-8376\" src=\"https:\/\/bfb.pantamedia.de\/wp-content\/uploads\/2021\/04\/Aufstiegsstipendium_RGB_g-e1619769379106-300x59.jpg\" alt=\"\" width=\"300\" height=\"59\" srcset=\"https:\/\/bfb.pantamedia.de\/wordpress\/wp-content\/uploads\/2021\/04\/Aufstiegsstipendium_RGB_g-e1619769379106-300x59.jpg 300w, https:\/\/bfb.pantamedia.de\/wordpress\/wp-content\/uploads\/2021\/04\/Aufstiegsstipendium_RGB_g-e1619769379106-1024x202.jpg 1024w, https:\/\/bfb.pantamedia.de\/wordpress\/wp-content\/uploads\/2021\/04\/Aufstiegsstipendium_RGB_g-e1619769379106-768x152.jpg 768w, https:\/\/bfb.pantamedia.de\/wordpress\/wp-content\/uploads\/2021\/04\/Aufstiegsstipendium_RGB_g-e1619769379106-1536x303.jpg 1536w, https:\/\/bfb.pantamedia.de\/wordpress\/wp-content\/uploads\/2021\/04\/Aufstiegsstipendium_RGB_g-e1619769379106-160x32.jpg 160w, https:\/\/bfb.pantamedia.de\/wordpress\/wp-content\/uploads\/2021\/04\/Aufstiegsstipendium_RGB_g-e1619769379106-228x45.jpg 228w, https:\/\/bfb.pantamedia.de\/wordpress\/wp-content\/uploads\/2021\/04\/Aufstiegsstipendium_RGB_g-e1619769379106-90x18.jpg 90w, https:\/\/bfb.pantamedia.de\/wordpress\/wp-content\/uploads\/2021\/04\/Aufstiegsstipendium_RGB_g-e1619769379106-684x135.jpg 684w, https:\/\/bfb.pantamedia.de\/wordpress\/wp-content\/uploads\/2021\/04\/Aufstiegsstipendium_RGB_g-e1619769379106-811x160.jpg 811w, https:\/\/bfb.pantamedia.de\/wordpress\/wp-content\/uploads\/2021\/04\/Aufstiegsstipendium_RGB_g-e1619769379106.jpg 1541w\" sizes=\"(max-width: 300px) 100vw, 300px\" \/><\/div>\n<\/div>\n<\/div>\n<\/div>\n<\/div>\n<\/div>\n<div class=\"csc-textpic-text\">\n<p><strong><br \/>\nStipendien f\u00fcr berufliche Talente<\/strong><\/p>\n<p>Der BFB ist neben dem DIHK und DHKT einer der drei Gesellschafter der SBB \u2013 Stiftung Begabtenf\u00f6rderung berufliche Bildung. Die SBB koordiniert im Auftrag und mit Mitteln des Bundesministeriums f\u00fcr Bildung und Forschung zwei Stipendienprogramme f\u00fcr Menschen, die in Ausbildung und Beruf besondere Leistungen gezeigt haben.<\/p>\n<p>Das <strong>Weiterbildungsstipendium<\/strong> unterst\u00fctzt Berufseinsteiger unter 25 Jahren bei der weiteren beruflichen Qualifizierung. Das Stipendium f\u00f6rdert fachliche und fach\u00fcbergreifende Weiterbildungen. Unter bestimmten Voraussetzungen kann auch ein berufsbegleitendes Studium gef\u00f6rdert werden.<\/p>\n<p>Voraussetzung f\u00fcr die Bewerbung ist eine mit einem besonders guten Ergebnis abgeschlossene Ausbildung in einem anerkannten dualen Ausbildungsberuf auf der Grundlage des Berufsbildungsgesetzes (BBiG), der Handwerksordnung (HwO) oder in einem bundesgesetzlich geregelten Fachberuf im Gesundheitswesen. Auch der begr\u00fcndete Vorschlag des Arbeitgebers oder der Berufsschule kann f\u00fcr die Bewerbung qualifizieren.<\/p>\n<p>Interessierte mit einer Ausbildung aus dem Bereich Freie Berufe, etwa Rechtsanwaltsfachangestellte\/r oder Pharmazeutisch-Kaufm\u00e4nnische Angestellte (PKA) wenden sich an die Kammer, bei der das Ausbildungsverh\u00e4ltnis eingetragen war. F\u00fcr die bundesgesetzlich geregelten Gesundheitsfachberufe, zum Beispiel Physiotherapeut\/in, Altenpfleger\/in, ist die SBB die direkte Ansprechpartnerin.<\/p>\n<p>Weitere Informationen: <a class=\"external-link-new-window\" title=\"Opens external link in new window\" href=\"http:\/\/www.weiterbildungsstipendium.de\/\" target=\"_blank\" rel=\"noopener\">www.weiterbildungsstipendium.de<\/a><\/p>\n<p>Das <strong>Aufstiegsstipendium<\/strong> unterst\u00fctzt Berufserfahrene bei der Durchf\u00fchrung eines ersten akademischen Hochschulstudiums. Das Programm richtet sich vor allem an diejenigen, die ihre Hochschulzugangsberechtigung durch mehrj\u00e4hrige Berufserfahrung, Anerkennung einer besonderen fachlichen Begabung (Begabtenpr\u00fcfung, Eignungspr\u00fcfung) oder eine berufliche Fortbildung (Techniker, Meister oder vergleichbare Abschl\u00fcsse) erworben haben. Doch auch diejenigen, die vor, w\u00e4hrend oder nach ihrer Ausbildung die schulische Hochschulreife erlangt haben, sind f\u00f6rderberechtigt.<\/p>\n<p>Voraussetzungen f\u00fcr die Bewerbung um ein Aufstiegsstipendium sind eine abgeschlossene Berufsausbildung, mindestens zwei Jahre Berufspraxis nach der Ausbildung sowie der Nachweis einer besonderen beruflichen Leistungsf\u00e4higkeit. Diese kann unter anderem durch eine hervorragende Abschlussnote der Ausbildungspr\u00fcfung oder einer Aufstiegsfortbildung belegt werden.<\/p>\n<p>Weitere Informationen: <a class=\"external-link-new-window\" title=\"Opens external link in new window\" href=\"http:\/\/www.aufstiegsstipendium.de\/\" target=\"_blank\" rel=\"noopener\">www.aufstiegsstipendium.de<\/a><\/p>\n<\/div>\n","protected":false},"excerpt":{"rendered":"<p>\u00a0\u00a0 Stipendien f\u00fcr berufliche Talente Der BFB ist neben dem DIHK und DHKT einer der drei [&hellip;]<\/p>\n","protected":false},"author":674,"featured_media":0,"parent":100,"menu_order":6,"comment_status":"closed","ping_status":"closed","template":"","meta":{"footnotes":""},"acf":[],"publishpress_future_action":{"enabled":false,"date":"1970-01-01 01:00:00","action":"","terms":[],"taxonomy":"","browser_timezone_offset":0},"_links":{"self":[{"href":"https:\/\/bfb.pantamedia.de\/wordpress\/wp-json\/wp\/v2\/pages\/1407"}],"collection":[{"href":"https:\/\/bfb.pantamedia.de\/wordpress\/wp-json\/wp\/v2\/pages"}],"about":[{"href":"https:\/\/bfb.pantamedia.de\/wordpress\/wp-json\/wp\/v2\/types\/page"}],"author":[{"embeddable":true,"href":"https:\/\/bfb.pantamedia.de\/wordpress\/wp-json\/wp\/v2\/users\/674"}],"replies":[{"embeddable":true,"href":"https:\/\/bfb.pantamedia.de\/wordpress\/wp-json\/wp\/v2\/comments?post=1407"}],"version-history":[{"count":3,"href":"https:\/\/bfb.pantamedia.de\/wordpress\/wp-json\/wp\/v2\/pages\/1407\/revisions"}],"predecessor-version":[{"id":8379,"href":"https:\/\/bfb.pantamedia.de\/wordpress\/wp-json\/wp\/v2\/pages\/1407\/revisions\/8379"}],"up":[{"embeddable":true,"href":"https:\/\/bfb.pantamedia.de\/wordpress\/wp-json\/wp\/v2\/pages\/100"}],"wp:attachment":[{"href":"https:\/\/bfb.pantamedia.de\/wordpress\/wp-json\/wp\/v2\/media?parent=1407"}],"curies":[{"name":"wp","href":"https:\/\/api.w.org\/{rel}","templated":true}]}}