{"id":1400,"date":"2017-09-19T15:52:47","date_gmt":"2017-09-19T13:52:47","guid":{"rendered":"https:\/\/www.freie-berufe.de\/wordpress\/?page_id=1400"},"modified":"2022-02-18T11:11:00","modified_gmt":"2022-02-18T10:11:00","slug":"einstiegsqualifizierungen","status":"publish","type":"page","link":"https:\/\/bfb.pantamedia.de\/wordpress\/themen\/bildung\/einstiegsqualifizierungen\/","title":{"rendered":"Einstiegsqualifizierungen"},"content":{"rendered":"<p>Betriebliche Einstiegsqualifizierungen (EQ) sind ein im Rahmen des Ausbildungspaktes entwickeltes Angebot, das jungen Menschen mit Vermittlungshemmnissen als Br\u00fccke in die Berufsausbildung dient. Eine Einstiegsqualifizierung ist ein betriebliches Langzeitpraktikum von mindestens sechs bis maximal 12 Monaten, das bereits Elemente eines Ausbildungsberufes vermittelt. Die Agentur f\u00fcr Arbeit leistet dem Arbeitgeber einen Zuschuss zur Verg\u00fctung von derzeit bis zu 243 Euro im Monat und \u00fcbernimmt die pauschalierten Sozialversicherungsbeitr\u00e4ge. Eine anschlie\u00dfende \u00dcbernahme in Ausbildung sollte angestrebt werden, ist aber nicht zwingend.<\/p>\n<p>Mit einer \u00dcbergangsquote in betriebliche Berufsausbildung von \u00fcber 60 Prozent haben sich betriebliche Einstiegsqualifizierungen in den vergangenen Jahren auch bei den Freien Berufen als ein erfolgreiches Instrument zur beruflichen Integration junger Menschen und zur Stabilisierung und Ausweitung betrieblicher Berufsausbildung erwiesen.<\/p>\n<p>Rechtliche Grundlage der EQ bildet der \u00a7 54 a SGB III.<\/p>\n","protected":false},"excerpt":{"rendered":"<p>Betriebliche Einstiegsqualifizierungen (EQ) sind ein im Rahmen des Ausbildungspaktes entwickeltes Angebot, das jungen Menschen mit Vermittlungshemmnissen [&hellip;]<\/p>\n","protected":false},"author":674,"featured_media":0,"parent":100,"menu_order":7,"comment_status":"closed","ping_status":"closed","template":"","meta":{"footnotes":""},"acf":[],"publishpress_future_action":{"enabled":false,"date":"1970-01-01 01:00:00","action":"","terms":[],"taxonomy":"","browser_timezone_offset":0},"_links":{"self":[{"href":"https:\/\/bfb.pantamedia.de\/wordpress\/wp-json\/wp\/v2\/pages\/1400"}],"collection":[{"href":"https:\/\/bfb.pantamedia.de\/wordpress\/wp-json\/wp\/v2\/pages"}],"about":[{"href":"https:\/\/bfb.pantamedia.de\/wordpress\/wp-json\/wp\/v2\/types\/page"}],"author":[{"embeddable":true,"href":"https:\/\/bfb.pantamedia.de\/wordpress\/wp-json\/wp\/v2\/users\/674"}],"replies":[{"embeddable":true,"href":"https:\/\/bfb.pantamedia.de\/wordpress\/wp-json\/wp\/v2\/comments?post=1400"}],"version-history":[{"count":7,"href":"https:\/\/bfb.pantamedia.de\/wordpress\/wp-json\/wp\/v2\/pages\/1400\/revisions"}],"predecessor-version":[{"id":9962,"href":"https:\/\/bfb.pantamedia.de\/wordpress\/wp-json\/wp\/v2\/pages\/1400\/revisions\/9962"}],"up":[{"embeddable":true,"href":"https:\/\/bfb.pantamedia.de\/wordpress\/wp-json\/wp\/v2\/pages\/100"}],"wp:attachment":[{"href":"https:\/\/bfb.pantamedia.de\/wordpress\/wp-json\/wp\/v2\/media?parent=1400"}],"curies":[{"name":"wp","href":"https:\/\/api.w.org\/{rel}","templated":true}]}}