{"id":1388,"date":"2017-09-19T15:20:04","date_gmt":"2017-09-19T13:20:04","guid":{"rendered":"https:\/\/www.freie-berufe.de\/wordpress\/?page_id=1388"},"modified":"2021-05-05T11:02:54","modified_gmt":"2021-05-05T09:02:54","slug":"deutscher-qualifikationsrahmen-dqr","status":"publish","type":"page","link":"https:\/\/bfb.pantamedia.de\/wordpress\/themen\/bildung\/europaeischer-und-deutscher-qualifikationsrahmen\/deutscher-qualifikationsrahmen-dqr\/","title":{"rendered":"Deutscher Qualifikationsrahmen DQR"},"content":{"rendered":"<p>Der Deutsche Qualifikationsrahmen (DQR) ist ein Hilfsmittel, mit dem alle in Deutschland erwerbbaren und angebotenen Qualifikationen den acht Niveaustufen des Europ\u00e4ischen Qualifikationsrahmens (EQR) zugeordnet werden k\u00f6nnen. Dadurch wird die Vergleichbarkeit von Bildungsabschl\u00fcssen in Europa verbessert und die Mobilit\u00e4t von Lernenden und Arbeitnehmern erh\u00f6ht. Der DQR soll alle schulischen, akademischen, beruflichen und anderweitig erworbenen Qualifikationen abbilden und so einen Rahmen f\u00fcr das lebenslange Lernen bieten. So sollen die Qualifikationen z.B. f\u00fcr die Lernenden und potenziellen Arbeitgeber sichtbar und verst\u00e4ndlich gemacht und besser erkennbar werden, \u00fcber welche Kenntnisse, Fertigkeiten und Kompetenzen ein Bewerber verf\u00fcgt. Dabei wird den Besonderheiten des deutschen Bildungssystems Rechnung getragen. Bei der Entwicklung des DQR sollen u.a. der Europ\u00e4ische Qualifikationsrahmen f\u00fcr den Hochschulbereich (Bologna-Prozess) und der Deutsche Qualifikationsrahmen f\u00fcr Hochschulabschl\u00fcsse Ber\u00fccksichtigung finden.<\/p>\n<p><strong>Ziel des DQR<\/strong> ist es,<\/p>\n<ul>\n<li>das deutsche Qualifikationssystem transparenter zu machen und Verl\u00e4sslichkeit, Durchl\u00e4ssigkeit sowie Qualit\u00e4tssicherung zu unterst\u00fctzen und die Vergleichbarkeit und Unterscheidung von Qualifikationen zu erleichtern,<\/li>\n<li>ein \u00dcbersetzungsinstrument f\u00fcr den Bildungs- und Besch\u00e4ftigungsbereich zu schaffen, um Qualifikationen besser einordnen zu k\u00f6nnen und die Anerkennung von in Deutschland erworbenen Qualifikationen in Europa zu erleichtern,<\/li>\n<li>die Mobilit\u00e4t von Lernenden und Besch\u00e4ftigten innerhalb Deutschlands und zwischen Deutschland und anderen europ\u00e4ischen L\u00e4ndern zu f\u00f6rdern,<\/li>\n<li>die Orientierung an Kompetenzen und Lernergebnissen (Outcome-Orientierung) zu f\u00f6rdern und<\/li>\n<li>M\u00f6glichkeiten der Anerkennung und Anrechnung von Ergebnissen informellen Lernens zu verbessern, um lebenslanges Lernen insgesamt zu st\u00e4rken.<\/li>\n<\/ul>\n","protected":false},"excerpt":{"rendered":"<p>Der Deutsche Qualifikationsrahmen (DQR) ist ein Hilfsmittel, mit dem alle in Deutschland erwerbbaren und angebotenen Qualifikationen [&hellip;]<\/p>\n","protected":false},"author":674,"featured_media":0,"parent":1383,"menu_order":2,"comment_status":"closed","ping_status":"closed","template":"","meta":{"footnotes":""},"acf":[],"publishpress_future_action":{"enabled":false,"date":"1970-01-01 01:00:00","action":"","terms":[],"taxonomy":"","browser_timezone_offset":0},"_links":{"self":[{"href":"https:\/\/bfb.pantamedia.de\/wordpress\/wp-json\/wp\/v2\/pages\/1388"}],"collection":[{"href":"https:\/\/bfb.pantamedia.de\/wordpress\/wp-json\/wp\/v2\/pages"}],"about":[{"href":"https:\/\/bfb.pantamedia.de\/wordpress\/wp-json\/wp\/v2\/types\/page"}],"author":[{"embeddable":true,"href":"https:\/\/bfb.pantamedia.de\/wordpress\/wp-json\/wp\/v2\/users\/674"}],"replies":[{"embeddable":true,"href":"https:\/\/bfb.pantamedia.de\/wordpress\/wp-json\/wp\/v2\/comments?post=1388"}],"version-history":[{"count":1,"href":"https:\/\/bfb.pantamedia.de\/wordpress\/wp-json\/wp\/v2\/pages\/1388\/revisions"}],"predecessor-version":[{"id":1389,"href":"https:\/\/bfb.pantamedia.de\/wordpress\/wp-json\/wp\/v2\/pages\/1388\/revisions\/1389"}],"up":[{"embeddable":true,"href":"https:\/\/bfb.pantamedia.de\/wordpress\/wp-json\/wp\/v2\/pages\/1383"}],"wp:attachment":[{"href":"https:\/\/bfb.pantamedia.de\/wordpress\/wp-json\/wp\/v2\/media?parent=1388"}],"curies":[{"name":"wp","href":"https:\/\/api.w.org\/{rel}","templated":true}]}}