{"id":1373,"date":"2017-09-19T15:09:04","date_gmt":"2017-09-19T13:09:04","guid":{"rendered":"https:\/\/www.freie-berufe.de\/wordpress\/?page_id=1373"},"modified":"2021-05-04T09:17:29","modified_gmt":"2021-05-04T07:17:29","slug":"anerkennung-auslaendischer-berufsabschluesse","status":"publish","type":"page","link":"https:\/\/bfb.pantamedia.de\/wordpress\/themen\/bildung\/anerkennung-auslaendischer-berufsabschluesse\/","title":{"rendered":"Anerkennung ausl\u00e4ndischer Berufsabschl\u00fcsse"},"content":{"rendered":"<p>Mit dem Anerkennungsgesetz, das zum 1. April 2012 in Kraft getreten ist, sollen die <a class=\"external-link-new-window\" title=\"Opens external link in new window\" href=\"http:\/\/www.anerkennung-in-deutschland.de\/html\/de\/\">Anerkennung ausl\u00e4ndischer Berufsabschl\u00fcsse<\/a> erleichtert und die Integration von qualifizierten Migrantinnen und Migranten und von ausl\u00e4ndischen Fachkr\u00e4ften in den deutschen Arbeitsmarkt gef\u00f6rdert werden.<\/p>\n<p>Ziel des Anerkennungsgesetzes ist, die Anerkennung ausl\u00e4ndischer Qualifikationen zu erleichtern. Damit soll der Standort Deutschland auch f\u00fcr qualifizierte Zuwanderer attraktiver werden. Durch das Anerkennungsgesetz werden die Strukturen und Verfahren zur Bewertung von im Ausland erworbenen beruflichen Qualifikationen weiter ge\u00f6ffnet, vereinfacht und verbessert.<\/p>\n<p>Das Gesetz gilt insgesamt f\u00fcr rund 430 Berufe, darunter die etwa 330 Ausbildungsberufe im dualen System gem\u00e4\u00df Berufsbildungsgesetz (BBiG) und Handwerksordnung (HWO), die insbesondere \u00fcber das Berufsqualifikationsfeststellungsgesetz (BQFG) als wesentlicher Bestandteil des Anerkennungsgesetzes geregelt werden. Dazu kommen \u00c4nderungen in 63 Fachgesetzen der reglementierten Berufe. Grunds\u00e4tzlich ist das BQFG gegen\u00fcber dem Fachrecht subsidi\u00e4r.<\/p>\n<p>Das Gesetz umfasst insoweit die nicht-reglementierten Berufe. Hierunter fallen die rund 330 Ausbildungsberufe im dualen System wie z. B. die Medizinischen, Zahnmedizinischen und Tiermedizinischen Fachangestellten, die Pharmazeutisch-Kaufm\u00e4nnischen Angestellten, die Rechtsanwalts- und Notarfachangestellten oder die Steuerfachangestellten. F\u00fcr diese Berufe schafft das BQFG erstmals einen allgemeinen Anspruch auf Feststellung der Gleichwertigkeit einer im Ausland erworbenen Berufsqualifikation mit dem vergleichbaren deutschen Abschluss. Dies gab es bisher nur f\u00fcr Sp\u00e4taussiedler.<\/p>\n<p>F\u00fcr die reglementierten Berufe (\u00c4rzte, Zahn\u00e4rzte, Krankenpfleger, Rechtsanw\u00e4lte, Steuerberater usw.) gibt es f\u00fcr Anerkennungen bereits weitgehende Vorgaben des Europarechts (insbesondere EU-Berufsanerkennungsrichtlinie 2005\/36\/EG). Durch das Anerkennungsgesetz werden die im Fachrecht bereits bestehenden Regelungen zur Umsetzung der Richtlinie soweit m\u00f6glich und erforderlich f\u00fcr Menschen bzw. Qualifikationen aus L\u00e4ndern au\u00dferhalb der EU (Drittstaaten) ge\u00f6ffnet.<\/p>\n<p>Nicht vom Anerkennungsgesetz umfasst sind landesrechtlich geregelte Berufe wie z. B. Architekten und Ingenieure, reine Hochschulabschl\u00fcsse, die nicht zu einem reglementierten Beruf hinf\u00fchren, z. B. Unternehmensberater, sowie Schulabschl\u00fcsse. Bez\u00fcglich der landesrechtlich geregelten Berufe sind die L\u00e4nder derzeit dabei, ihre Landesregelungen an das neue Bundesanerkennungsgesetz anzupassen. Das sich in der Abstimmung befindende L\u00e4nder-BQFG \u00fcbernimmt im Wesentlichen das BQFG des Bundes.<\/p>\n<div class=\"csc-header csc-header-n1\">\n<h2 class=\"csc-firstHeader\">Anerkennungsportal<\/h2>\n<\/div>\n<p>Da es in Deutschland keine zentrale Stelle gibt, die f\u00fcr alle Anfragen zur Anerkennung von ausl\u00e4ndischen Berufsabschl\u00fcssen zust\u00e4ndig ist, wurde im Auftrag des Bundesministeriums f\u00fcr Bildung und Forschung (BMBF) das Portal \u201eAnerkennung in Deutschland\u201c aufgebaut (<a class=\"external-link-new-window\" title=\"Opens external link in new window\" href=\"https:\/\/www.bq-portal.de\/de\/seiten\/fuer-unternehmen\">www.anerkennung-in-deutschland.de<\/a>). Dort erhalten Anerkennungssuchende die f\u00fcr ihr Anliegen zust\u00e4ndige Stelle und Antworten auf ihre Fragen zu den Anerkennungsverfahren.<\/p>\n<p>Das Anerkennungsportal richtet sich sowohl an Migrantinnen und Migranten, die bereits in Deutschland leben und eine berufliche Qualifikation im Ausland erworben haben, als auch an Fachkr\u00e4fte im Ausland, die Interesse daran haben, in Deutschland zu arbeiten. Au\u00dferdem unterst\u00fctzt das Portal Beraterinnen und Berater u.a. auch der f\u00fcr die Anerkennung zust\u00e4ndigen Stellen in Fragen beruflicher Anerkennung. Das Portal leitet jeden Anerkennungssuchenden zu der Stelle, die f\u00fcr die Bewertung seines Abschlusses zust\u00e4ndig ist. Dar\u00fcber hinaus bietet es wichtige Informationen zu den rechtlichen Grundlagen und den Anerkennungsverfahren in den einzelnen Berufen.<\/p>\n<div class=\"csc-header csc-header-n1\">\n<h2 class=\"csc-firstHeader\">BQ-Portal<\/h2>\n<\/div>\n<div class=\"csc-textpic csc-textpic-intext-left\">\n<div class=\"csc-textpic-imagewrap\">\n<div class=\"csc-textpic-image csc-textpic-last\"><img loading=\"lazy\" decoding=\"async\" class=\"alignnone size-medium wp-image-8413\" src=\"https:\/\/bfb.pantamedia.de\/wp-content\/uploads\/2021\/05\/b-portal_logo-300x211.png\" alt=\"\" width=\"300\" height=\"211\" srcset=\"https:\/\/bfb.pantamedia.de\/wordpress\/wp-content\/uploads\/2021\/05\/b-portal_logo-300x211.png 300w, https:\/\/bfb.pantamedia.de\/wordpress\/wp-content\/uploads\/2021\/05\/b-portal_logo-1024x722.png 1024w, https:\/\/bfb.pantamedia.de\/wordpress\/wp-content\/uploads\/2021\/05\/b-portal_logo-768x541.png 768w, https:\/\/bfb.pantamedia.de\/wordpress\/wp-content\/uploads\/2021\/05\/b-portal_logo-1536x1083.png 1536w, https:\/\/bfb.pantamedia.de\/wordpress\/wp-content\/uploads\/2021\/05\/b-portal_logo-2048x1444.png 2048w, https:\/\/bfb.pantamedia.de\/wordpress\/wp-content\/uploads\/2021\/05\/b-portal_logo-160x113.png 160w, https:\/\/bfb.pantamedia.de\/wordpress\/wp-content\/uploads\/2021\/05\/b-portal_logo-64x45.png 64w, https:\/\/bfb.pantamedia.de\/wordpress\/wp-content\/uploads\/2021\/05\/b-portal_logo-90x63.png 90w, https:\/\/bfb.pantamedia.de\/wordpress\/wp-content\/uploads\/2021\/05\/b-portal_logo-192x135.png 192w, https:\/\/bfb.pantamedia.de\/wordpress\/wp-content\/uploads\/2021\/05\/b-portal_logo-227x160.png 227w\" sizes=\"(max-width: 300px) 100vw, 300px\" \/><\/div>\n<\/div>\n<div class=\"csc-textpic-text\">\n<p>Das BQ-Portal (<a class=\"external-link-new-window\" title=\"Opens external link in new window\" href=\"http:\/\/www.bq-portal.de\/\" target=\"_blank\" rel=\"noopener\">www.bq-portal.de<\/a>) unterst\u00fctzt Entscheidungstr\u00e4ger bei der Bewertung ausl\u00e4ndischer Berufsabschl\u00fcsse mit umfassenden Informationen zu ausl\u00e4ndischen Berufsqualifikationen. Das BQ-Portal hat insbesondere die dualen Ausbildungsberufe im Fokus und bietet hier den Entscheidungstr\u00e4gern in den zust\u00e4ndigen Stellen \u2013 in der Regel sind dies die berufsst\u00e4ndischen Kammern \u2013 eine wertvolle Unterst\u00fctzung.<\/p>\n<p><img loading=\"lazy\" decoding=\"async\" class=\"alignnone size-medium wp-image-1375\" src=\"https:\/\/bfb.pantamedia.de\/wp-content\/uploads\/2017\/09\/anerkennungsverfahren_10_03-154x300.png\" alt=\"\" width=\"154\" height=\"300\" srcset=\"https:\/\/bfb.pantamedia.de\/wordpress\/wp-content\/uploads\/2017\/09\/anerkennungsverfahren_10_03-154x300.png 154w, https:\/\/bfb.pantamedia.de\/wordpress\/wp-content\/uploads\/2017\/09\/anerkennungsverfahren_10_03-61x120.png 61w, https:\/\/bfb.pantamedia.de\/wordpress\/wp-content\/uploads\/2017\/09\/anerkennungsverfahren_10_03-160x313.png 160w, https:\/\/bfb.pantamedia.de\/wordpress\/wp-content\/uploads\/2017\/09\/anerkennungsverfahren_10_03-82x160.png 82w, https:\/\/bfb.pantamedia.de\/wordpress\/wp-content\/uploads\/2017\/09\/anerkennungsverfahren_10_03.png 520w\" sizes=\"(max-width: 154px) 100vw, 154px\" \/><\/p>\n<\/div>\n<\/div>\n","protected":false},"excerpt":{"rendered":"<p>Mit dem Anerkennungsgesetz, das zum 1. April 2012 in Kraft getreten ist, sollen die Anerkennung ausl\u00e4ndischer [&hellip;]<\/p>\n","protected":false},"author":674,"featured_media":0,"parent":100,"menu_order":4,"comment_status":"closed","ping_status":"closed","template":"","meta":{"footnotes":""},"acf":[],"publishpress_future_action":{"enabled":false,"date":"1970-01-01 01:00:00","action":"","terms":[],"taxonomy":"","browser_timezone_offset":0},"_links":{"self":[{"href":"https:\/\/bfb.pantamedia.de\/wordpress\/wp-json\/wp\/v2\/pages\/1373"}],"collection":[{"href":"https:\/\/bfb.pantamedia.de\/wordpress\/wp-json\/wp\/v2\/pages"}],"about":[{"href":"https:\/\/bfb.pantamedia.de\/wordpress\/wp-json\/wp\/v2\/types\/page"}],"author":[{"embeddable":true,"href":"https:\/\/bfb.pantamedia.de\/wordpress\/wp-json\/wp\/v2\/users\/674"}],"replies":[{"embeddable":true,"href":"https:\/\/bfb.pantamedia.de\/wordpress\/wp-json\/wp\/v2\/comments?post=1373"}],"version-history":[{"count":5,"href":"https:\/\/bfb.pantamedia.de\/wordpress\/wp-json\/wp\/v2\/pages\/1373\/revisions"}],"predecessor-version":[{"id":8415,"href":"https:\/\/bfb.pantamedia.de\/wordpress\/wp-json\/wp\/v2\/pages\/1373\/revisions\/8415"}],"up":[{"embeddable":true,"href":"https:\/\/bfb.pantamedia.de\/wordpress\/wp-json\/wp\/v2\/pages\/100"}],"wp:attachment":[{"href":"https:\/\/bfb.pantamedia.de\/wordpress\/wp-json\/wp\/v2\/media?parent=1373"}],"curies":[{"name":"wp","href":"https:\/\/api.w.org\/{rel}","templated":true}]}}