{"id":1363,"date":"2017-09-19T15:06:09","date_gmt":"2017-09-19T13:06:09","guid":{"rendered":"https:\/\/www.freie-berufe.de\/wordpress\/?page_id=1363"},"modified":"2023-05-31T15:54:58","modified_gmt":"2023-05-31T13:54:58","slug":"allianz-fuer-aus-und-weiterbildung","status":"publish","type":"page","link":"https:\/\/bfb.pantamedia.de\/wordpress\/themen\/bildung\/allianz-fuer-aus-und-weiterbildung\/","title":{"rendered":"Allianz f\u00fcr Aus- und Weiterbildung"},"content":{"rendered":"<p>Die Allianz f\u00fcr Aus- und Weiterbildung vereinbarte am 24. Mai 2023 die inhaltlichen Schwerpunkte f\u00fcr die kommenden vier Jahre. Auf dem Ausbildungsmarkt sind die Herausforderungen seit der Unterzeichnung der letzten Allianzvereinbarung von 2019 nicht geringer geworden: Einen starken Einfluss hatten die Coronapandemie und der russische Angriffskrieg gegen die Ukraine. Hinzu kommen die langfristigen und tiefgreifenden Transformationsprozesse, die den Bedarf nach passend qualifiziertem und ausreichendem Fachkr\u00e4ftenachwuchs erh\u00f6hen.<\/p>\n<p>Vor diesem Hintergrund wollen sich Bund, L\u00e4nder, Wirtschaft und Gewerkschaften in der neuen Allianzperiode verst\u00e4rkt der Phase vor der Ausbildung widmen: dem Ausbau der Berufsorientierung, der Gewinnung von Auszubildenden sowie weiteren Ausbildungsbetrieben und der Optimierung der \u00dcbergangsphase zwischen Schule und Beruf. Die Bundesregierung wird eine Ausbildungsgarantie einf\u00fchren und hat die Exzellenzinitiative Berufliche Bildung gestartet. Die bereits seit 2014 in der Allianz verankerte Chancengarantie f\u00fcr die bis zum 30. September unvermittelten Ausbildungsbewerberinnen- und Bewerber wird fortgef\u00fchrt.<\/p>\n","protected":false},"excerpt":{"rendered":"<p>Die Allianz f\u00fcr Aus- und Weiterbildung vereinbarte am 24. Mai 2023 die inhaltlichen Schwerpunkte f\u00fcr die [&hellip;]<\/p>\n","protected":false},"author":674,"featured_media":0,"parent":100,"menu_order":1,"comment_status":"closed","ping_status":"closed","template":"","meta":{"footnotes":""},"acf":[],"publishpress_future_action":{"enabled":false,"date":"1970-01-01 01:00:00","action":"","terms":[],"taxonomy":"","browser_timezone_offset":0},"_links":{"self":[{"href":"https:\/\/bfb.pantamedia.de\/wordpress\/wp-json\/wp\/v2\/pages\/1363"}],"collection":[{"href":"https:\/\/bfb.pantamedia.de\/wordpress\/wp-json\/wp\/v2\/pages"}],"about":[{"href":"https:\/\/bfb.pantamedia.de\/wordpress\/wp-json\/wp\/v2\/types\/page"}],"author":[{"embeddable":true,"href":"https:\/\/bfb.pantamedia.de\/wordpress\/wp-json\/wp\/v2\/users\/674"}],"replies":[{"embeddable":true,"href":"https:\/\/bfb.pantamedia.de\/wordpress\/wp-json\/wp\/v2\/comments?post=1363"}],"version-history":[{"count":46,"href":"https:\/\/bfb.pantamedia.de\/wordpress\/wp-json\/wp\/v2\/pages\/1363\/revisions"}],"predecessor-version":[{"id":11710,"href":"https:\/\/bfb.pantamedia.de\/wordpress\/wp-json\/wp\/v2\/pages\/1363\/revisions\/11710"}],"up":[{"embeddable":true,"href":"https:\/\/bfb.pantamedia.de\/wordpress\/wp-json\/wp\/v2\/pages\/100"}],"wp:attachment":[{"href":"https:\/\/bfb.pantamedia.de\/wordpress\/wp-json\/wp\/v2\/media?parent=1363"}],"curies":[{"name":"wp","href":"https:\/\/api.w.org\/{rel}","templated":true}]}}