{"id":1358,"date":"2017-09-19T14:56:31","date_gmt":"2017-09-19T12:56:31","guid":{"rendered":"https:\/\/www.freie-berufe.de\/wordpress\/?page_id=1358"},"modified":"2023-03-14T16:16:46","modified_gmt":"2023-03-14T15:16:46","slug":"normung-und-akkreditierung","status":"publish","type":"page","link":"https:\/\/bfb.pantamedia.de\/wordpress\/themen\/qualitaetssicherung-und-berufsrechte\/normung-und-akkreditierung\/","title":{"rendered":"Normung und Akkreditierung"},"content":{"rendered":"<p>Normen und Normung beeinflussen ma\u00dfgeblich Bereiche der Freien Berufe, zum Beispiel im technischen Leistungsbereich der Architekten und Ingenieure oder im Medizintechnik- und Medizinproduktbereich. Zunehmend werden allerdings auch andere Lebens- und T\u00e4tigkeitsbereiche verst\u00e4rkt zu Themen der Normung.<\/p>\n<p>Vielfach wird argumentiert, dass Normung und Akkreditierung als freiwillige Qualit\u00e4tssicherungssysteme weniger eingriffsintensiv im Hinblick auf Marktregulierungen seien. Im Produktbereich hat diese Sicht unzweifelhaft ihre Berechtigung, da einheitliche Standards die marktweite Kompatibilit\u00e4t im europ\u00e4ischen Binnenmarkt sichern k\u00f6nnen.<\/p>\n<p>Anders verh\u00e4lt es sich jedoch bei Dienstleistungen: Dort ist die Qualit\u00e4tssicherung mit Blick auf die freiberuflichen Dienstleistungen nicht durch Normung und Akkreditierung zu gew\u00e4hrleisten. Der Prozess der geistig-ideellen bzw. geistig-sch\u00f6pferischen Leistungserbringung eines Freiberuflers ist nicht beschreibbar und damit auch keiner Normung oder Standardisierung zug\u00e4nglich.<\/p>\n<p>Vor diesem Hintergrund verfolgen der BFB und seine Mitgliedsorganisationen Entwicklungen in der Normung und Akkreditierung von Dienstleistungen auf nationaler und europ\u00e4ischer Ebene und arbeiten kritisch-konstruktiv in verschiedenen Gremien des Deutschen Instituts f\u00fcr Normung (DIN) mit.<\/p>\n","protected":false},"excerpt":{"rendered":"<p>Normen und Normung beeinflussen ma\u00dfgeblich Bereiche der Freien Berufe, zum Beispiel im technischen Leistungsbereich der Architekten [&hellip;]<\/p>\n","protected":false},"author":674,"featured_media":0,"parent":99,"menu_order":0,"comment_status":"closed","ping_status":"closed","template":"","meta":{"footnotes":""},"acf":[],"publishpress_future_action":{"enabled":false,"date":"1970-01-01 01:00:00","action":"","terms":[],"taxonomy":"","browser_timezone_offset":0},"_links":{"self":[{"href":"https:\/\/bfb.pantamedia.de\/wordpress\/wp-json\/wp\/v2\/pages\/1358"}],"collection":[{"href":"https:\/\/bfb.pantamedia.de\/wordpress\/wp-json\/wp\/v2\/pages"}],"about":[{"href":"https:\/\/bfb.pantamedia.de\/wordpress\/wp-json\/wp\/v2\/types\/page"}],"author":[{"embeddable":true,"href":"https:\/\/bfb.pantamedia.de\/wordpress\/wp-json\/wp\/v2\/users\/674"}],"replies":[{"embeddable":true,"href":"https:\/\/bfb.pantamedia.de\/wordpress\/wp-json\/wp\/v2\/comments?post=1358"}],"version-history":[{"count":20,"href":"https:\/\/bfb.pantamedia.de\/wordpress\/wp-json\/wp\/v2\/pages\/1358\/revisions"}],"predecessor-version":[{"id":11415,"href":"https:\/\/bfb.pantamedia.de\/wordpress\/wp-json\/wp\/v2\/pages\/1358\/revisions\/11415"}],"up":[{"embeddable":true,"href":"https:\/\/bfb.pantamedia.de\/wordpress\/wp-json\/wp\/v2\/pages\/99"}],"wp:attachment":[{"href":"https:\/\/bfb.pantamedia.de\/wordpress\/wp-json\/wp\/v2\/media?parent=1358"}],"curies":[{"name":"wp","href":"https:\/\/api.w.org\/{rel}","templated":true}]}}