{"id":1349,"date":"2017-09-19T14:43:22","date_gmt":"2017-09-19T12:43:22","guid":{"rendered":"https:\/\/www.freie-berufe.de\/wordpress\/?page_id=1349"},"modified":"2023-03-14T16:12:13","modified_gmt":"2023-03-14T15:12:13","slug":"verschwiegenheitspflichten","status":"publish","type":"page","link":"https:\/\/bfb.pantamedia.de\/wordpress\/themen\/qualitaetssicherung-und-berufsrechte\/rechtsrahmen-und-berufsrechte\/verschwiegenheitspflichten\/","title":{"rendered":"Verschwiegenheitspflichten"},"content":{"rendered":"<p>F\u00fcr Freie Berufe hat der Schutz des Vertrauensverh\u00e4ltnisses zu ihren Klienten oberste Priorit\u00e4t. Dazu geh\u00f6rt die absolute Verschwiegenheit im Sinne der Wahrung des Berufsgeheimnisses, das Eintreten f\u00fcr die wohlverstandenen Interessen der Klienten und das Vermeiden jeglicher Interessenkonflikte. Eine besondere Herausforderung auch f\u00fcr die Freien Berufe wird k\u00fcnftig darin bestehen, die hohen gesetzlichen Anforderungen des Datenschutzes mit den Erfordernissen der umfassenden Digitalisierung von Wirtschaftsabl\u00e4ufen in \u00dcbereinstimmung zu bringen. Der BFB hat deshalb im Rahmen der Konsultation zum Gesetzentwurf zur Speicherpflicht (und H\u00f6chstspeicherfrist) von Verkehrsdaten eine verdachts- und anlasslose Vorratsdatenspeicherung klar abgelehnt und angeregt, diese so zu \u00fcberarbeiten, dass der Schutz von Berufsgeheimnissen auch k\u00fcnftig gewahrt bleibt. In Abw\u00e4gung eines angemessenen Verh\u00e4ltnisses von Schutz und Sicherheit auf der einen und Freiheit und Rechtsstaat auf der anderen Seite, muss die vorsorgliche anlasslose Speicherung aller Verkehrsdaten absolute Ausnahme bleiben.<\/p>\n","protected":false},"excerpt":{"rendered":"<p>F\u00fcr Freie Berufe hat der Schutz des Vertrauensverh\u00e4ltnisses zu ihren Klienten oberste Priorit\u00e4t. Dazu geh\u00f6rt die [&hellip;]<\/p>\n","protected":false},"author":674,"featured_media":0,"parent":1337,"menu_order":0,"comment_status":"closed","ping_status":"closed","template":"","meta":{"footnotes":""},"acf":[],"publishpress_future_action":{"enabled":false,"date":"1970-01-01 01:00:00","action":"","terms":[],"taxonomy":"","browser_timezone_offset":0},"_links":{"self":[{"href":"https:\/\/bfb.pantamedia.de\/wordpress\/wp-json\/wp\/v2\/pages\/1349"}],"collection":[{"href":"https:\/\/bfb.pantamedia.de\/wordpress\/wp-json\/wp\/v2\/pages"}],"about":[{"href":"https:\/\/bfb.pantamedia.de\/wordpress\/wp-json\/wp\/v2\/types\/page"}],"author":[{"embeddable":true,"href":"https:\/\/bfb.pantamedia.de\/wordpress\/wp-json\/wp\/v2\/users\/674"}],"replies":[{"embeddable":true,"href":"https:\/\/bfb.pantamedia.de\/wordpress\/wp-json\/wp\/v2\/comments?post=1349"}],"version-history":[{"count":5,"href":"https:\/\/bfb.pantamedia.de\/wordpress\/wp-json\/wp\/v2\/pages\/1349\/revisions"}],"predecessor-version":[{"id":11411,"href":"https:\/\/bfb.pantamedia.de\/wordpress\/wp-json\/wp\/v2\/pages\/1349\/revisions\/11411"}],"up":[{"embeddable":true,"href":"https:\/\/bfb.pantamedia.de\/wordpress\/wp-json\/wp\/v2\/pages\/1337"}],"wp:attachment":[{"href":"https:\/\/bfb.pantamedia.de\/wordpress\/wp-json\/wp\/v2\/media?parent=1349"}],"curies":[{"name":"wp","href":"https:\/\/api.w.org\/{rel}","templated":true}]}}