{"id":1344,"date":"2017-09-19T14:40:30","date_gmt":"2017-09-19T12:40:30","guid":{"rendered":"https:\/\/www.freie-berufe.de\/wordpress\/?page_id=1344"},"modified":"2021-03-10T12:16:36","modified_gmt":"2021-03-10T11:16:36","slug":"uebersichten-zur-qualitaetssicherung","status":"publish","type":"page","link":"https:\/\/bfb.pantamedia.de\/wordpress\/themen\/qualitaetssicherung-und-berufsrechte\/rechtsrahmen-und-berufsrechte\/uebersichten-zur-qualitaetssicherung\/","title":{"rendered":"\u00dcbersichten zur Qualit\u00e4tssicherung"},"content":{"rendered":"<p>Eine \u00dcbersicht zu den bestehenden gesetzlichen und freiwilligen Qualit\u00e4tssicherungsaufgaben der im BFB organisierten verkammerten und nichtverkammerten Berufe finden Sie nachstehend.<\/p>\n","protected":false},"excerpt":{"rendered":"<p>Eine \u00dcbersicht zu den bestehenden gesetzlichen und freiwilligen Qualit\u00e4tssicherungsaufgaben der im BFB organisierten verkammerten und nichtverkammerten [&hellip;]<\/p>\n","protected":false},"author":674,"featured_media":0,"parent":1337,"menu_order":0,"comment_status":"closed","ping_status":"closed","template":"","meta":{"footnotes":""},"acf":[],"publishpress_future_action":{"enabled":false,"date":"1970-01-01 01:00:00","action":"","terms":[],"taxonomy":"","browser_timezone_offset":0},"_links":{"self":[{"href":"https:\/\/bfb.pantamedia.de\/wordpress\/wp-json\/wp\/v2\/pages\/1344"}],"collection":[{"href":"https:\/\/bfb.pantamedia.de\/wordpress\/wp-json\/wp\/v2\/pages"}],"about":[{"href":"https:\/\/bfb.pantamedia.de\/wordpress\/wp-json\/wp\/v2\/types\/page"}],"author":[{"embeddable":true,"href":"https:\/\/bfb.pantamedia.de\/wordpress\/wp-json\/wp\/v2\/users\/674"}],"replies":[{"embeddable":true,"href":"https:\/\/bfb.pantamedia.de\/wordpress\/wp-json\/wp\/v2\/comments?post=1344"}],"version-history":[{"count":11,"href":"https:\/\/bfb.pantamedia.de\/wordpress\/wp-json\/wp\/v2\/pages\/1344\/revisions"}],"predecessor-version":[{"id":8170,"href":"https:\/\/bfb.pantamedia.de\/wordpress\/wp-json\/wp\/v2\/pages\/1344\/revisions\/8170"}],"up":[{"embeddable":true,"href":"https:\/\/bfb.pantamedia.de\/wordpress\/wp-json\/wp\/v2\/pages\/1337"}],"wp:attachment":[{"href":"https:\/\/bfb.pantamedia.de\/wordpress\/wp-json\/wp\/v2\/media?parent=1344"}],"curies":[{"name":"wp","href":"https:\/\/api.w.org\/{rel}","templated":true}]}}