{"id":134,"date":"2017-08-01T16:02:08","date_gmt":"2017-08-01T14:02:08","guid":{"rendered":"https:\/\/localhost\/nihil-unde-velit-in-sed-hic\/initiative-nexxt\/"},"modified":"2022-02-03T10:16:48","modified_gmt":"2022-02-03T09:16:48","slug":"initiative-nexxt","status":"publish","type":"page","link":"https:\/\/bfb.pantamedia.de\/wordpress\/gruendung\/initiative-nexxt\/","title":{"rendered":"Initiative nexxt"},"content":{"rendered":"<p><img loading=\"lazy\" decoding=\"async\" class=\"alignleft size-thumbnail wp-image-845\" src=\"https:\/\/bfb.pantamedia.de\/wp-content\/uploads\/2017\/08\/csm_logo-nexxt_1d4e365936-150x150.png\" alt=\"\" width=\"150\" height=\"150\" \/>Sie wollen sich selbstst\u00e4ndig machen? Wussten Sie, dass die Erfolgsquote um ein Vielfaches gr\u00f6\u00dfer ist, wenn Sie ein bestehendes Unternehmen, eine Praxis oder Kanzlei \u00fcbernehmen? Auch zahlreiche Freiberufler geben altersbedingt in den n\u00e4chsten Jahren ihren &#8222;Betrieb&#8220; auf. F\u00fcr Sie vielleicht die Chance!<\/p>\n<p>&#8222;Nexxt&#8220; ist die gemeinsame Aktionsplattform des Bundesministeriums f\u00fcr Wirtschaft und Energie (BMWK) und der KfW Mittelstandsbank sowie diverser Partnerorganisationen (u.a. auch BFB) zur passgenauen Unternehmensnachfolge im deutschen Mittelstand. Auf den Internetseiten von &#8222;nexxt&#8220; gibt es umfangreiche Unternehmensb\u00f6rsen. Ein Blick darauf lohnt sich.<\/p>\n<p>Weiterf\u00fchrende Informationen erhalten Sie \u00fcber:<br \/>\n<a href=\"https:\/\/www.nexxt-change.org\/DE\/Startseite\/inhalt.html\">www.nexxt.org<\/a><\/p>\n","protected":false},"excerpt":{"rendered":"<p>Sie wollen sich selbstst\u00e4ndig machen? Wussten Sie, dass die Erfolgsquote um ein Vielfaches gr\u00f6\u00dfer ist, wenn [&hellip;]<\/p>\n","protected":false},"author":674,"featured_media":845,"parent":39,"menu_order":25,"comment_status":"closed","ping_status":"closed","template":"","meta":{"footnotes":""},"acf":[],"publishpress_future_action":{"enabled":false,"date":"1970-01-01 01:00:00","action":"","terms":[],"taxonomy":"","browser_timezone_offset":0},"_links":{"self":[{"href":"https:\/\/bfb.pantamedia.de\/wordpress\/wp-json\/wp\/v2\/pages\/134"}],"collection":[{"href":"https:\/\/bfb.pantamedia.de\/wordpress\/wp-json\/wp\/v2\/pages"}],"about":[{"href":"https:\/\/bfb.pantamedia.de\/wordpress\/wp-json\/wp\/v2\/types\/page"}],"author":[{"embeddable":true,"href":"https:\/\/bfb.pantamedia.de\/wordpress\/wp-json\/wp\/v2\/users\/674"}],"replies":[{"embeddable":true,"href":"https:\/\/bfb.pantamedia.de\/wordpress\/wp-json\/wp\/v2\/comments?post=134"}],"version-history":[{"count":5,"href":"https:\/\/bfb.pantamedia.de\/wordpress\/wp-json\/wp\/v2\/pages\/134\/revisions"}],"predecessor-version":[{"id":9850,"href":"https:\/\/bfb.pantamedia.de\/wordpress\/wp-json\/wp\/v2\/pages\/134\/revisions\/9850"}],"up":[{"embeddable":true,"href":"https:\/\/bfb.pantamedia.de\/wordpress\/wp-json\/wp\/v2\/pages\/39"}],"wp:featuredmedia":[{"embeddable":true,"href":"https:\/\/bfb.pantamedia.de\/wordpress\/wp-json\/wp\/v2\/media\/845"}],"wp:attachment":[{"href":"https:\/\/bfb.pantamedia.de\/wordpress\/wp-json\/wp\/v2\/media?parent=134"}],"curies":[{"name":"wp","href":"https:\/\/api.w.org\/{rel}","templated":true}]}}