{"id":1337,"date":"2017-09-19T14:37:11","date_gmt":"2017-09-19T12:37:11","guid":{"rendered":"https:\/\/www.freie-berufe.de\/wordpress\/?page_id=1337"},"modified":"2023-03-14T16:13:51","modified_gmt":"2023-03-14T15:13:51","slug":"rechtsrahmen-und-berufsrechte","status":"publish","type":"page","link":"https:\/\/bfb.pantamedia.de\/wordpress\/themen\/qualitaetssicherung-und-berufsrechte\/rechtsrahmen-und-berufsrechte\/","title":{"rendered":"Rechtsrahmen und Berufsrechte"},"content":{"rendered":"<p>Gesetzliche Definitionen des \u201eFreien Berufs\u201c finden sich auf nationaler Ebene im Partnerschaftsgesellschaftsgesetz (\u00a7 1 Absatz 2 Satz 1 PartGG) und im Einkommensteuergesetz (\u00a7 18 Absatz 1 Nr. 1 Satz 2 EStG).<\/p>\n<p>Auf europ\u00e4ischer Ebene hat der Europ\u00e4ische Gerichtshof freiberufliche T\u00e4tigkeiten als solche definiert, die einen ausgesprochen intellektuellen Charakter haben, eine hohe Qualifikation verlangen und gew\u00f6hnlich einer genauen und strengen berufsst\u00e4ndischen Regelung unterliegen. Dar\u00fcber hinaus habe das pers\u00f6nliche Element eine besondere Bedeutung bei der Aus\u00fcbung einer freiberuflichen T\u00e4tigkeit und die Aus\u00fcbung setze eine gro\u00dfe Selbstst\u00e4ndigkeit bei der Vornahme beruflicher Handlungen voraus. (EuGH C-267\/99, Rdn. 42).<\/p>\n<p>Zusammengefasst gilt:<\/p>\n<ul>\n<li>Freiberufler verf\u00fcgen \u00fcber besondere berufliche Kenntnisse. Diese m\u00fcssen sie in einigen Berufsfeldern (z. B. Kunst) nicht unbedingt durch ein Hochschulstudium erworben haben. Sie k\u00f6nnen sich diese auch im Selbststudium, durch ihre Berufst\u00e4tigkeit oder eine Ausbildung mit staatlichem Abschluss angeeignet haben. Unabh\u00e4ngig davon, wie sie erworben wurden: S\u00e4mtliche Kenntnisse m\u00fcssen in der Regel wissenschaftlich fundiert sein und dem Niveau eines Hochschulstudiums entsprechen.<\/li>\n<\/ul>\n<ul>\n<li>Freiberufler erbringen mit ihren Kenntnissen besondere Dienstleistungen mit hohem Wert z. B. f\u00fcr die Gemeinschaft (wenn sie etwa Kranke heilen).<\/li>\n<\/ul>\n<ul>\n<li>Freiberufler haben bei dieser Arbeit die volle fachliche Entscheidungsfreiheit und sind f\u00fcr die Qualit\u00e4t ihrer Leistung selbst verantwortlich.<\/li>\n<\/ul>\n<ul>\n<li>ihr Einkommen oder ihr Honorar richtet sich h\u00e4ufig nach den Geb\u00fchrenordnungen f\u00fcr die Berufsgruppe, zu der sie geh\u00f6ren.<\/li>\n<\/ul>\n","protected":false},"excerpt":{"rendered":"<p>Gesetzliche Definitionen des \u201eFreien Berufs\u201c finden sich auf nationaler Ebene im Partnerschaftsgesellschaftsgesetz (\u00a7 1 Absatz 2 [&hellip;]<\/p>\n","protected":false},"author":674,"featured_media":0,"parent":99,"menu_order":0,"comment_status":"closed","ping_status":"closed","template":"","meta":{"footnotes":""},"acf":[],"publishpress_future_action":{"enabled":false,"date":"1970-01-01 01:00:00","action":"","terms":[],"taxonomy":"","browser_timezone_offset":0},"_links":{"self":[{"href":"https:\/\/bfb.pantamedia.de\/wordpress\/wp-json\/wp\/v2\/pages\/1337"}],"collection":[{"href":"https:\/\/bfb.pantamedia.de\/wordpress\/wp-json\/wp\/v2\/pages"}],"about":[{"href":"https:\/\/bfb.pantamedia.de\/wordpress\/wp-json\/wp\/v2\/types\/page"}],"author":[{"embeddable":true,"href":"https:\/\/bfb.pantamedia.de\/wordpress\/wp-json\/wp\/v2\/users\/674"}],"replies":[{"embeddable":true,"href":"https:\/\/bfb.pantamedia.de\/wordpress\/wp-json\/wp\/v2\/comments?post=1337"}],"version-history":[{"count":9,"href":"https:\/\/bfb.pantamedia.de\/wordpress\/wp-json\/wp\/v2\/pages\/1337\/revisions"}],"predecessor-version":[{"id":11413,"href":"https:\/\/bfb.pantamedia.de\/wordpress\/wp-json\/wp\/v2\/pages\/1337\/revisions\/11413"}],"up":[{"embeddable":true,"href":"https:\/\/bfb.pantamedia.de\/wordpress\/wp-json\/wp\/v2\/pages\/99"}],"wp:attachment":[{"href":"https:\/\/bfb.pantamedia.de\/wordpress\/wp-json\/wp\/v2\/media?parent=1337"}],"curies":[{"name":"wp","href":"https:\/\/api.w.org\/{rel}","templated":true}]}}