{"id":133,"date":"2017-08-01T16:02:08","date_gmt":"2017-08-01T14:02:08","guid":{"rendered":"https:\/\/localhost\/nihil-unde-velit-in-sed-hic\/foerderprogramme\/"},"modified":"2022-02-03T10:15:51","modified_gmt":"2022-02-03T09:15:51","slug":"foerderprogramme","status":"publish","type":"page","link":"https:\/\/bfb.pantamedia.de\/wordpress\/gruendung\/foerderprogramme\/","title":{"rendered":"F\u00f6rderprogramme"},"content":{"rendered":"<p>\u00dcber die <a href=\"http:\/\/www.foerderdatenbank.de\/\">F\u00f6rderdatenbank <\/a>des BMWK bekommen Sie einen \u00dcberblick \u00fcber alle bundesweiten und regionalen F\u00f6rderprogramme.<\/p>\n<p>Insbesondere f\u00fcr Angeh\u00f6rige der Freien Berufe, die in der Regel nicht auf die von den Banken geforderten Sicherheiten zur\u00fcckgreifen k\u00f6nnen, bieten sich auch sog. <strong>B\u00fcrgschaftsdarlehen<\/strong> an, die von den B\u00fcrgschaftsbanken in den einzelnen Bundesl\u00e4ndern angeboten werden. Einen \u00dcberblick \u00fcber das Angebot der B\u00fcrgschaftsbanken gibt der <a href=\"http:\/\/www.vdb-info.de\/\" target=\"_blank\" rel=\"noopener\">Verband der B\u00fcrgschaftsbanken (VDB)<\/a>.<\/p>\n<p><strong>Wir weisen an dieser Stelle ausdr\u00fccklich darauf hin, dass der BFB selbst keinerlei Zusch\u00fcsse oder F\u00f6rdermittel gew\u00e4hrt.<\/strong><\/p>\n","protected":false},"excerpt":{"rendered":"<p>\u00dcber die F\u00f6rderdatenbank des BMWK bekommen Sie einen \u00dcberblick \u00fcber alle bundesweiten und regionalen F\u00f6rderprogramme. Insbesondere [&hellip;]<\/p>\n","protected":false},"author":674,"featured_media":0,"parent":39,"menu_order":24,"comment_status":"closed","ping_status":"closed","template":"","meta":{"footnotes":""},"acf":[],"publishpress_future_action":{"enabled":false,"date":"1970-01-01 01:00:00","action":"","terms":[],"taxonomy":"","browser_timezone_offset":0},"_links":{"self":[{"href":"https:\/\/bfb.pantamedia.de\/wordpress\/wp-json\/wp\/v2\/pages\/133"}],"collection":[{"href":"https:\/\/bfb.pantamedia.de\/wordpress\/wp-json\/wp\/v2\/pages"}],"about":[{"href":"https:\/\/bfb.pantamedia.de\/wordpress\/wp-json\/wp\/v2\/types\/page"}],"author":[{"embeddable":true,"href":"https:\/\/bfb.pantamedia.de\/wordpress\/wp-json\/wp\/v2\/users\/674"}],"replies":[{"embeddable":true,"href":"https:\/\/bfb.pantamedia.de\/wordpress\/wp-json\/wp\/v2\/comments?post=133"}],"version-history":[{"count":7,"href":"https:\/\/bfb.pantamedia.de\/wordpress\/wp-json\/wp\/v2\/pages\/133\/revisions"}],"predecessor-version":[{"id":9847,"href":"https:\/\/bfb.pantamedia.de\/wordpress\/wp-json\/wp\/v2\/pages\/133\/revisions\/9847"}],"up":[{"embeddable":true,"href":"https:\/\/bfb.pantamedia.de\/wordpress\/wp-json\/wp\/v2\/pages\/39"}],"wp:attachment":[{"href":"https:\/\/bfb.pantamedia.de\/wordpress\/wp-json\/wp\/v2\/media?parent=133"}],"curies":[{"name":"wp","href":"https:\/\/api.w.org\/{rel}","templated":true}]}}