{"id":132,"date":"2017-08-01T16:02:08","date_gmt":"2017-08-01T14:02:08","guid":{"rendered":"https:\/\/localhost\/nihil-unde-velit-in-sed-hic\/finanzierung\/"},"modified":"2021-04-30T10:44:04","modified_gmt":"2021-04-30T08:44:04","slug":"finanzierung","status":"publish","type":"page","link":"https:\/\/bfb.pantamedia.de\/wordpress\/gruendung\/finanzierung\/","title":{"rendered":"Finanzierung und Kreditw\u00e4hrung"},"content":{"rendered":"<p>Gerade Freie Berufe brauchen Finanzierungsmodelle, die als Sicherheiten auch sogenannte \u201eSoft Skills\u201c ber\u00fccksichtigen. So bedarf es besonderer Kenntnisse der Mitarbeiter im Bankgewerbe, um freiberufliche T\u00e4tigkeiten angemessen bewerten zu k\u00f6nnen.<\/p>\n<h3>Deutsche Apotheker- und \u00c4rztebank<\/h3>\n<p>Als zuverl\u00e4ssiger Partner begleitet die apoBank Heilberufler mit einer umfassenden Kredit- und Finanzierungsberatung sowie individuellen Leistungen, die auf deren Bed\u00fcrfnisse abgestimmt sind, <a href=\"http:\/\/www.apobank.de\/unsere-leistungen\/finanzierung-kredit\">www.apobank.de\/unsere-leistungen\/finanzierung-kredit<\/a>.<\/p>\n<p>Neben dem Praxiskredit, weiteren Finanzierungsprodukten und Angeboten zur Immobilienfinanzierung bietet sie beispielsweise f\u00fcr Heilberufler, die den Schritt in die Existenzgr\u00fcndung wagen wollen, einen besonderen Kredit mit Absicherung an, den \u201e<a href=\"https:\/\/www.apobank.de\/unsere-leistungen\/finanzierung-kredit\/existenzgruendungsfinanzierung\">Exi mit Airbag<\/a>\u201c: F\u00fcr den Fall der Er\u00f6ffnung eines Insolvenzverfahrens innerhalb der ersten drei Jahre nach Niederlassung meldet die apoBank Forderungen aus dem Existenzgr\u00fcndungsdarlehen im Verfahren nicht an.<\/p>\n<h3>F\u00f6rderprogramme<\/h3>\n<p>Einen \u00dcberblick \u00fcber die zahlreich existierenden F\u00f6rderprogramme gibt die F\u00f6rderdatenbank des Bundesministeriums f\u00fcr Wirtschaft und Energie <a title=\"Opens external link in new window\" href=\"http:\/\/www.foerderdatenbank.de\/\" target=\"_blank\" rel=\"noopener noreferrer\">www.foerderdatenbank.de<\/a>.<\/p>\n<h3>KfW-Mittelstandsbank<\/h3>\n<p>Die Existenzgr\u00fcnderdarlehen der KfW-Mittelstandsbanksind sind \u00fcber die Hausbank (\u201eHausbankprinzip\u201c) m\u00f6glich.<\/p>\n<p>Informationen und\u00a0\u00dcbersichten \u00fcber die tagesaktuellen Konditionen der einzelnen Programme gibt es direkt bei der <a title=\"Opens external link in new window\" href=\"http:\/\/www.kfw-mittelstandsbank.de\/\" target=\"_blank\" rel=\"noopener noreferrer\">KfW-Mittelstandsbank<\/a>.<\/p>\n<p>Seit Jahren fordert der BFB zur besseren Versorgung der Freien Berufe mit Krediten, dass neue Finanzierungsmodelle entwickelt werden, die als Sicherheiten auch sogenannte \u201eSoft Skills\u201c ber\u00fccksichtigen. Dabei bedarf es auch einer besseren Ausbildung der Mitarbeiter im Bankgewerbe, insbesondere bei der Bewertung freiberuflicher T\u00e4tigkeiten und dem Rating von Freiberuflerpraxen, -kanzleien und \u2013b\u00fcros sowie einer Erweiterung der Entscheidungsspielr\u00e4ume bei der Kreditvergabe.<\/p>\n<h3>B\u00fcrgschaftsbanken<\/h3>\n<p>Insbesondere f\u00fcr Angeh\u00f6rige der Freien Berufe, die in der Regel nicht auf die von den Banken geforderten Sicherheiten zur\u00fcckgreifen k\u00f6nnen,\u00a0bieten sich auch sog. B\u00fcrgschaftsdarlehen an, die von den B\u00fcrgschaftsbanken in den einzelnen Bundesl\u00e4ndern angeboten werden. Einen \u00dcberblick \u00fcber das Angebot der B\u00fcrgschaftsbanken gibt der <a title=\"Opens external link in new window\" href=\"http:\/\/www.vdb-info.de\/\" target=\"_blank\" rel=\"noopener noreferrer\">Verband der B\u00fcrgschaftsbanken (VDB)<\/a>.<\/p>\n","protected":false},"excerpt":{"rendered":"<p>Gerade Freie Berufe brauchen Finanzierungsmodelle, die als Sicherheiten auch sogenannte \u201eSoft Skills\u201c ber\u00fccksichtigen. So bedarf es [&hellip;]<\/p>\n","protected":false},"author":674,"featured_media":0,"parent":39,"menu_order":23,"comment_status":"closed","ping_status":"closed","template":"","meta":{"footnotes":""},"acf":[],"publishpress_future_action":{"enabled":false,"date":"1970-01-01 01:00:00","action":"","terms":[],"taxonomy":"","browser_timezone_offset":0},"_links":{"self":[{"href":"https:\/\/bfb.pantamedia.de\/wordpress\/wp-json\/wp\/v2\/pages\/132"}],"collection":[{"href":"https:\/\/bfb.pantamedia.de\/wordpress\/wp-json\/wp\/v2\/pages"}],"about":[{"href":"https:\/\/bfb.pantamedia.de\/wordpress\/wp-json\/wp\/v2\/types\/page"}],"author":[{"embeddable":true,"href":"https:\/\/bfb.pantamedia.de\/wordpress\/wp-json\/wp\/v2\/users\/674"}],"replies":[{"embeddable":true,"href":"https:\/\/bfb.pantamedia.de\/wordpress\/wp-json\/wp\/v2\/comments?post=132"}],"version-history":[{"count":9,"href":"https:\/\/bfb.pantamedia.de\/wordpress\/wp-json\/wp\/v2\/pages\/132\/revisions"}],"predecessor-version":[{"id":8406,"href":"https:\/\/bfb.pantamedia.de\/wordpress\/wp-json\/wp\/v2\/pages\/132\/revisions\/8406"}],"up":[{"embeddable":true,"href":"https:\/\/bfb.pantamedia.de\/wordpress\/wp-json\/wp\/v2\/pages\/39"}],"wp:attachment":[{"href":"https:\/\/bfb.pantamedia.de\/wordpress\/wp-json\/wp\/v2\/media?parent=132"}],"curies":[{"name":"wp","href":"https:\/\/api.w.org\/{rel}","templated":true}]}}