{"id":1319,"date":"2017-09-18T16:28:48","date_gmt":"2017-09-18T14:28:48","guid":{"rendered":"https:\/\/www.freie-berufe.de\/wordpress\/?page_id=1319"},"modified":"2022-02-03T12:14:03","modified_gmt":"2022-02-03T11:14:03","slug":"bundestagswahl-2021","status":"publish","type":"page","link":"https:\/\/bfb.pantamedia.de\/wordpress\/themen\/standortpolitik\/bundestagswahl-2021\/","title":{"rendered":"Bundestagswahl 2021"},"content":{"rendered":"<p>Im Vorfeld der Bundestagswahl 2021 hat der BFB mit seinen Mitgliedern die Forderungen der Freien Berufe an die n\u00e4chste Bundesregierung und den n\u00e4chsten Bundestag formuliert. Auch wenn sich erst im konkreten Regierungshandeln herauskristallisiert, wie viele Herausforderungen die Ampel-Koalition f\u00fcr die Freien Berufe bereith\u00e4lt, im Koalitionsvertrag sind die Freien Berufe als Gruppe adressiert. Grunds\u00e4tzlich begr\u00fc\u00dft der BFB das Bekenntnis zu den Freien Berufen, die R\u00fcckendeckung f\u00fcr das hiesige System \u201eFreier Beruf\u201c auf europapolitischem Parkett, Erkl\u00e4rungen zur Fachkr\u00e4ftegewinnung, zu Selbstst\u00e4ndigkeit und Gr\u00fcndung sowie zur Alterssicherung: Letztere stellen die bestehenden Strukturen der berufsst\u00e4ndischen Versorgung nicht infrage.<\/p>\n<p><a href=\"https:\/\/www.freie-berufe.de\/presse\/veranstaltungsfotos-und-illustrationen\/bfb-kampagne-im-umfeld-der-koalitionsverhandlung\/\">BFB-Kampagne im Umfeld der Koalitionsverhandlung<\/a><\/p>\n<p><a class=\"button download-btn color-white\" href=\"https:\/\/bfb.pantamedia.de\/wp-content\/uploads\/2022\/02\/dfb_1_2022_Freie-Berufe-im-Koalitionsvertrag.pdf\" target=\"_blank\" rel=\"noopener\" download=\"\">Download<\/a> BFB-Analyse: Freie Berufe im Koalitionsvertrag<\/p>\n<p><a class=\"button download-btn color-white\" href=\"https:\/\/bfb.pantamedia.de\/wp-content\/uploads\/2021\/08\/dfb_03-2021_Thema-Bundestagswahl-2021_Wahlprogramme-in-freiberuflicher-Lesart-1.pdf\" download=\"\">Download<\/a> BFB-Analyse: Wahlprogramme in freiberuflicher Lesart und im Vergleich<\/p>\n<p><a class=\"button download-btn color-white\" href=\"https:\/\/bfb.pantamedia.de\/wp-content\/uploads\/2021\/08\/dfb_03-2021_Thema-Bundestagswahl-2021_BFB-Positionen.pdf\" download=\"\">Download<\/a> BFB-Positionen zur Bundestagswahl 2021<\/p>\n<hr \/>\n<h2>Positionspapiere, Wahlpr\u00fcfsteine und weiteres der BFB-Mitgliedsorganisationen<\/h2>\n<h3><strong>Heilberuflicher Bereich<\/strong><\/h3>\n<p><strong><a href=\"https:\/\/www.abda.de\/themen\/kernpositionen-zur-bundestagswahl-2021\/\" target=\"_blank\" rel=\"noopener\">ABDA &#8211; Bundesvereinigung Deutscher Apothekerverb\u00e4nde e.V.<\/a> <\/strong><\/p>\n<p><strong><a href=\"https:\/\/www.bundesaerztekammer.de\/presse\/pressemitteilungen\/news-detail\/aerzteparlament-fordert-nachbesserung-beim-pandemiemanagement\/\">Bundes\u00e4rztekammer<\/a><\/strong><\/p>\n<p><a href=\"https:\/\/m.tieraerzteverband.de\/bpt\/aktuelles\/meldungen\/Dokumente\/2021-06-15_Forderungen-Bundestagwahl-2021.pdf\"><strong>Bundesverband Praktizierender Tier\u00e4rzte e.V.<\/strong><\/a><\/p>\n<p><a href=\"https:\/\/ifk.de\/verband\/aktuell\/archiv-meldungen\/einzelansicht\/politische-forderungen-des-ifk-zur-bundestagswahl-2021\"><strong>Bundesverband selbstst\u00e4ndiger Physiotherapeuten &#8211; IFK e. V.<\/strong><\/a><\/p>\n<p><a href=\"https:\/\/www.bzaek.de\/fileadmin\/PDFs\/gp\/gp21.pdf\"><strong>Bundeszahn\u00e4rztekammer<\/strong><\/a><\/p>\n<p><a href=\"https:\/\/www.kzbv.de\/agenda-mundgesundheit\"><strong>Kassenzahn\u00e4rztliche Bundesvereinigung<\/strong><\/a><\/p>\n<h3><strong>Rechts-, steuer und wirtschaftsberatender Bereich<br \/>\n<\/strong><\/h3>\n<p><a href=\"https:\/\/www.bvdnet.de\/wp-content\/uploads\/2021\/08\/Forderungen-zur-Wahl_16082021.pdf\"><strong>Berufsverband der Datenschutzbeauftragten Deutschlands (BvD) e.V.<\/strong><\/a><\/p>\n<p><a href=\"https:\/\/www.brak.de\/zur-rechtspolitik\/national\/aktuelles\/kernforderungen-der-brak-fuer-legislaturperiode-und-wahlpruefsteine\/\"><strong>Bundesrechtsanwaltskammer<\/strong><\/a><\/p>\n<p><a href=\"https:\/\/anwaltverein.de\/files\/anwaltverein.de\/downloads\/Sonstiges\/eckpunktepapier-des-dav-zur-bundestagswahl-2021-final.pdf\"><strong>Deutscher Anwaltverein e. V.<\/strong><\/a><\/p>\n<p><strong><a href=\"https:\/\/anwaltverein.de\/files\/anwaltverein.de\/downloads\/Sonstiges\/210518-dav-drb-gemeinsame-thesen-zur-bundestagswahl-2021-a4.pdf\">Deutscher Anwaltverein e. V.<\/a> (mit Deutschem Richterbund)<\/strong><\/p>\n<p><a href=\"https:\/\/www.dstv.de\/wp-content\/uploads\/2021\/04\/DStV-Positionen-zur-Bundestagswahl-2021.pdf\"><strong>Deutscher Steuerberaterverband e.V.<\/strong><\/a><\/p>\n<h3><strong>Technisch-naturwissenschaftlicher Bereich<br \/>\n<\/strong><\/h3>\n<p><a href=\"https:\/\/www.aho.de\/wp-content\/uploads\/2021\/03\/Broschuere_Wahlpruefsteine.pdf\"><strong>Gemeinsames Papier der planenden Berufe<\/strong><\/a><strong>:<\/strong> <strong>AHO, BAK, BIngK, BDA, BDB, BDIA, BDLA, BDVI, BVPI, BVS, VBI, VfA<\/strong><br \/>\nzusammen mit: Deutsche Akademie f\u00fcr St\u00e4dtebau und Landesplanung (DASL), Deutsche Gesellschaft f\u00fcr Nachhaltiges Bauen (DGNB), Verband Deutscher Architekten- und Ingenieurvereine (DAI), Vereinigung f\u00fcr Stadt-, Regional- und Landesplanung (SRL), Verband Deutscher Vermessungs-ingenieure (VDV), Zentralverband der Ingenieurvereine (ZBI)<\/p>\n<p><a href=\"https:\/\/www.baumeister-online.de\/aktuell\/news\/news\/?type=news&amp;item=6435&amp;cHash=034c78527cc2b27d3466443c105ccf9a\"><strong>Bund Deutscher Baumeister, Architekten und Ingenieure e.V. (BDB)<\/strong><\/a><\/p>\n<p><a href=\"https:\/\/www.vbi.de\/aktuelles\/news\/wahlprogramme-der-parteien-veroeffentlicht\/\"><strong>Verband Beratender Ingenieure VBI<\/strong><\/a><\/p>\n<h3><strong>Kultureller Bereich<br \/>\n<\/strong><\/h3>\n<p><a href=\"https:\/\/www.restauratoren.de\/bundestagswahl-2021-wahlpruefsteine-der-parteien-2\/\"><strong>Verband der Restauratoren e. V. (VDR)<\/strong><\/a><\/p>\n<h3><strong>Landesverb\u00e4nde<\/strong><\/h3>\n<p><a href=\"https:\/\/www.freieberufe-bayern.de\/vfb-wahlpruefsteine\/\"><strong>Verband Freier Berufe in Bayern e.V.<\/strong><\/a><\/p>\n","protected":false},"excerpt":{"rendered":"<p>Im Vorfeld der Bundestagswahl 2021 hat der BFB mit seinen Mitgliedern die Forderungen der Freien Berufe [&hellip;]<\/p>\n","protected":false},"author":674,"featured_media":0,"parent":98,"menu_order":1,"comment_status":"closed","ping_status":"closed","template":"","meta":{"footnotes":""},"acf":[],"publishpress_future_action":{"enabled":false,"date":"1970-01-01 01:00:00","action":"","terms":[],"taxonomy":"","browser_timezone_offset":0},"_links":{"self":[{"href":"https:\/\/bfb.pantamedia.de\/wordpress\/wp-json\/wp\/v2\/pages\/1319"}],"collection":[{"href":"https:\/\/bfb.pantamedia.de\/wordpress\/wp-json\/wp\/v2\/pages"}],"about":[{"href":"https:\/\/bfb.pantamedia.de\/wordpress\/wp-json\/wp\/v2\/types\/page"}],"author":[{"embeddable":true,"href":"https:\/\/bfb.pantamedia.de\/wordpress\/wp-json\/wp\/v2\/users\/674"}],"replies":[{"embeddable":true,"href":"https:\/\/bfb.pantamedia.de\/wordpress\/wp-json\/wp\/v2\/comments?post=1319"}],"version-history":[{"count":33,"href":"https:\/\/bfb.pantamedia.de\/wordpress\/wp-json\/wp\/v2\/pages\/1319\/revisions"}],"predecessor-version":[{"id":9855,"href":"https:\/\/bfb.pantamedia.de\/wordpress\/wp-json\/wp\/v2\/pages\/1319\/revisions\/9855"}],"up":[{"embeddable":true,"href":"https:\/\/bfb.pantamedia.de\/wordpress\/wp-json\/wp\/v2\/pages\/98"}],"wp:attachment":[{"href":"https:\/\/bfb.pantamedia.de\/wordpress\/wp-json\/wp\/v2\/media?parent=1319"}],"curies":[{"name":"wp","href":"https:\/\/api.w.org\/{rel}","templated":true}]}}