{"id":1174,"date":"2017-09-13T16:29:47","date_gmt":"2017-09-13T14:29:47","guid":{"rendered":"https:\/\/www.freie-berufe.de\/wordpress\/?page_id=1174"},"modified":"2023-11-21T17:06:50","modified_gmt":"2023-11-21T16:06:50","slug":"der-freie-beruf","status":"publish","type":"page","link":"https:\/\/bfb.pantamedia.de\/wordpress\/presse\/veroeffentlichungen\/der-freie-beruf\/","title":{"rendered":"der freie beruf"},"content":{"rendered":"<p>Hier k\u00f6nnen Sie einen Blick auf das Titelbild der BFB-Mitgliederzeitschrift der freie beruf werfen, das Inhaltsverzeichnis ansehen und einzelne Ausz\u00fcge der aktuellen Ausgabe lesen.<\/p>\n\n<div class=\"frontpage-fakten-content\">\n\n\t\n\t\t\t<div>\n\t\t\t\t\t\t\t\t<div class=\"frontpage-fakten-slide\">\n\t\t\t\t\t<a href=\"https:\/\/bfb.pantamedia.de\/wordpress\/wp-content\/uploads\/2023\/11\/dfb-04-2024_Titel_300ppi_geschuetzt.pdf\" target=\"_blank\" class=\"frontpage-fakten-img-box\">\n\t\t\t\t\t\t<img loading=\"lazy\" decoding=\"async\" width=\"729\" height=\"500\" src=\"https:\/\/bfb.pantamedia.de\/wordpress\/wp-content\/uploads\/2023\/11\/BFB_derfreieberuf_2023-11_Titel.jpg\" class=\"frontpage-fakten-img\" alt=\"\" srcset=\"https:\/\/bfb.pantamedia.de\/wordpress\/wp-content\/uploads\/2023\/11\/BFB_derfreieberuf_2023-11_Titel.jpg 729w, https:\/\/bfb.pantamedia.de\/wordpress\/wp-content\/uploads\/2023\/11\/BFB_derfreieberuf_2023-11_Titel-300x206.jpg 300w, https:\/\/bfb.pantamedia.de\/wordpress\/wp-content\/uploads\/2023\/11\/BFB_derfreieberuf_2023-11_Titel-160x110.jpg 160w, https:\/\/bfb.pantamedia.de\/wordpress\/wp-content\/uploads\/2023\/11\/BFB_derfreieberuf_2023-11_Titel-66x45.jpg 66w, https:\/\/bfb.pantamedia.de\/wordpress\/wp-content\/uploads\/2023\/11\/BFB_derfreieberuf_2023-11_Titel-90x62.jpg 90w, https:\/\/bfb.pantamedia.de\/wordpress\/wp-content\/uploads\/2023\/11\/BFB_derfreieberuf_2023-11_Titel-197x135.jpg 197w, https:\/\/bfb.pantamedia.de\/wordpress\/wp-content\/uploads\/2023\/11\/BFB_derfreieberuf_2023-11_Titel-233x160.jpg 233w\" sizes=\"(max-width: 729px) 100vw, 729px\" \/>\t\t\t\t\t<\/a>\n\t\t\t\t\t<div class=\"frontpage-fakten-text-box\">\n\t\t\t\t\t\t<a href=\"https:\/\/bfb.pantamedia.de\/wordpress\/wp-content\/uploads\/2023\/11\/dfb-04-2024_Titel_300ppi_geschuetzt.pdf\" target=\"_blank\"\n\t\t\t\t\t\t   class=\"frontpage-fakten-h\">Ausgabe 4 | 2023<\/a>\n\t\t\t\t\t\t<div class=\"frontpage-fakten-p\"><p>Die aktuelle Ausgabe von \u201eder freie beruf\u201c nimmt \u201egleichwertige Lebensverh\u00e4ltnisse\u201c in den Blick. Aus den Reihen der Freien Berufe werden deren Beitr\u00e4ge zur Integration herausgestellt.<\/p>\n<\/div>\n\t\t\t\t\t\t<a href=\"https:\/\/bfb.pantamedia.de\/wordpress\/wp-content\/uploads\/2023\/11\/dfb-04-2024_Titel_300ppi_geschuetzt.pdf\" target=\"_blank\" type=\"button\"\n\t\t\t\t\t\t   class=\"button frontpage-button frontpage-button-fakten\">MEHR\n\t\t\t\t\t\t\tERFAHREN\n\t\t\t\t\t\t<\/a>\n\t\t\t\t\t<\/div>\n\t\t\t\t<\/div><!-- .frontpage-fakten-slide -->\n\t\t\t<\/div>\n\t\t\n\t\t\t<div>\n\t\t\t\t\t\t\t\t<div class=\"frontpage-fakten-slide\">\n\t\t\t\t\t<a href=\"https:\/\/bfb.pantamedia.de\/wordpress\/wp-content\/uploads\/2023\/11\/dfb-04-2024_Inhalt_300ppi_geschuetzt.pdf\" target=\"_blank\" class=\"frontpage-fakten-img-box\">\n\t\t\t\t\t\t<img loading=\"lazy\" decoding=\"async\" width=\"729\" height=\"500\" src=\"https:\/\/bfb.pantamedia.de\/wordpress\/wp-content\/uploads\/2023\/11\/BFB_derfreieberuf_2023-11_Inhalt.jpg\" class=\"frontpage-fakten-img\" alt=\"\" srcset=\"https:\/\/bfb.pantamedia.de\/wordpress\/wp-content\/uploads\/2023\/11\/BFB_derfreieberuf_2023-11_Inhalt.jpg 729w, https:\/\/bfb.pantamedia.de\/wordpress\/wp-content\/uploads\/2023\/11\/BFB_derfreieberuf_2023-11_Inhalt-300x206.jpg 300w, https:\/\/bfb.pantamedia.de\/wordpress\/wp-content\/uploads\/2023\/11\/BFB_derfreieberuf_2023-11_Inhalt-160x110.jpg 160w, https:\/\/bfb.pantamedia.de\/wordpress\/wp-content\/uploads\/2023\/11\/BFB_derfreieberuf_2023-11_Inhalt-66x45.jpg 66w, https:\/\/bfb.pantamedia.de\/wordpress\/wp-content\/uploads\/2023\/11\/BFB_derfreieberuf_2023-11_Inhalt-90x62.jpg 90w, https:\/\/bfb.pantamedia.de\/wordpress\/wp-content\/uploads\/2023\/11\/BFB_derfreieberuf_2023-11_Inhalt-197x135.jpg 197w, https:\/\/bfb.pantamedia.de\/wordpress\/wp-content\/uploads\/2023\/11\/BFB_derfreieberuf_2023-11_Inhalt-233x160.jpg 233w\" sizes=\"(max-width: 729px) 100vw, 729px\" \/>\t\t\t\t\t<\/a>\n\t\t\t\t\t<div class=\"frontpage-fakten-text-box\">\n\t\t\t\t\t\t<a href=\"https:\/\/bfb.pantamedia.de\/wordpress\/wp-content\/uploads\/2023\/11\/dfb-04-2024_Inhalt_300ppi_geschuetzt.pdf\" target=\"_blank\"\n\t\t\t\t\t\t   class=\"frontpage-fakten-h\">Inhalt<\/a>\n\t\t\t\t\t\t<div class=\"frontpage-fakten-p\"><p>Lesen Sie das Inhaltsverzeichnis zur aktuellen Ausgabe.<\/p>\n<\/div>\n\t\t\t\t\t\t<a href=\"https:\/\/bfb.pantamedia.de\/wordpress\/wp-content\/uploads\/2023\/11\/dfb-04-2024_Inhalt_300ppi_geschuetzt.pdf\" target=\"_blank\" type=\"button\"\n\t\t\t\t\t\t   class=\"button frontpage-button frontpage-button-fakten\">MEHR\n\t\t\t\t\t\t\tERFAHREN\n\t\t\t\t\t\t<\/a>\n\t\t\t\t\t<\/div>\n\t\t\t\t<\/div><!-- .frontpage-fakten-slide -->\n\t\t\t<\/div>\n\t\t\n\t\t\t<div>\n\t\t\t\t\t\t\t\t<div class=\"frontpage-fakten-slide\">\n\t\t\t\t\t<a href=\"https:\/\/bfb.pantamedia.de\/wordpress\/wp-content\/uploads\/2023\/11\/dfb-04-2024_Thema-BMI_300ppi_geschuetzt.pdf\" target=\"_blank\" class=\"frontpage-fakten-img-box\">\n\t\t\t\t\t\t<img loading=\"lazy\" decoding=\"async\" width=\"729\" height=\"500\" src=\"https:\/\/bfb.pantamedia.de\/wordpress\/wp-content\/uploads\/2023\/11\/BFB_derfreieberuf_2023-11_Thema-BMI.jpg\" class=\"frontpage-fakten-img\" alt=\"\" srcset=\"https:\/\/bfb.pantamedia.de\/wordpress\/wp-content\/uploads\/2023\/11\/BFB_derfreieberuf_2023-11_Thema-BMI.jpg 729w, https:\/\/bfb.pantamedia.de\/wordpress\/wp-content\/uploads\/2023\/11\/BFB_derfreieberuf_2023-11_Thema-BMI-300x206.jpg 300w, https:\/\/bfb.pantamedia.de\/wordpress\/wp-content\/uploads\/2023\/11\/BFB_derfreieberuf_2023-11_Thema-BMI-160x110.jpg 160w, https:\/\/bfb.pantamedia.de\/wordpress\/wp-content\/uploads\/2023\/11\/BFB_derfreieberuf_2023-11_Thema-BMI-66x45.jpg 66w, https:\/\/bfb.pantamedia.de\/wordpress\/wp-content\/uploads\/2023\/11\/BFB_derfreieberuf_2023-11_Thema-BMI-90x62.jpg 90w, https:\/\/bfb.pantamedia.de\/wordpress\/wp-content\/uploads\/2023\/11\/BFB_derfreieberuf_2023-11_Thema-BMI-197x135.jpg 197w, https:\/\/bfb.pantamedia.de\/wordpress\/wp-content\/uploads\/2023\/11\/BFB_derfreieberuf_2023-11_Thema-BMI-233x160.jpg 233w\" sizes=\"(max-width: 729px) 100vw, 729px\" \/>\t\t\t\t\t<\/a>\n\t\t\t\t\t<div class=\"frontpage-fakten-text-box\">\n\t\t\t\t\t\t<a href=\"https:\/\/bfb.pantamedia.de\/wordpress\/wp-content\/uploads\/2023\/11\/dfb-04-2024_Thema-BMI_300ppi_geschuetzt.pdf\" target=\"_blank\"\n\t\t\t\t\t\t   class=\"frontpage-fakten-h\"><\/a>\n\t\t\t\t\t\t<div class=\"frontpage-fakten-p\"><p>F\u00fcr Nancy Faeser (SPD), Bundesministerin des Innern und f\u00fcr Heimat, sichern Freiberuflerinnen und Freiberufler elementare Teile der Daseinsvorsorge und sind Wegbereiterinnen und Wegbereiter gleichwertiger Lebensverh\u00e4ltnisse.<\/p>\n<\/div>\n\t\t\t\t\t\t<a href=\"https:\/\/bfb.pantamedia.de\/wordpress\/wp-content\/uploads\/2023\/11\/dfb-04-2024_Thema-BMI_300ppi_geschuetzt.pdf\" target=\"_blank\" type=\"button\"\n\t\t\t\t\t\t   class=\"button frontpage-button frontpage-button-fakten\">MEHR\n\t\t\t\t\t\t\tERFAHREN\n\t\t\t\t\t\t<\/a>\n\t\t\t\t\t<\/div>\n\t\t\t\t<\/div><!-- .frontpage-fakten-slide -->\n\t\t\t<\/div>\n\t\t\n\t\t\t<div>\n\t\t\t\t\t\t\t\t<div class=\"frontpage-fakten-slide\">\n\t\t\t\t\t<a href=\"https:\/\/bfb.pantamedia.de\/wordpress\/wp-content\/uploads\/2023\/11\/dfb-04-2024_Thema-Destatis_300ppi_geschuetzt.pdf\" target=\"_blank\" class=\"frontpage-fakten-img-box\">\n\t\t\t\t\t\t<img loading=\"lazy\" decoding=\"async\" width=\"729\" height=\"500\" src=\"https:\/\/bfb.pantamedia.de\/wordpress\/wp-content\/uploads\/2023\/11\/BFB_derfreieberuf_2023-11_Thema-Destatis.jpg\" class=\"frontpage-fakten-img\" alt=\"\" srcset=\"https:\/\/bfb.pantamedia.de\/wordpress\/wp-content\/uploads\/2023\/11\/BFB_derfreieberuf_2023-11_Thema-Destatis.jpg 729w, https:\/\/bfb.pantamedia.de\/wordpress\/wp-content\/uploads\/2023\/11\/BFB_derfreieberuf_2023-11_Thema-Destatis-300x206.jpg 300w, https:\/\/bfb.pantamedia.de\/wordpress\/wp-content\/uploads\/2023\/11\/BFB_derfreieberuf_2023-11_Thema-Destatis-160x110.jpg 160w, https:\/\/bfb.pantamedia.de\/wordpress\/wp-content\/uploads\/2023\/11\/BFB_derfreieberuf_2023-11_Thema-Destatis-66x45.jpg 66w, https:\/\/bfb.pantamedia.de\/wordpress\/wp-content\/uploads\/2023\/11\/BFB_derfreieberuf_2023-11_Thema-Destatis-90x62.jpg 90w, https:\/\/bfb.pantamedia.de\/wordpress\/wp-content\/uploads\/2023\/11\/BFB_derfreieberuf_2023-11_Thema-Destatis-197x135.jpg 197w, https:\/\/bfb.pantamedia.de\/wordpress\/wp-content\/uploads\/2023\/11\/BFB_derfreieberuf_2023-11_Thema-Destatis-233x160.jpg 233w\" sizes=\"(max-width: 729px) 100vw, 729px\" \/>\t\t\t\t\t<\/a>\n\t\t\t\t\t<div class=\"frontpage-fakten-text-box\">\n\t\t\t\t\t\t<a href=\"https:\/\/bfb.pantamedia.de\/wordpress\/wp-content\/uploads\/2023\/11\/dfb-04-2024_Thema-Destatis_300ppi_geschuetzt.pdf\" target=\"_blank\"\n\t\t\t\t\t\t   class=\"frontpage-fakten-h\"><\/a>\n\t\t\t\t\t\t<div class=\"frontpage-fakten-p\"><p>Dr. Ruth Brand, Pr\u00e4sidentin des Statistischen Bundesamtes, beschreibt den Wert statistischer Daten, die sowohl Entscheidungen wie die Wahl des Firmensitzes oder des Wohnorts beeinflussen k\u00f6nnen, aber auch f\u00fcr politische Weichenstellungen relevant sind.<\/p>\n<\/div>\n\t\t\t\t\t\t<a href=\"https:\/\/bfb.pantamedia.de\/wordpress\/wp-content\/uploads\/2023\/11\/dfb-04-2024_Thema-Destatis_300ppi_geschuetzt.pdf\" target=\"_blank\" type=\"button\"\n\t\t\t\t\t\t   class=\"button frontpage-button frontpage-button-fakten\">MEHR\n\t\t\t\t\t\t\tERFAHREN\n\t\t\t\t\t\t<\/a>\n\t\t\t\t\t<\/div>\n\t\t\t\t<\/div><!-- .frontpage-fakten-slide -->\n\t\t\t<\/div>\n\t\t\n\t\t\t<div>\n\t\t\t\t\t\t\t\t<div class=\"frontpage-fakten-slide\">\n\t\t\t\t\t<a href=\"https:\/\/bfb.pantamedia.de\/wordpress\/wp-content\/uploads\/2023\/11\/dfb-04-2024_Thema-BBSR_300ppi_geschuetzt.pdf\" target=\"_blank\" class=\"frontpage-fakten-img-box\">\n\t\t\t\t\t\t<img loading=\"lazy\" decoding=\"async\" width=\"729\" height=\"500\" src=\"https:\/\/bfb.pantamedia.de\/wordpress\/wp-content\/uploads\/2023\/11\/BFB_derfreieberuf_2023-11_Thema_BBSR.jpg\" class=\"frontpage-fakten-img\" alt=\"\" srcset=\"https:\/\/bfb.pantamedia.de\/wordpress\/wp-content\/uploads\/2023\/11\/BFB_derfreieberuf_2023-11_Thema_BBSR.jpg 729w, https:\/\/bfb.pantamedia.de\/wordpress\/wp-content\/uploads\/2023\/11\/BFB_derfreieberuf_2023-11_Thema_BBSR-300x206.jpg 300w, https:\/\/bfb.pantamedia.de\/wordpress\/wp-content\/uploads\/2023\/11\/BFB_derfreieberuf_2023-11_Thema_BBSR-160x110.jpg 160w, https:\/\/bfb.pantamedia.de\/wordpress\/wp-content\/uploads\/2023\/11\/BFB_derfreieberuf_2023-11_Thema_BBSR-66x45.jpg 66w, https:\/\/bfb.pantamedia.de\/wordpress\/wp-content\/uploads\/2023\/11\/BFB_derfreieberuf_2023-11_Thema_BBSR-90x62.jpg 90w, https:\/\/bfb.pantamedia.de\/wordpress\/wp-content\/uploads\/2023\/11\/BFB_derfreieberuf_2023-11_Thema_BBSR-197x135.jpg 197w, https:\/\/bfb.pantamedia.de\/wordpress\/wp-content\/uploads\/2023\/11\/BFB_derfreieberuf_2023-11_Thema_BBSR-233x160.jpg 233w\" sizes=\"(max-width: 729px) 100vw, 729px\" \/>\t\t\t\t\t<\/a>\n\t\t\t\t\t<div class=\"frontpage-fakten-text-box\">\n\t\t\t\t\t\t<a href=\"https:\/\/bfb.pantamedia.de\/wordpress\/wp-content\/uploads\/2023\/11\/dfb-04-2024_Thema-BBSR_300ppi_geschuetzt.pdf\" target=\"_blank\"\n\t\t\t\t\t\t   class=\"frontpage-fakten-h\"><\/a>\n\t\t\t\t\t\t<div class=\"frontpage-fakten-p\"><p>Dr. Markus Eltges, Direktor des Bundesinstituts f\u00fcr Bau-, Stadt- und Raumforschung, empfiehlt, die Raumblindheit vieler Fachpolitiken zu \u00fcberwinden, regionale Disparit\u00e4ten zu fokussieren, um gezielt handeln und Ungleichheiten abbauen zu k\u00f6nnen.<\/p>\n<\/div>\n\t\t\t\t\t\t<a href=\"https:\/\/bfb.pantamedia.de\/wordpress\/wp-content\/uploads\/2023\/11\/dfb-04-2024_Thema-BBSR_300ppi_geschuetzt.pdf\" target=\"_blank\" type=\"button\"\n\t\t\t\t\t\t   class=\"button frontpage-button frontpage-button-fakten\">MEHR\n\t\t\t\t\t\t\tERFAHREN\n\t\t\t\t\t\t<\/a>\n\t\t\t\t\t<\/div>\n\t\t\t\t<\/div><!-- .frontpage-fakten-slide -->\n\t\t\t<\/div>\n\t\t\n\t\t\t<div>\n\t\t\t\t\t\t\t\t<div class=\"frontpage-fakten-slide\">\n\t\t\t\t\t<a href=\"https:\/\/bfb.pantamedia.de\/wordpress\/wp-content\/uploads\/2023\/11\/Wissens-Werte-der-freie-beruf_2023_4.Quartal.pdf\" target=\"_blank\" class=\"frontpage-fakten-img-box\">\n\t\t\t\t\t\t<img loading=\"lazy\" decoding=\"async\" width=\"729\" height=\"500\" src=\"https:\/\/bfb.pantamedia.de\/wordpress\/wp-content\/uploads\/2023\/11\/BFB_derfreieberuf_2023-11_Wissenwertes.jpg\" class=\"frontpage-fakten-img\" alt=\"\" srcset=\"https:\/\/bfb.pantamedia.de\/wordpress\/wp-content\/uploads\/2023\/11\/BFB_derfreieberuf_2023-11_Wissenwertes.jpg 729w, https:\/\/bfb.pantamedia.de\/wordpress\/wp-content\/uploads\/2023\/11\/BFB_derfreieberuf_2023-11_Wissenwertes-300x206.jpg 300w, https:\/\/bfb.pantamedia.de\/wordpress\/wp-content\/uploads\/2023\/11\/BFB_derfreieberuf_2023-11_Wissenwertes-160x110.jpg 160w, https:\/\/bfb.pantamedia.de\/wordpress\/wp-content\/uploads\/2023\/11\/BFB_derfreieberuf_2023-11_Wissenwertes-66x45.jpg 66w, https:\/\/bfb.pantamedia.de\/wordpress\/wp-content\/uploads\/2023\/11\/BFB_derfreieberuf_2023-11_Wissenwertes-90x62.jpg 90w, https:\/\/bfb.pantamedia.de\/wordpress\/wp-content\/uploads\/2023\/11\/BFB_derfreieberuf_2023-11_Wissenwertes-197x135.jpg 197w, https:\/\/bfb.pantamedia.de\/wordpress\/wp-content\/uploads\/2023\/11\/BFB_derfreieberuf_2023-11_Wissenwertes-233x160.jpg 233w\" sizes=\"(max-width: 729px) 100vw, 729px\" \/>\t\t\t\t\t<\/a>\n\t\t\t\t\t<div class=\"frontpage-fakten-text-box\">\n\t\t\t\t\t\t<a href=\"https:\/\/bfb.pantamedia.de\/wordpress\/wp-content\/uploads\/2023\/11\/Wissens-Werte-der-freie-beruf_2023_4.Quartal.pdf\" target=\"_blank\"\n\t\t\t\t\t\t   class=\"frontpage-fakten-h\"><\/a>\n\t\t\t\t\t\t<div class=\"frontpage-fakten-p\"><p>Die Wissens-Werte zur Freiberufler-Dichte zeigen: Die Freien Berufe sind tragende S\u00e4ule der Daseinsvorsorge. Auch dies r\u00fcckt sie bei der strukturpolitischen Herausforderung der Schaffung gleichwertiger Lebensverh\u00e4ltnisse ins Zentrum.<\/p>\n<\/div>\n\t\t\t\t\t\t<a href=\"https:\/\/bfb.pantamedia.de\/wordpress\/wp-content\/uploads\/2023\/11\/Wissens-Werte-der-freie-beruf_2023_4.Quartal.pdf\" target=\"_blank\" type=\"button\"\n\t\t\t\t\t\t   class=\"button frontpage-button frontpage-button-fakten\">MEHR\n\t\t\t\t\t\t\tERFAHREN\n\t\t\t\t\t\t<\/a>\n\t\t\t\t\t<\/div>\n\t\t\t\t<\/div><!-- .frontpage-fakten-slide -->\n\t\t\t<\/div>\n\t\t\n<\/div><!-- .frontpage-fakten-content -->\n\n<p>&#8222;der freie beruf&#8220; ist das Mitgliedermagazin des Bundesverbandes der Freien Berufe e. V. (BFB) und erscheint vier Mal im Jahr in einer Auflage von 4.000 St\u00fcck.<\/p>\n<p>Zum exklusiven Kreis der Leserinnen und Leser z\u00e4hlen neben den Spitzenrepr\u00e4sentanten der Freiberufler-Organisationen Entscheider und Meinungsbildner aus den F\u00fchrungsebenen von Politik, Verwaltung, Wirtschaft und Gesellschaft sowie ein Netz von namhaften Kooperationspartnern.<\/p>\n<p>Abonnement\u00a0<a href=\"https:\/\/bfb.pantamedia.de\/wp-content\/uploads\/2017\/08\/Bestellcoupon_Vollabo.pdf\" target=\"_blank\" rel=\"noopener noreferrer\">bestellen<\/a><br \/>\nProbe-Abonnement (2 Ausgaben) <a href=\"https:\/\/bfb.pantamedia.de\/wp-content\/uploads\/2017\/10\/Bestellcoupon-Probeabo_2-Ausgaben.pdf\" target=\"_blank\" rel=\"noopener noreferrer\">bestellen<\/a><\/p>\n<h2>Kontakt zur Redaktion<\/h2>\n<p><strong>Bundesverband der Freien Berufe e. V. (BFB)<br \/>\n<\/strong>Reinhardtstra\u00dfe 34<br \/>\n10117 Berlin<br \/>\nTel.: 030 284444-38<br \/>\nFax: 030 284444-78<br \/>\nE-Mail: <a href=\"mailto:redaktion@der-freie-beruf.de\">redaktion@der-freie-beruf.de<\/a><\/p>\n<p><strong>Petra Kleining, Chefredakteurin<br \/>\n<\/strong>Tel.: 030 284444-39<\/p>\n","protected":false},"excerpt":{"rendered":"<p>Hier k\u00f6nnen Sie einen Blick auf das Titelbild der BFB-Mitgliederzeitschrift der freie beruf werfen, das Inhaltsverzeichnis [&hellip;]<\/p>\n","protected":false},"author":674,"featured_media":0,"parent":1180,"menu_order":1,"comment_status":"closed","ping_status":"closed","template":"","meta":{"footnotes":""},"acf":[],"publishpress_future_action":{"enabled":false,"date":"1970-01-01 01:00:00","action":"","terms":[],"taxonomy":"","browser_timezone_offset":0},"_links":{"self":[{"href":"https:\/\/bfb.pantamedia.de\/wordpress\/wp-json\/wp\/v2\/pages\/1174"}],"collection":[{"href":"https:\/\/bfb.pantamedia.de\/wordpress\/wp-json\/wp\/v2\/pages"}],"about":[{"href":"https:\/\/bfb.pantamedia.de\/wordpress\/wp-json\/wp\/v2\/types\/page"}],"author":[{"embeddable":true,"href":"https:\/\/bfb.pantamedia.de\/wordpress\/wp-json\/wp\/v2\/users\/674"}],"replies":[{"embeddable":true,"href":"https:\/\/bfb.pantamedia.de\/wordpress\/wp-json\/wp\/v2\/comments?post=1174"}],"version-history":[{"count":99,"href":"https:\/\/bfb.pantamedia.de\/wordpress\/wp-json\/wp\/v2\/pages\/1174\/revisions"}],"predecessor-version":[{"id":12246,"href":"https:\/\/bfb.pantamedia.de\/wordpress\/wp-json\/wp\/v2\/pages\/1174\/revisions\/12246"}],"up":[{"embeddable":true,"href":"https:\/\/bfb.pantamedia.de\/wordpress\/wp-json\/wp\/v2\/pages\/1180"}],"wp:attachment":[{"href":"https:\/\/bfb.pantamedia.de\/wordpress\/wp-json\/wp\/v2\/media?parent=1174"}],"curies":[{"name":"wp","href":"https:\/\/api.w.org\/{rel}","templated":true}]}}