{"id":11506,"date":"2023-04-24T11:19:06","date_gmt":"2023-04-24T09:19:06","guid":{"rendered":"https:\/\/www.freie-berufe.de\/?page_id=11506"},"modified":"2023-04-24T12:38:50","modified_gmt":"2023-04-24T10:38:50","slug":"parlamentarischer-dialog","status":"publish","type":"page","link":"https:\/\/bfb.pantamedia.de\/wordpress\/presse\/veranstaltungsfotos-und-illustrationen\/parlamentarischer-dialog\/","title":{"rendered":"Parlamentarischer Dialog"},"content":{"rendered":"<p>BFB-Arbeitskreis \u201eBildung und Fachkr\u00e4fte&#8220; beim Ausschuss f\u00fcr Bildung, Forschung und Technikfolgenabsch\u00e4tzung des Deutschen Bundestages unter Leitung von Kai Gehring MdB (B\u00fcndnis 90\/Die Gr\u00fcnen) am 19. April 2023.<\/p>\n<p>R\u00fcckfragen etwa zu Bildunterschriften an <a href=\"mailto:presse@freie-berufe.de\">presse@freie-berufe.de<\/a><\/p>\n<p>Die Fotos sind unter folgender Angabe frei verwendbar: \u00a9 BFB\/Henning Schacht<\/p>\n<p><a href=\"https:\/\/www.freie-berufe.de\/mitgliedermitteilung\/parlamentarischer-dialog\/\" target=\"_blank\" rel=\"noopener\">Hier<\/a> finden Sie weitere Informationen und die Mitgliedermitteilung zur Veranstaltung.<\/p>\n","protected":false},"excerpt":{"rendered":"<p>BFB-Arbeitskreis \u201eBildung und Fachkr\u00e4fte&#8220; beim Ausschuss f\u00fcr Bildung, Forschung und Technikfolgenabsch\u00e4tzung des Deutschen Bundestages unter Leitung [&hellip;]<\/p>\n","protected":false},"author":674,"featured_media":0,"parent":107,"menu_order":1,"comment_status":"closed","ping_status":"closed","template":"page-fotogalerie.php","meta":{"footnotes":""},"acf":[],"publishpress_future_action":{"enabled":false,"date":"1970-01-01 01:00:00","action":"","terms":[],"taxonomy":"","browser_timezone_offset":0},"_links":{"self":[{"href":"https:\/\/bfb.pantamedia.de\/wordpress\/wp-json\/wp\/v2\/pages\/11506"}],"collection":[{"href":"https:\/\/bfb.pantamedia.de\/wordpress\/wp-json\/wp\/v2\/pages"}],"about":[{"href":"https:\/\/bfb.pantamedia.de\/wordpress\/wp-json\/wp\/v2\/types\/page"}],"author":[{"embeddable":true,"href":"https:\/\/bfb.pantamedia.de\/wordpress\/wp-json\/wp\/v2\/users\/674"}],"replies":[{"embeddable":true,"href":"https:\/\/bfb.pantamedia.de\/wordpress\/wp-json\/wp\/v2\/comments?post=11506"}],"version-history":[{"count":5,"href":"https:\/\/bfb.pantamedia.de\/wordpress\/wp-json\/wp\/v2\/pages\/11506\/revisions"}],"predecessor-version":[{"id":11513,"href":"https:\/\/bfb.pantamedia.de\/wordpress\/wp-json\/wp\/v2\/pages\/11506\/revisions\/11513"}],"up":[{"embeddable":true,"href":"https:\/\/bfb.pantamedia.de\/wordpress\/wp-json\/wp\/v2\/pages\/107"}],"wp:attachment":[{"href":"https:\/\/bfb.pantamedia.de\/wordpress\/wp-json\/wp\/v2\/media?parent=11506"}],"curies":[{"name":"wp","href":"https:\/\/api.w.org\/{rel}","templated":true}]}}