{"id":102,"date":"2017-08-01T15:48:25","date_gmt":"2017-08-01T13:48:25","guid":{"rendered":"https:\/\/localhost\/labore-ut-in-qui-temporibus\/arbeitsmarkt-und-beschaeftigungspolitik\/"},"modified":"2020-07-31T13:39:03","modified_gmt":"2020-07-31T11:39:03","slug":"arbeitsmarkt-und-beschaeftigungspolitik","status":"publish","type":"page","link":"https:\/\/bfb.pantamedia.de\/wordpress\/themen\/arbeitsmarkt-und-beschaeftigungspolitik\/","title":{"rendered":"Arbeitsmarkt- und Besch\u00e4ftigungspolitik"},"content":{"rendered":"<p>Insbesondere vor dem Hintergrund des demografischen Wandels und daraus folgend zunehmender Fachkr\u00e4fteengp\u00e4sse werden ein flexibler Arbeitsmarkt und eine bessere Aussch\u00f6pfung inl\u00e4ndischer Arbeitskr\u00e4fteressourcen immer wichtiger. Der BFB setzt sich dabei f\u00fcr bessere Besch\u00e4ftigungschancen und eine weitere Erh\u00f6hung der Erwerbsbeteiligung von Frauen, \u00e4lteren Arbeitnehmern, Migranten und Menschen mit Behinderungen ein. Deutschland und die Freien Berufe sind dar\u00fcber hinaus aber auch auf qualifizierte Fachkr\u00e4fte aus dem Ausland angewiesen.<\/p>\n","protected":false},"excerpt":{"rendered":"<p>Insbesondere vor dem Hintergrund des demografischen Wandels und daraus folgend zunehmender Fachkr\u00e4fteengp\u00e4sse werden ein flexibler Arbeitsmarkt [&hellip;]<\/p>\n","protected":false},"author":674,"featured_media":461,"parent":34,"menu_order":14,"comment_status":"closed","ping_status":"closed","template":"","meta":{"footnotes":""},"acf":[],"publishpress_future_action":{"enabled":false,"date":"1970-01-01 01:00:00","action":"","terms":[],"taxonomy":"","browser_timezone_offset":0},"_links":{"self":[{"href":"https:\/\/bfb.pantamedia.de\/wordpress\/wp-json\/wp\/v2\/pages\/102"}],"collection":[{"href":"https:\/\/bfb.pantamedia.de\/wordpress\/wp-json\/wp\/v2\/pages"}],"about":[{"href":"https:\/\/bfb.pantamedia.de\/wordpress\/wp-json\/wp\/v2\/types\/page"}],"author":[{"embeddable":true,"href":"https:\/\/bfb.pantamedia.de\/wordpress\/wp-json\/wp\/v2\/users\/674"}],"replies":[{"embeddable":true,"href":"https:\/\/bfb.pantamedia.de\/wordpress\/wp-json\/wp\/v2\/comments?post=102"}],"version-history":[{"count":6,"href":"https:\/\/bfb.pantamedia.de\/wordpress\/wp-json\/wp\/v2\/pages\/102\/revisions"}],"predecessor-version":[{"id":7414,"href":"https:\/\/bfb.pantamedia.de\/wordpress\/wp-json\/wp\/v2\/pages\/102\/revisions\/7414"}],"up":[{"embeddable":true,"href":"https:\/\/bfb.pantamedia.de\/wordpress\/wp-json\/wp\/v2\/pages\/34"}],"wp:featuredmedia":[{"embeddable":true,"href":"https:\/\/bfb.pantamedia.de\/wordpress\/wp-json\/wp\/v2\/media\/461"}],"wp:attachment":[{"href":"https:\/\/bfb.pantamedia.de\/wordpress\/wp-json\/wp\/v2\/media?parent=102"}],"curies":[{"name":"wp","href":"https:\/\/api.w.org\/{rel}","templated":true}]}}