{"id":101,"date":"2017-08-01T15:48:25","date_gmt":"2017-08-01T13:48:25","guid":{"rendered":"https:\/\/localhost\/labore-ut-in-qui-temporibus\/soziale-sicherung\/"},"modified":"2020-07-31T13:37:59","modified_gmt":"2020-07-31T11:37:59","slug":"soziale-sicherung","status":"publish","type":"page","link":"https:\/\/bfb.pantamedia.de\/wordpress\/themen\/soziale-sicherung\/","title":{"rendered":"Soziale Sicherung"},"content":{"rendered":"<p>Bislang gilt Sozialpolitik als beinahe exklusive Angelegenheit der Tarifparteien &#8211; die Freiberufler haben da nichts zu suchen. Warum eigentlich nicht?<\/p>\n<p>In aller Regel und bis auf wenige Ausnahmen ist der Freiberufler als Selbstst\u00e4ndiger &#8211; wie die meisten gewerblichen Selbstst\u00e4ndigen auch &#8211; nicht sozialversicherungspflichtig. Im Prinzip f\u00e4llt die finanzielle Vorsorge f\u00fcr Krankheit, Alter, Arbeitslosigkeit und Unfallschaden in die ureigene Verantwortung des einzelnen Freiberuflers und Selbstst\u00e4ndigen als Individuum, und das muss so bleiben.<\/p>\n<p>Aber: In der pluralistischen Gesellschaft, die dieses Achtzig-Millionen-Volk bildet, darf die wirtschaftliche Bedeutung der Berufsgruppe insgesamt nicht bestritten werden, denn:<\/p>\n<p>Als Arbeitgeber tragen die Selbstst\u00e4ndigen in den Freien Berufen in der Bundesrepublik Deutschland ganz erheblich zur Finanzierung der gesetzlichen Sozialversicherung bei, auch wenn sie f\u00fcr sich selbst meist keine Beitr\u00e4ge entrichten und keine Anspr\u00fcche erwerben.<\/p>\n<p>Sozialpolitik und m\u00f6glichst niedrige Sozialversicherungsbeitr\u00e4ge sind daher auch f\u00fcr die Freien Berufe in ihrer Funktion als Arbeitgeber von gro\u00dfer Bedeutung.<\/p>\n","protected":false},"excerpt":{"rendered":"<p>Bislang gilt Sozialpolitik als beinahe exklusive Angelegenheit der Tarifparteien &#8211; die Freiberufler haben da nichts zu [&hellip;]<\/p>\n","protected":false},"author":674,"featured_media":0,"parent":34,"menu_order":13,"comment_status":"closed","ping_status":"closed","template":"","meta":{"footnotes":""},"acf":[],"publishpress_future_action":{"enabled":false,"date":"1970-01-01 01:00:00","action":"","terms":[],"taxonomy":"","browser_timezone_offset":0},"_links":{"self":[{"href":"https:\/\/bfb.pantamedia.de\/wordpress\/wp-json\/wp\/v2\/pages\/101"}],"collection":[{"href":"https:\/\/bfb.pantamedia.de\/wordpress\/wp-json\/wp\/v2\/pages"}],"about":[{"href":"https:\/\/bfb.pantamedia.de\/wordpress\/wp-json\/wp\/v2\/types\/page"}],"author":[{"embeddable":true,"href":"https:\/\/bfb.pantamedia.de\/wordpress\/wp-json\/wp\/v2\/users\/674"}],"replies":[{"embeddable":true,"href":"https:\/\/bfb.pantamedia.de\/wordpress\/wp-json\/wp\/v2\/comments?post=101"}],"version-history":[{"count":19,"href":"https:\/\/bfb.pantamedia.de\/wordpress\/wp-json\/wp\/v2\/pages\/101\/revisions"}],"predecessor-version":[{"id":7412,"href":"https:\/\/bfb.pantamedia.de\/wordpress\/wp-json\/wp\/v2\/pages\/101\/revisions\/7412"}],"up":[{"embeddable":true,"href":"https:\/\/bfb.pantamedia.de\/wordpress\/wp-json\/wp\/v2\/pages\/34"}],"wp:attachment":[{"href":"https:\/\/bfb.pantamedia.de\/wordpress\/wp-json\/wp\/v2\/media?parent=101"}],"curies":[{"name":"wp","href":"https:\/\/api.w.org\/{rel}","templated":true}]}}