{"id":100,"date":"2017-08-01T15:48:25","date_gmt":"2017-08-01T13:48:25","guid":{"rendered":"https:\/\/localhost\/labore-ut-in-qui-temporibus\/bildung\/"},"modified":"2023-08-24T12:06:02","modified_gmt":"2023-08-24T10:06:02","slug":"bildung","status":"publish","type":"page","link":"https:\/\/bfb.pantamedia.de\/wordpress\/themen\/bildung\/","title":{"rendered":"Bildung"},"content":{"rendered":"<p>Jedes Jahr entscheidet sich etwa die H\u00e4lfte aller Schulabg\u00e4nger in Deutschland f\u00fcr eine Berufsbildung im dualen System, in dem die betriebliche Ausbildung durch den Unterricht in der Berufsschule erg\u00e4nzt wird.<\/p>\n<p>Der Abschluss in einem anerkannten Ausbildungsberuf bedeutet f\u00fcr junge Menschen, eine qualifizierte berufliche T\u00e4tigkeit aus\u00fcben zu k\u00f6nnen und sich eine solide Grundlage f\u00fcr ihre weitere berufliche Entwicklung zu schaffen.<\/p>\n<p>Angeh\u00f6rige der Freien Berufe bieten in Deutschland \u2013 nach Industrie und Handel sowie dem Handwerk \u2013 die drittgr\u00f6\u00dfte Zahl an Lehrstellen an. Derzeit besch\u00e4ftigen die Freien Berufe in Deutschland ca. 129.000 Auszubildende in den nebenstehenden neun Assistenzberufen, die zum direkten Ausbildungsbereich der Freien Berufe z\u00e4hlen.<\/p>\n<p>Daneben werden auch Bauzeichner, Vermessungstechniker und B\u00fcrokaufleute in freiberuflichen Praxen und B\u00fcros ausgebildet. Diese Ausbildungsvertragsverh\u00e4ltnisse werden jedoch bei den hierf\u00fcr zust\u00e4ndigen Industrie- und Handelskammern registriert und damit auch dort statistisch erfasst.<\/p>\n<p>Die Freiberuflerinnen und Freiberufler, die zu 80 Prozent selbst ein Hochschulstudium absolviert haben, bilden dabei in der Regel ihr Assistenzpersonal aus. Die ausgebildeten Mitarbeiterinnen und Mitarbeiter sind unentbehrliche Helfer f\u00fcr die Freiberuflerin und den Freiberufler selbst sowie f\u00fcr deren Patientinnen, Mandanten, Klientinnen und Kunden.<\/p>\n<p>Die Freien Berufe bekennen sich zum dualen Ausbildungssystem und zu den Verpflichtungen der Wirtschaft in diesem System.<\/p>\n<h2>Ausbildungsberufe<\/h2>\n<p>Von den \u00fcber 300 dualen Ausbildungsberufen (rechtliche Grundlage bildet das Berufsbildungsgesetz bzw. die Handwerksordnung) z\u00e4hlen folgende zum Ausbildungsbereich der Freien Berufe:<\/p>\n<ul>\n<li><a href=\"https:\/\/www.bundesaerztekammer.de\/themen\/mfa\" target=\"_blank\" rel=\"noopener\">Medizinische\/r Fachangestellte\/r<\/a><\/li>\n<li><a href=\"https:\/\/www.bzaek.de\/praxisteam\/zahnmedizinische-fachangestellte.html\" target=\"_blank\" rel=\"noopener\">Zahnmedizinische\/r Fachangestellte\/r<\/a><\/li>\n<li><a href=\"https:\/\/web.arbeitsagentur.de\/berufenet\/beruf\/steckbrief\/33214\" target=\"_blank\" rel=\"noopener\">Tiermedizinische\/r Fachangestellte\/r<\/a><\/li>\n<li><a href=\"https:\/\/www.abda.de\/apotheke-in-deutschland\/berufsbilder\/pka\/\" target=\"_blank\" rel=\"noopener\">Pharmazeutisch-Kaufm\u00e4nnische\/r Angestellte\/r<\/a><\/li>\n<li><a href=\"https:\/\/recht-clever.info\/\" target=\"_blank\" rel=\"noopener\">Rechtsanwaltsfachangestellte\/r<\/a><\/li>\n<li><a href=\"https:\/\/recht-clever.info\/ausbildung\/#downloads\" target=\"_blank\" rel=\"noopener\">Rechtsanwalts- und Notarfachangestellte\/r<\/a><\/li>\n<li><a href=\"https:\/\/www.patentanwalt.de\/files\/pak\/pdf\/fachangestellte\/17_11_Berufsbild_ Patentfachangestellte.pdf\" target=\"_blank\" rel=\"noopener\">Patentanwaltsfachangestellte\/r<\/a><\/li>\n<li><a href=\"https:\/\/www.notar.de\/karriere\/mitarbeiter-des-notars\/notarfachangestellte\" target=\"_blank\" rel=\"noopener\">Notarfachangestellte\/r<\/a><\/li>\n<li><a href=\"https:\/\/mehr-als-du-denkst.de\/\" target=\"_blank\" rel=\"noopener\">Steuerfachangestellte\/r<\/a><\/li>\n<\/ul>\n<p>Neben diesen Ausbildungsberufen werden auch <a href=\"https:\/\/web.arbeitsagentur.de\/berufenet\/beruf\/13741\" target=\"_blank\" rel=\"noopener\">Bauzeichner<\/a>, <a href=\"https:\/\/www.bdvi.de\/de\/karriere\/ausbildung\">Vermessungstechniker<\/a> und B\u00fcrokaufleute in freiberuflichen Praxen und B\u00fcros ausgebildet.<\/p>\n<p>Diese Ausbildungsvertragsverh\u00e4ltnisse werden jedoch bei den hierf\u00fcr zust\u00e4ndigen Industrie- und Handelskammern registriert und damit auch dort statistisch erfasst.<\/p>\n","protected":false},"excerpt":{"rendered":"<p>Jedes Jahr entscheidet sich etwa die H\u00e4lfte aller Schulabg\u00e4nger in Deutschland f\u00fcr eine Berufsbildung im dualen [&hellip;]<\/p>\n","protected":false},"author":674,"featured_media":0,"parent":34,"menu_order":12,"comment_status":"closed","ping_status":"closed","template":"","meta":{"footnotes":""},"acf":[],"publishpress_future_action":{"enabled":false,"date":"1970-01-01 01:00:00","action":"","terms":[],"taxonomy":"","browser_timezone_offset":0},"_links":{"self":[{"href":"https:\/\/bfb.pantamedia.de\/wordpress\/wp-json\/wp\/v2\/pages\/100"}],"collection":[{"href":"https:\/\/bfb.pantamedia.de\/wordpress\/wp-json\/wp\/v2\/pages"}],"about":[{"href":"https:\/\/bfb.pantamedia.de\/wordpress\/wp-json\/wp\/v2\/types\/page"}],"author":[{"embeddable":true,"href":"https:\/\/bfb.pantamedia.de\/wordpress\/wp-json\/wp\/v2\/users\/674"}],"replies":[{"embeddable":true,"href":"https:\/\/bfb.pantamedia.de\/wordpress\/wp-json\/wp\/v2\/comments?post=100"}],"version-history":[{"count":41,"href":"https:\/\/bfb.pantamedia.de\/wordpress\/wp-json\/wp\/v2\/pages\/100\/revisions"}],"predecessor-version":[{"id":12015,"href":"https:\/\/bfb.pantamedia.de\/wordpress\/wp-json\/wp\/v2\/pages\/100\/revisions\/12015"}],"up":[{"embeddable":true,"href":"https:\/\/bfb.pantamedia.de\/wordpress\/wp-json\/wp\/v2\/pages\/34"}],"wp:attachment":[{"href":"https:\/\/bfb.pantamedia.de\/wordpress\/wp-json\/wp\/v2\/media?parent=100"}],"curies":[{"name":"wp","href":"https:\/\/api.w.org\/{rel}","templated":true}]}}